{"id":117,"date":"2013-03-14T08:56:58","date_gmt":"2013-03-14T12:56:58","guid":{"rendered":"http:\/\/www.hugoanywhere.ca\/fr\/?page_id=117"},"modified":"2014-08-27T11:40:06","modified_gmt":"2014-08-27T15:40:06","slug":"ambulateurs","status":"publish","type":"page","link":"http:\/\/www.hugoanywhere.ca\/fr\/ambulateurs\/","title":{"rendered":"Ambulateurs"},"content":{"rendered":"<div id=\"attachment_273\" style=\"width: 233px\" class=\"wp-caption alignright\"><a href=\"\/en\/wp-content\/uploads\/2013\/03\/Rollator-by-Hugo-700-959.jpg\"><img loading=\"lazy\" decoding=\"async\" aria-describedby=\"caption-attachment-273\" src=\"\/en\/wp-content\/uploads\/2013\/03\/Rollator-by-Hugo-700-959-223x300.jpg\" alt=\"D\u00e9ambulateur Hugo Elite\" width=\"223\" height=\"300\" class=\"size-medium wp-image-273\" \/><\/a><p id=\"caption-attachment-273\" class=\"wp-caption-text\"><\/p>\n<div align=\"center\">D\u00e9ambulateur Hugo Elite<\/div>\n<p><\/p><\/div>\n<h3>Le d\u00e9ambulateur Hugo<sup>\u00ae<\/sup>, une marchette \u00e0 roulettes, avec si\u00e8ge<\/h3>\n<p>Imaginez une marchette avec 4 roues qui glisse&#8230;<\/p>\n<p>C&rsquo;est ce genre de roulement que les ambulateurs Hugo<sup>\u00ae<\/sup> peuvent faire et c&rsquo;est pourquoi de plus en plus de gens choisissent de se promener sans probl\u00e8me derri\u00e8re un d\u00e9ambulateur Hugo<sup>\u00ae<\/sup>. <\/p>\n<p>Plut\u00f4t que de lever une marchette ou un cadre de marche vers le haut puis vers le bas, puis vers le haut et vers le bas encore, avec l&rsquo;ambulateur Hugo<sup>\u00ae<\/sup>, pour vous d\u00e9placer, vous n&rsquo;avez qu&rsquo;\u00e0 le pousser l\u00e9g\u00e8rement. Si vous avez remarqu\u00e9 que vous vous d\u00e9placez plus facilement et plus agr\u00e9ablement \u00e0 l&rsquo;aide d&rsquo;un panier d&rsquo;\u00e9picerie, vous \u00eates pr\u00eat \u00e0 essayer le d\u00e9ambulateur Hugo<sup>\u00ae<\/sup>. <\/p>\n<p>La marchette avec si\u00e8ge Hugo<sup>\u00ae<\/sup> est id\u00e9ale pour ceux qui pourraient utiliser un peu d&rsquo;aide au niveau de l&rsquo;\u00e9quilibre ou qui veulent effectuer de plus longs d\u00e9placements \u00e0 pied sans se fatiguer. Cet d\u00e9ambulateur rollator est bien adapt\u00e9 pour ceux qui se r\u00e9habilitent suite \u00e0 des blessures, qui traitent de l&rsquo;arthrite grave ou ceux qui ont des conditions qui compromettent leur \u00e9quilibre. Les quatre grandes roues du d\u00e9ambulateur Hugo<sup>\u00ae<\/sup> vous donnent plus de stabilit\u00e9. Cette s\u00e9curit\u00e9 d&rsquo;\u00e9quilibre retrouv\u00e9e vous rend plus confiant et vous permet de marcher plus facilement et plus s\u00fbrement avec l&rsquo;ambulateur, ce qui vous aide \u00e9galement \u00e0 faire l&rsquo;exercice dont vous avez besoin. <\/p>\n<p>L&rsquo;ambulateur Hugo<sup>\u00ae<\/sup> est aussi muni d&rsquo;un si\u00e8ge. Vous avez donc un lieu de repos pr\u00e8s de vous \u00e0 chaque fois que vous \u00e9prouvez le besoin d&rsquo;une pause, peu importe o\u00f9 vous \u00eates, m\u00eame lorsque que vous faites la queue dans un magasin. Vous pouvez vous assoir et vous reposer quand vous le voulez.<\/p>\n<div class=\"fusion-sep-clear\"><\/div><div class=\"fusion-separator fusion-full-width-sep sep-shadow\" style=\"background:radial-gradient(ellipse at 50% -50% , #e0dede 0px, rgba(255, 255, 255, 0) 80%) repeat scroll 0 0 rgba(0, 0, 0, 0);background:-webkit-radial-gradient(ellipse at 50% -50% , #e0dede 0px, rgba(255, 255, 255, 0) 80%) repeat scroll 0 0 rgba(0, 0, 0, 0);background:-moz-radial-gradient(ellipse at 50% -50% , #e0dede 0px, rgba(255, 255, 255, 0) 80%) repeat scroll 0 0 rgba(0, 0, 0, 0);background:-o-radial-gradient(ellipse at 50% -50% , #e0dede 0px, rgba(255, 255, 255, 0) 80%) repeat scroll 0 0 rgba(0, 0, 0, 0);margin-left: auto;margin-right: auto;margin-top:20px;margin-bottom:20px;\"><\/div>\n<h3>Soci\u00e9t\u00e9 canadienne de la scl\u00e9rose en plaques<\/h3>\n<p><img loading=\"lazy\" decoding=\"async\" src=\"http:\/\/www.amgmedical.com\/specials\/OtherIM\/MS_SP_Sticker5.gif\" alt=\"Soci\u00e9t\u00e9 canadienne de la scl\u00e9rose en plaques\" title=\"Soci\u00e9t\u00e9 canadienne de la scl\u00e9rose en plaques\" width=\"300\" height=\"127\" border=\"0\" class=\"imagesdroite\" style=\"padding-bottom:50px; position:relative; top:-10px;\">Nous sommes fiers d&rsquo;annoncer notre partenariat avec la Soci\u00e9t\u00e9 canadienne de la scl\u00e9rose en plaques.<\/p>\n<p>Depuis 2009, une partie du produit de la vente des cannes Hugo<sup>\u00ae<\/sup> et des ambulateurs Hugo<sup>\u00ae<\/sup> est donn\u00e9e \u00e0 la <a href=\"http:\/\/www.scleroseenplaques.ca\/\">Soci\u00e9t\u00e9 canadienne de la scl\u00e9rose en plaques<\/a>. Cette derni\u00e8re apporte son soutien, \u00e0 travers tout le Canada, aux personnes qui souffrent de la scl\u00e9rose en plaques.<\/p>\n","protected":false},"excerpt":{"rendered":"<p> [&hellip;]<\/p>\n","protected":false},"author":3,"featured_media":0,"parent":0,"menu_order":0,"comment_status":"open","ping_status":"open","template":"","meta":{"footnotes":""},"class_list":["post-117","page","type-page","status-publish","hentry"],"_links":{"self":[{"href":"http:\/\/www.hugoanywhere.ca\/fr\/wp-json\/wp\/v2\/pages\/117"}],"collection":[{"href":"http:\/\/www.hugoanywhere.ca\/fr\/wp-json\/wp\/v2\/pages"}],"about":[{"href":"http:\/\/www.hugoanywhere.ca\/fr\/wp-json\/wp\/v2\/types\/page"}],"author":[{"embeddable":true,"href":"http:\/\/www.hugoanywhere.ca\/fr\/wp-json\/wp\/v2\/users\/3"}],"replies":[{"embeddable":true,"href":"http:\/\/www.hugoanywhere.ca\/fr\/wp-json\/wp\/v2\/comments?post=117"}],"version-history":[{"count":0,"href":"http:\/\/www.hugoanywhere.ca\/fr\/wp-json\/wp\/v2\/pages\/117\/revisions"}],"wp:attachment":[{"href":"http:\/\/www.hugoanywhere.ca\/fr\/wp-json\/wp\/v2\/media?parent=117"}],"curies":[{"name":"wp","href":"https:\/\/api.w.org\/{rel}","templated":true}]}}