{"id":2,"date":"2012-12-13T17:24:26","date_gmt":"2012-12-13T17:24:26","guid":{"rendered":"http:\/\/www.hugoanywhere.ca\/blogue\/?page_id=2"},"modified":"2014-08-26T12:35:13","modified_gmt":"2014-08-26T16:35:13","slug":"a-propos","status":"publish","type":"page","link":"http:\/\/www.hugoanywhere.ca\/fr\/a-propos\/","title":{"rendered":"\u00c0 propos"},"content":{"rendered":"<h3>La libert\u00e9, la mobilit\u00e9 et la confiance d&rsquo;\u00eatre actif et de pouvoir aller n&rsquo;importe o\u00f9, n&rsquo;importe quand !<\/h3>\n<p><div id=\"attachment_319\" style=\"width: 310px\" class=\"wp-caption alignright\"><a href=\"\/en\/wp-content\/uploads\/2013\/03\/About-us-Exercise.jpg\"><img loading=\"lazy\" decoding=\"async\" aria-describedby=\"caption-attachment-319\" src=\"\/en\/wp-content\/uploads\/2013\/03\/About-us-Exercise-300x209.jpg\" alt=\"Nous croyons que la vie est faite pour rester actif\" width=\"300\" height=\"209\" class=\"size-medium wp-image-319\" \/><\/a><p id=\"caption-attachment-319\" class=\"wp-caption-text\"><\/p>\n<div align=\"center\">Nous croyons que la vie est faite pour rester actif<\/div>\n<p><\/p><\/div><strong>Nous croyons que la vie est faite pour rester actif<\/strong><\/p>\n<p>Mener une vie ind\u00e9pendante signifie \u00eatre capable de faire ce que vous voulez faire, quand vous voulez le faire. HUGO<sup>\u00ae<\/sup> peut vous aider \u00e0 am\u00e9liorer votre libert\u00e9 de mouvement, ce qui vous permet de fonctionner et de vivre sous vos propres termes. <\/p>\n<p>Pourquoi devriez-vous vous soucier de rester actif, digne et mobile ? Afin de maintenir ou am\u00e9liorer votre qualit\u00e9 de vie ! <\/p>\n<p>Des \u00e9tudes d\u00e9montrent que l&rsquo;exercice peut non seulement am\u00e9liorer votre sant\u00e9 physique, mais aussi votre sant\u00e9 mentale, ainsi que votre sentiment g\u00e9n\u00e9ral de bien-\u00eatre. Le maintien de la mobilit\u00e9 \u00e0 travers la pratique r\u00e9guli\u00e8re d&rsquo;exercice ne requiert pas beaucoup de temps, mais les avantages en valent plus que la peine. <\/p>\n<p>Une mobilit\u00e9 accrue vous rendra plus actif. Et l\u2019augmentation de vos activit\u00e9s physiques peut am\u00e9liorer votre sant\u00e9. Il n&rsquo;est jamais trop tard pour augmenter votre niveau d&rsquo;activit\u00e9 physique. Avec HUGO<sup>\u00ae<\/sup>,vous retrouvez la libert\u00e9 de vous d\u00e9placer partout o\u00f9 vous d\u00e9sirez aller !<\/p>\n","protected":false},"excerpt":{"rendered":"<p> [&hellip;]<\/p>\n","protected":false},"author":3,"featured_media":0,"parent":0,"menu_order":0,"comment_status":"open","ping_status":"open","template":"","meta":{"footnotes":""},"class_list":["post-2","page","type-page","status-publish","hentry"],"_links":{"self":[{"href":"http:\/\/www.hugoanywhere.ca\/fr\/wp-json\/wp\/v2\/pages\/2"}],"collection":[{"href":"http:\/\/www.hugoanywhere.ca\/fr\/wp-json\/wp\/v2\/pages"}],"about":[{"href":"http:\/\/www.hugoanywhere.ca\/fr\/wp-json\/wp\/v2\/types\/page"}],"author":[{"embeddable":true,"href":"http:\/\/www.hugoanywhere.ca\/fr\/wp-json\/wp\/v2\/users\/3"}],"replies":[{"embeddable":true,"href":"http:\/\/www.hugoanywhere.ca\/fr\/wp-json\/wp\/v2\/comments?post=2"}],"version-history":[{"count":0,"href":"http:\/\/www.hugoanywhere.ca\/fr\/wp-json\/wp\/v2\/pages\/2\/revisions"}],"wp:attachment":[{"href":"http:\/\/www.hugoanywhere.ca\/fr\/wp-json\/wp\/v2\/media?parent=2"}],"curies":[{"name":"wp","href":"https:\/\/api.w.org\/{rel}","templated":true}]}}