{"id":200,"date":"2013-04-11T16:01:37","date_gmt":"2013-04-11T20:01:37","guid":{"rendered":"http:\/\/www.hugoanywhere.ca\/fr\/?page_id=200"},"modified":"2014-08-27T12:14:14","modified_gmt":"2014-08-27T16:14:14","slug":"aide-a-la-marche","status":"publish","type":"page","link":"http:\/\/www.hugoanywhere.ca\/fr\/aide-a-la-marche\/","title":{"rendered":"Aide \u00e0 la marche"},"content":{"rendered":"<h3>Aides \u00e0 la marche de Hugo\u00ae<\/h3>\n<p>Hugo\u00ae vous offre des aides \u00e0 la marche de qualit\u00e9 sup\u00e9rieure qui vous permettent de marcher avec plus de s\u00e9curit\u00e9 et plus de confiance, lorsque les conditions hivernales sont glissantes.<\/p>\n<p>Les Crampons \u00e0 neige et les Crampons \u00e0 neige compacts de Hugo\u00ae rendent la marche sur la glace et la neige plus s\u00e9curitaire, ce qui vous permet de marcher avec confiance et avec un risque r\u00e9duit de blessures lorsque vous effectuez votre marche matinale ou quand vous faites une visite au parc. Profitez pleinement de l\u2019hiver avec Hugo\u00ae !<\/p>\n","protected":false},"excerpt":{"rendered":"<p> [&hellip;]<\/p>\n","protected":false},"author":3,"featured_media":0,"parent":0,"menu_order":0,"comment_status":"open","ping_status":"open","template":"","meta":{"footnotes":""},"class_list":["post-200","page","type-page","status-publish","hentry"],"_links":{"self":[{"href":"http:\/\/www.hugoanywhere.ca\/fr\/wp-json\/wp\/v2\/pages\/200"}],"collection":[{"href":"http:\/\/www.hugoanywhere.ca\/fr\/wp-json\/wp\/v2\/pages"}],"about":[{"href":"http:\/\/www.hugoanywhere.ca\/fr\/wp-json\/wp\/v2\/types\/page"}],"author":[{"embeddable":true,"href":"http:\/\/www.hugoanywhere.ca\/fr\/wp-json\/wp\/v2\/users\/3"}],"replies":[{"embeddable":true,"href":"http:\/\/www.hugoanywhere.ca\/fr\/wp-json\/wp\/v2\/comments?post=200"}],"version-history":[{"count":0,"href":"http:\/\/www.hugoanywhere.ca\/fr\/wp-json\/wp\/v2\/pages\/200\/revisions"}],"wp:attachment":[{"href":"http:\/\/www.hugoanywhere.ca\/fr\/wp-json\/wp\/v2\/media?parent=200"}],"curies":[{"name":"wp","href":"https:\/\/api.w.org\/{rel}","templated":true}]}}