{"id":227,"date":"2013-04-16T12:22:25","date_gmt":"2013-04-16T16:22:25","guid":{"rendered":"http:\/\/www.hugoanywhere.ca\/fr\/?page_id=227"},"modified":"2014-08-27T16:25:00","modified_gmt":"2014-08-27T20:25:00","slug":"commentaires","status":"publish","type":"page","link":"http:\/\/www.hugoanywhere.ca\/fr\/commentaires\/","title":{"rendered":"Commentaires"},"content":{"rendered":"<h3>Commentaires des clients ayant achet\u00e9 des produits Hugo<sup>\u00ae<\/sup><\/h3>\n<p><strong>Commentaires recueillis sur les cartes d\u2019enregistrement des produits Hugo\u00ae ou lors de l\u2019enregistrement des produits Hugo\u00ae en ligne<\/strong><\/p>\n<h2><a href=\"\/fr\/contenu\/commentaires-sur-les-ambulateurs-hugo\/\" style=\"color:#43A02A;\"><br \/>\n<img loading=\"lazy\" decoding=\"async\" class=\"imagesgauche\" style=\"padding-bottom:10px; position:relative; top:6px;\" alt=\"Commentaires sur les ambulateurs Hugo\u00ae\" title=\"Commentaires sur les ambulateurs Hugo\u00ae\" src=\"\/hugo-images\/Rollator-Testimonials.jpg\" width=\"130\" height=\"130\" border=\"0\" \/>Commentaires sur les ambulateurs Hugo<sup>\u00ae<\/sup><\/a><\/h2>\n<p>L\u2019ambulateur Hugo\u00ae, c&rsquo;est une marchette \u00e0 4 roues qui glisse\u2026 Avec le d\u00e9ambulateur Hugo\u00ae, pour vous d\u00e9placer, vous n\u2019avez qu\u2019\u00e0 le pousser l\u00e9g\u00e8rement. L\u2019ambulateur Hugo\u00ae est aussi muni d\u2019un si\u00e8ge, \u00e0 chaque fois que vous \u00e9prouvez le besoin d\u2019une pause, peu importe o\u00f9 vous \u00eates, vous pouvez vous reposer.<\/p>\n<div class=\"fusion-sep-clear\"><\/div><div class=\"fusion-separator fusion-full-width-sep sep-shadow\" style=\"background:radial-gradient(ellipse at 50% -50% , #e0dede 0px, rgba(255, 255, 255, 0) 80%) repeat scroll 0 0 rgba(0, 0, 0, 0);background:-webkit-radial-gradient(ellipse at 50% -50% , #e0dede 0px, rgba(255, 255, 255, 0) 80%) repeat scroll 0 0 rgba(0, 0, 0, 0);background:-moz-radial-gradient(ellipse at 50% -50% , #e0dede 0px, rgba(255, 255, 255, 0) 80%) repeat scroll 0 0 rgba(0, 0, 0, 0);background:-o-radial-gradient(ellipse at 50% -50% , #e0dede 0px, rgba(255, 255, 255, 0) 80%) repeat scroll 0 0 rgba(0, 0, 0, 0);margin-left: auto;margin-right: auto;margin-top:20px;margin-bottom:20px;\"><\/div>\n<h2><a href=\"\/fr\/contenu\/commentaires-sur-les-cannes-hugo\/\" style=\"color:#43A02A;\"><br \/>\n<img loading=\"lazy\" decoding=\"async\" class=\"imagesgauche\" style=\"padding-bottom:10px; position:relative; top:6px;\"  alt=\"Commentaires sur les cannes Hugo\u00ae\" title=\"Commentaires sur les cannes Hugo\u00ae\" src=\"\/hugo-images\/Cane-Testimonials.jpg\" width=\"130\" height=\"130\" border=\"0\" \/>Commentaires sur les cannes Hugo<sup>\u00ae<\/sup><\/a><\/h2>\n<p>Les cannes en aluminium Hugo\u00ae fournissent le bon type de support pour aider \u00e0 soulager la douleur, pour vous aider \u00e0 stabiliser votre d\u00e9marche et pour aider \u00e0 prot\u00e9ger vos articulations de l\u2019usure qui conduit \u00e0 des blessures. Elles sont l\u00e9g\u00e8res, ajustables et confortables. Elles vous aident \u00e0 mieux marcher.<\/p>\n","protected":false},"excerpt":{"rendered":"<p> [&hellip;]<\/p>\n","protected":false},"author":3,"featured_media":0,"parent":0,"menu_order":0,"comment_status":"open","ping_status":"open","template":"","meta":{"footnotes":""},"class_list":["post-227","page","type-page","status-publish","hentry"],"_links":{"self":[{"href":"http:\/\/www.hugoanywhere.ca\/fr\/wp-json\/wp\/v2\/pages\/227"}],"collection":[{"href":"http:\/\/www.hugoanywhere.ca\/fr\/wp-json\/wp\/v2\/pages"}],"about":[{"href":"http:\/\/www.hugoanywhere.ca\/fr\/wp-json\/wp\/v2\/types\/page"}],"author":[{"embeddable":true,"href":"http:\/\/www.hugoanywhere.ca\/fr\/wp-json\/wp\/v2\/users\/3"}],"replies":[{"embeddable":true,"href":"http:\/\/www.hugoanywhere.ca\/fr\/wp-json\/wp\/v2\/comments?post=227"}],"version-history":[{"count":0,"href":"http:\/\/www.hugoanywhere.ca\/fr\/wp-json\/wp\/v2\/pages\/227\/revisions"}],"wp:attachment":[{"href":"http:\/\/www.hugoanywhere.ca\/fr\/wp-json\/wp\/v2\/media?parent=227"}],"curies":[{"name":"wp","href":"https:\/\/api.w.org\/{rel}","templated":true}]}}