{"id":301,"date":"2013-04-23T14:29:03","date_gmt":"2013-04-23T18:29:03","guid":{"rendered":"http:\/\/www.hugoanywhere.ca\/fr\/?page_id=301"},"modified":"2014-08-27T12:11:36","modified_gmt":"2014-08-27T16:11:36","slug":"marchettes","status":"publish","type":"page","link":"http:\/\/www.hugoanywhere.ca\/fr\/marchettes\/","title":{"rendered":"Marchettes"},"content":{"rendered":"<h3>Marchettes Hugo<sup>\u00ae<\/sup><\/h3>\n<div id=\"attachment_567\" style=\"width: 118px\" class=\"wp-caption alignright\"><a href=\"http:\/\/www.hugoanywhere.ca\/en\/wp-content\/uploads\/2013\/04\/Hugo-walker.jpg\"><img loading=\"lazy\" decoding=\"async\" aria-describedby=\"caption-attachment-567\" src=\"http:\/\/www.hugoanywhere.ca\/en\/wp-content\/uploads\/2013\/04\/Hugo-walker-108x300.jpg\" alt=\"Marchette l\u00e9g\u00e8re de Hugo\u00ae\" width=\"108\" height=\"300\" class=\"size-medium wp-image-567\" \/><\/a><p id=\"caption-attachment-567\" class=\"wp-caption-text\"><\/p>\n<div align=\"center\" style=\"line-height:normal;\">Marchette l\u00e9g\u00e8re de Hugo<sup>\u00ae<\/sup><\/div>\n<p><\/p><\/div>\n<p>La marchette Hugo<sup>\u00ae<\/sup> est une aide \u00e0 la marche constitu\u00e9e de quatre montants tubulaires en aluminium l\u00e9ger.<\/p>\n<p>Une marchette, commun\u00e9ment appel\u00e9 d\u00e9ambulateur ou cadre de marche, est un appareil qui facilite la mobilit\u00e9  des gens qui ont besoin de soutien apr\u00e8s une blessure ou qui ont besoin d&rsquo;un soutien suppl\u00e9mentaire pour les aider \u00e0 maintenir leur \u00e9quilibre et leur stabilit\u00e9 lorsqu&rsquo;elles doivent marcher.<\/p>\n<p>Apr\u00e8s une chirurgie, une blessure \u00e0 la jambe ou au dos, ou \u00e0 la suite d&rsquo;une maladie, un d\u00e9ambulateur \u00e0 quatre pattes est souvent le meilleur outil pour vous aider \u00e0 marcher en toute s\u00e9curit\u00e9. Dans de nombreux cas, une marchette est le bon dispositif pour vous aider \u00e0 marcher en toute s\u00e9curit\u00e9. Les marchettes offrent plus de stabilit\u00e9 que les cannes ou les cannes quadripodes.<\/p>\n<p>Avant d&rsquo;utiliser une marchette, vous devriez consulter votre m\u00e9decin ou votre physioth\u00e9rapeute afin de vous assurer que vous utilisez le produit de mobilit\u00e9 appropri\u00e9.<\/p>\n<p>La marchette l\u00e9g\u00e8re facile \u00e0 plier de Hugo<sup>\u00ae<\/sup> est con\u00e7ue pour que vous puissiez marcher avec style. Elle est ultral\u00e9g\u00e8re, se plie facilement et de fa\u00e7on tr\u00e8s compacte ce qui vous permet de circuler facilement. Des roues de 20 cm (5 pouces) et des skis sont inclus de telle sorte que vous avez tout sous la main si vous en avez besoin. Vous pouvez donc munir votre marchette de roulettes ou de patins sous les montants de devant si besoin est.<\/p>\n<p>La marchette Hugo<sup>\u00ae<\/sup> offre le support et la stabilit\u00e9 quand vous en avez besoin, \u00e0 l\u2019int\u00e9rieur comme \u00e0 l\u2019ext\u00e9rieur.<\/p>\n","protected":false},"excerpt":{"rendered":"<p> [&hellip;]<\/p>\n","protected":false},"author":3,"featured_media":0,"parent":0,"menu_order":0,"comment_status":"open","ping_status":"open","template":"","meta":{"footnotes":""},"class_list":["post-301","page","type-page","status-publish","hentry"],"_links":{"self":[{"href":"http:\/\/www.hugoanywhere.ca\/fr\/wp-json\/wp\/v2\/pages\/301"}],"collection":[{"href":"http:\/\/www.hugoanywhere.ca\/fr\/wp-json\/wp\/v2\/pages"}],"about":[{"href":"http:\/\/www.hugoanywhere.ca\/fr\/wp-json\/wp\/v2\/types\/page"}],"author":[{"embeddable":true,"href":"http:\/\/www.hugoanywhere.ca\/fr\/wp-json\/wp\/v2\/users\/3"}],"replies":[{"embeddable":true,"href":"http:\/\/www.hugoanywhere.ca\/fr\/wp-json\/wp\/v2\/comments?post=301"}],"version-history":[{"count":0,"href":"http:\/\/www.hugoanywhere.ca\/fr\/wp-json\/wp\/v2\/pages\/301\/revisions"}],"wp:attachment":[{"href":"http:\/\/www.hugoanywhere.ca\/fr\/wp-json\/wp\/v2\/media?parent=301"}],"curies":[{"name":"wp","href":"https:\/\/api.w.org\/{rel}","templated":true}]}}