{"id":391,"date":"2013-05-09T11:04:01","date_gmt":"2013-05-09T15:04:01","guid":{"rendered":"http:\/\/www.hugoanywhere.ca\/fr\/?page_id=391"},"modified":"2017-03-06T08:14:20","modified_gmt":"2017-03-06T13:14:20","slug":"ou-acheter","status":"publish","type":"page","link":"http:\/\/www.hugoanywhere.ca\/fr\/ou-acheter\/","title":{"rendered":"O\u00f9 acheter"},"content":{"rendered":"<h3>O\u00f9 acheter &#8211; Canada<\/h3>\n<p><a href=\"\/fr\/contenu\/ou-acheter-canada\/\">Nos produits sont disponibles dans les pharmacies sp\u00e9cialis\u00e9es et chez les d\u00e9taillants de soins \u00e0 domicile, partout au Canada. Pour plus de renseignements, composez le  <strong>(866) 694-5085<\/strong><\/a> <a href=\"\/fr\/contenu\/ou-acheter-canada\/\"> Plus d&rsquo;info&#8230;<\/a><\/p>\n<h3>O\u00f9 acheter &#8211; \u00c9tats-Unis<\/h3>\n<p><a href=\"\/fr\/contenu\/ou-acheter-etats-unis\/\">Vous pouvez vous procurer des produits de mobilit\u00e9 Hugo\u00ae quand vous le voulez. Achetez en ligne chez nos partenaires de vente au d\u00e9tail aux \u00c9tats-Unis chez Amazon.com, Walmart.com, Walgreens.com.<\/a> <a href=\"\/fr\/contenu\/ou-acheter-etats-unis\/\"> Plus d&rsquo;info&#8230;<\/a><\/p>\n","protected":false},"excerpt":{"rendered":"<p> [&hellip;]<\/p>\n","protected":false},"author":3,"featured_media":0,"parent":0,"menu_order":0,"comment_status":"open","ping_status":"open","template":"","meta":{"footnotes":""},"class_list":["post-391","page","type-page","status-publish","hentry"],"_links":{"self":[{"href":"http:\/\/www.hugoanywhere.ca\/fr\/wp-json\/wp\/v2\/pages\/391"}],"collection":[{"href":"http:\/\/www.hugoanywhere.ca\/fr\/wp-json\/wp\/v2\/pages"}],"about":[{"href":"http:\/\/www.hugoanywhere.ca\/fr\/wp-json\/wp\/v2\/types\/page"}],"author":[{"embeddable":true,"href":"http:\/\/www.hugoanywhere.ca\/fr\/wp-json\/wp\/v2\/users\/3"}],"replies":[{"embeddable":true,"href":"http:\/\/www.hugoanywhere.ca\/fr\/wp-json\/wp\/v2\/comments?post=391"}],"version-history":[{"count":3,"href":"http:\/\/www.hugoanywhere.ca\/fr\/wp-json\/wp\/v2\/pages\/391\/revisions"}],"predecessor-version":[{"id":1083,"href":"http:\/\/www.hugoanywhere.ca\/fr\/wp-json\/wp\/v2\/pages\/391\/revisions\/1083"}],"wp:attachment":[{"href":"http:\/\/www.hugoanywhere.ca\/fr\/wp-json\/wp\/v2\/media?parent=391"}],"curies":[{"name":"wp","href":"https:\/\/api.w.org\/{rel}","templated":true}]}}