{"id":4,"date":"2013-04-13T09:57:34","date_gmt":"2013-04-13T13:57:34","guid":{"rendered":"http:\/\/www.hugoanywhere.ca\/blogue\/?page_id=4"},"modified":"2016-10-03T11:07:14","modified_gmt":"2016-10-03T15:07:14","slug":"acceuil","status":"publish","type":"page","link":"http:\/\/www.hugoanywhere.ca\/fr\/","title":{"rendered":"Accueil"},"content":{"rendered":"<h3>Con\u00e7us pour la vie quotidienne<\/h3>\n<div class=\"fusion-one-fourth fusion-layout-column fusion-spacing-yes\" style=\"margin-top:0px;margin-bottom:20px;\"><div class=\"fusion-column-wrapper\"><a href=\"\/fr\/produits\/ambulateur-avec-siege-elite-de-hugo\/\"><img loading=\"lazy\" decoding=\"async\" src=\"\/hugo-images\/Elite-Rollator.jpg\" width=\"175\" height=\"175\" \/><\/a><br \/>\nL&rsquo;ambulateur Hugo Elite est id\u00e9al pour ceux qui peuvent utiliser un peu d&rsquo;aide pour garder l&rsquo;\u00e9quilibre ou pour se d\u00e9placer plus longtemps.<br \/>\n<a href=\"\/fr\/produits\/ambulateur-avec-siege-elite-de-hugo\/\">Plus d&rsquo;info&#8230;<\/a><br \/>\n<div class=\"fusion-clearfix\"><\/div><\/div><\/div>\n<div class=\"fusion-one-fourth fusion-layout-column fusion-spacing-yes\" style=\"margin-top:0px;margin-bottom:20px;\"><div class=\"fusion-column-wrapper\"><a href=\"\/fr\/produits\/cannes-pliables-de-hugo\/\"><img loading=\"lazy\" decoding=\"async\" src=\"\/hugo-images\/Folding-Cane.jpg\" width=\"175\" height=\"175\" \/><\/a><br \/>\nLes cannes ajustables d&rsquo;Hugo\u00ae se replient de fa\u00e7on compacte en un clin d&rsquo;oeil. Elles se rangent dans un petit sac ou un sac \u00e0 main !<br \/>\n<a href=\"\/fr\/produits\/cannes-pliables-de-hugo\/\">Plus d&rsquo;info<\/a><br \/>\n<div class=\"fusion-clearfix\"><\/div><\/div><\/div>\n<div class=\"fusion-one-fourth fusion-layout-column fusion-spacing-yes\" style=\"margin-top:0px;margin-bottom:20px;\"><div class=\"fusion-column-wrapper\"><a href=\"\/fr\/produits\/marchette-legere-facile-a-plier-de-hugo\/\"><img loading=\"lazy\" decoding=\"async\" src=\"\/hugo-images\/Walker-by-hugo.jpg\" width=\"175\" height=\"175\" \/><\/a><br \/>\nMarchette Hugo : Marchez en style avec cette marchette en aluminium ultra-l\u00e9g\u00e8re et compacte. Prime incluse : Roues de 12,7 cm (5 po) !<br \/>\n<a href=\"\/fr\/produits\/marchette-legere-facile-a-plier-de-hugo\/\">Plus d&rsquo;info&#8230;<\/a><br \/>\n<div class=\"fusion-clearfix\"><\/div><\/div><\/div>\n<div class=\"fusion-one-fourth fusion-layout-column fusion-column-last fusion-spacing-yes\" style=\"margin-top:0px;margin-bottom:20px;\"><div class=\"fusion-column-wrapper\"><a href=\"\/fr\/produits\/fauteuil-de-transport-hugo\/\"><img loading=\"lazy\" decoding=\"async\" src=\"\/hugo-images\/700-869_175.jpg\" width=\"175\" height=\"175\" \/><\/a><br \/>\nCe fauteuil de transport est plus l\u00e9ger que les fauteuils de transfert standards, ultra compact et facile \u00e0 ranger dans le coffre d&rsquo;une automobile.<br \/>\n<a href=\"\/fr\/produits\/fauteuil-de-transport-hugo\/\">Plus d&rsquo;info&#8230;<\/a><br \/>\n<div class=\"fusion-clearfix\"><\/div><\/div><\/div><div class=\"fusion-clearfix\"><\/div>\n<div class=\"fusion-sep-clear\"><\/div><div class=\"fusion-separator fusion-full-width-sep sep-shadow\" style=\"background:radial-gradient(ellipse at 50% -50% , #e0dede 0px, rgba(255, 255, 255, 0) 80%) repeat scroll 0 0 rgba(0, 0, 0, 0);background:-webkit-radial-gradient(ellipse at 50% -50% , #e0dede 0px, rgba(255, 255, 255, 0) 80%) repeat scroll 0 0 rgba(0, 0, 0, 0);background:-moz-radial-gradient(ellipse at 50% -50% , #e0dede 0px, rgba(255, 255, 255, 0) 80%) repeat scroll 0 0 rgba(0, 0, 0, 0);background:-o-radial-gradient(ellipse at 50% -50% , #e0dede 0px, rgba(255, 255, 255, 0) 80%) repeat scroll 0 0 rgba(0, 0, 0, 0);margin-left: auto;margin-right: auto;margin-top:20px;margin-bottom:20px;\"><\/div>\n<h3>Vid\u00e9os informatifs les plus r\u00e9cents<\/h3>\n<p>Les produits de mobilit\u00e9 Hugo peuvent \u00eatre ajust\u00e9s pour s&rsquo;adapter \u00e0 vos besoins individuels. Pour en appendre plus sur ceux-ci, regardez nos vid\u00e9os informatifs !<\/p>\n<div class=\"fusion-one-third fusion-layout-column fusion-spacing-yes\" style=\"margin-top:0px;margin-bottom:20px;\"><div class=\"fusion-column-wrapper\"><a href=\"\/fr\/contenu\/presentation-de-lambulateur-a-pliage-lateral-sidekick\/\"><br \/>\n<\/a><\/p>\n<div style=\"position: absolute; width: 300px; padding-top: 3px; padding-left: 10px; color: #fff;\">Sidekick &#8211; Pr\u00e9sentation du d\u00e9ambulateur<\/div>\n<p><img loading=\"lazy\" decoding=\"async\" src=\"\/hugo-images\/Video-Presentation-Sidekick_fr.jpg\" alt=\"Vid\u00e9o informatif pr\u00e9sentant l'ambulateur Sidekick de Hugo\u00ae\" width=\"300\" height=\"182\" border=\"0\" \/><br \/>\nVid\u00e9o informatif pr\u00e9sentant l&rsquo;ambulateur \u00e0 pliage lat\u00e9ral Sidekick\u2122 de Hugo\u00ae<br \/>\n<div class=\"fusion-clearfix\"><\/div><\/div><\/div>\n<div class=\"fusion-one-third fusion-layout-column fusion-spacing-yes\" style=\"margin-top:0px;margin-bottom:20px;\"><div class=\"fusion-column-wrapper\">\n<a href=\"\/fr\/contenu\/comment-ajuster-les-poignees-de-votre-ambulateur-hugo-video\/\"><br \/>\n<\/a><\/p>\n<div style=\"position: absolute; width: 300px; padding-top: 3px; padding-left: 10px; color: #fff;\">Comment ajuster les poign\u00e9es<\/div>\n<p><img loading=\"lazy\" decoding=\"async\" src=\"\/hugo-images\/Comment-ajuster-les-poignees-ambulateur.jpg\" alt=\"Vid\u00e9o informatif montrant comment ajuster la hauteur des poign\u00e9es des ambulateurs Hugo\u00ae\" width=\"300\" height=\"182\" border=\"0\" \/><br \/>\nVid\u00e9o informatif montrant comment ajuster la hauteur des poign\u00e9es des ambulateurs Hugo\u00ae<br \/>\n<div class=\"fusion-clearfix\"><\/div><\/div><\/div>\n<div class=\"fusion-one-third fusion-layout-column fusion-column-last fusion-spacing-yes\" style=\"margin-top:0px;margin-bottom:20px;\"><div class=\"fusion-column-wrapper\">\n<a href=\"\/fr\/contenu\/comment-assembler-et-utiliser-votre-ambulateur-sidekick\/\"><br \/>\n<\/a><\/p>\n<div style=\"position: absolute; width: 300px; padding-top: 5px; padding-left: 10px; color: #fff;\">Comment assembler le d\u00e9ambulateur Sidekick<\/div>\n<p><img loading=\"lazy\" decoding=\"async\" src=\"\/hugo-images\/Video-SidekickAssembly.jpg\" alt=\"Cette vid\u00e9o montre comment assembler l\u2019ambulateur \u00e0 pliage lat\u00e9ral avec si\u00e8ge, Sidekick\u2122 de Hugo\u00ae.\" width=\"300\" height=\"182\" border=\"0\" \/>Cette vid\u00e9o montre comment assembler l\u2019ambulateur \u00e0 pliage lat\u00e9ral avec si\u00e8ge, Sidekick\u2122 de Hugo\u00ae.\u00a0\u00bb<br \/>\n<div class=\"fusion-clearfix\"><\/div><\/div><\/div><div class=\"fusion-clearfix\"><\/div>\n","protected":false},"excerpt":{"rendered":"<p> [&hellip;]<\/p>\n","protected":false},"author":3,"featured_media":0,"parent":0,"menu_order":0,"comment_status":"open","ping_status":"open","template":"","meta":{"footnotes":""},"class_list":["post-4","page","type-page","status-publish","hentry"],"_links":{"self":[{"href":"http:\/\/www.hugoanywhere.ca\/fr\/wp-json\/wp\/v2\/pages\/4"}],"collection":[{"href":"http:\/\/www.hugoanywhere.ca\/fr\/wp-json\/wp\/v2\/pages"}],"about":[{"href":"http:\/\/www.hugoanywhere.ca\/fr\/wp-json\/wp\/v2\/types\/page"}],"author":[{"embeddable":true,"href":"http:\/\/www.hugoanywhere.ca\/fr\/wp-json\/wp\/v2\/users\/3"}],"replies":[{"embeddable":true,"href":"http:\/\/www.hugoanywhere.ca\/fr\/wp-json\/wp\/v2\/comments?post=4"}],"version-history":[{"count":5,"href":"http:\/\/www.hugoanywhere.ca\/fr\/wp-json\/wp\/v2\/pages\/4\/revisions"}],"predecessor-version":[{"id":1054,"href":"http:\/\/www.hugoanywhere.ca\/fr\/wp-json\/wp\/v2\/pages\/4\/revisions\/1054"}],"wp:attachment":[{"href":"http:\/\/www.hugoanywhere.ca\/fr\/wp-json\/wp\/v2\/media?parent=4"}],"curies":[{"name":"wp","href":"https:\/\/api.w.org\/{rel}","templated":true}]}}