{"id":84,"date":"2013-03-11T16:09:45","date_gmt":"2013-03-11T20:09:45","guid":{"rendered":"http:\/\/www.hugoanywhere.ca\/fr\/?page_id=84"},"modified":"2014-08-26T14:50:01","modified_gmt":"2014-08-26T18:50:01","slug":"cannes-en-aluminium-hugo","status":"publish","type":"page","link":"http:\/\/www.hugoanywhere.ca\/fr\/cannes-en-aluminium-hugo\/","title":{"rendered":"Cannes en aluminium de Hugo\u00ae"},"content":{"rendered":"<h3>Cannes en aluminium de Hugo\u00ae<\/h3>\n<p>Les cannes Hugo\u00ae fournissent le bon type de support pour aider \u00e0 soulager la douleur, pour vous aider \u00e0 stabiliser votre d\u00e9marche et pour aider \u00e0 prot\u00e9ger vos articulations de l&rsquo;usure qui conduit \u00e0 des blessures.<\/p>\n<div class=\"fusion-one-half fusion-layout-column fusion-spacing-yes\" style=\"margin-top:0px;margin-bottom:20px;\"><div class=\"fusion-column-wrapper\">\n<p><a href=\"\/en\/wp-content\/uploads\/2013\/03\/731-xxxErgoHandle.jpg\"><img loading=\"lazy\" decoding=\"async\" src=\"\/en\/wp-content\/uploads\/2013\/03\/731-xxxErgoHandle.jpg\" alt=\"Poign\u00e9e ergonomique\"  title=\"Poign\u00e9e ergonomique\" width=\"114\" height=\"119\" class=\"alignleft size-full wp-image-206\" \/><\/a><br \/>\n<strong>Poign\u00e9e ergonomique<\/strong><\/p>\n<p>Con\u00e7ue pour \u00eatre plus confortable dans votre main et pour mieux amortir les chocs.<\/p>\n<p><a href=\"\/en\/wp-content\/uploads\/2013\/03\/731-xxxMultpleSet.jpg\"><img loading=\"lazy\" decoding=\"async\" src=\"\/en\/wp-content\/uploads\/2013\/03\/731-xxxMultpleSet.jpg\" alt=\"Plusieurs hauteurs possibles\" title=\"Plusieurs hauteurs possibles\" width=\"108\" height=\"114\" class=\"alignleft size-full wp-image-214\" \/><\/a><br \/>\n<strong>Plusieurs hauteurs possibles<\/strong><\/p>\n<p>Convient aux gens de 152 cm \u00e0 195 cm gr\u00e2ce \u00e0 son \u00e9tendue d&rsquo;ajustement sans \u00e9gale.<\/p>\n<p><a href=\"http:\/\/www.hugoanywhere.ca\/en\/wp-content\/uploads\/2013\/03\/4newPatterns.jpg\"><img loading=\"lazy\" decoding=\"async\" src=\"http:\/\/www.hugoanywhere.ca\/en\/wp-content\/uploads\/2013\/03\/4newPatterns.jpg\" alt=\"4 nouveaux motifs de cannes \u00e0 poign\u00e9e d\u00e9sax\u00e9e\" title=\"4 nouveaux motifs de cannes \u00e0 poign\u00e9e d\u00e9sax\u00e9e\" width=\"120\" height=\"106\" class=\"alignleft size-full wp-image-216\" \/><\/a><br \/>\n<strong>4 nouveaux motifs de cannes \u00e0 poign\u00e9e d\u00e9sax\u00e9e<\/strong><\/p>\n<p>Cachemire, Bonbon, Sillons de carbone, et Jungle.<br \/>\n<div class=\"fusion-clearfix\"><\/div><\/div><\/div>\n<div class=\"fusion-one-half fusion-layout-column fusion-column-last fusion-spacing-yes\" style=\"margin-top:0px;margin-bottom:20px;\"><div class=\"fusion-column-wrapper\">\n<a href=\"http:\/\/www.hugoanywhere.ca\/en\/wp-content\/uploads\/2013\/03\/731-xxxShockTip.jpg\"><img loading=\"lazy\" decoding=\"async\" src=\"http:\/\/www.hugoanywhere.ca\/en\/wp-content\/uploads\/2013\/03\/731-xxxShockTip.jpg\" alt=\"Embout amortissant\" title=\"Embout amortissant\" width=\"102\" height=\"102\" class=\"alignleft size-full wp-image-218\" \/><\/a><br \/>\n<strong>Embout amortissant<\/strong><\/p>\n<p>\u00c9vas\u00e9, en caoutchouc, avec rebord ultra-adh\u00e9rant pour plus de stabilit\u00e9 et de traction.<\/p>\n<p><a href=\"http:\/\/www.hugoanywhere.ca\/en\/wp-content\/uploads\/2013\/03\/731-xxx6Color.jpg\"><img loading=\"lazy\" decoding=\"async\" src=\"http:\/\/www.hugoanywhere.ca\/en\/wp-content\/uploads\/2013\/03\/731-xxx6Color.jpg\" alt=\"6 couleurs attrayantes\" title=\"6 couleurs attrayantes\" width=\"120\" height=\"106\" class=\"alignleft size-full wp-image-220\" \/><\/a><br \/>\n<strong>6 couleurs attrayantes<\/strong><\/p>\n<p>\u00c9b\u00e8ne, aqua-marine, rose, ambre, cacao et fum\u00e9e.<br \/>\n<div class=\"fusion-clearfix\"><\/div><\/div><\/div><div class=\"fusion-clearfix\"><\/div>\n<div class=\"fusion-sep-clear\"><\/div><div class=\"fusion-separator fusion-full-width-sep sep-shadow\" style=\"background:radial-gradient(ellipse at 50% -50% , #e0dede 0px, rgba(255, 255, 255, 0) 80%) repeat scroll 0 0 rgba(0, 0, 0, 0);background:-webkit-radial-gradient(ellipse at 50% -50% , #e0dede 0px, rgba(255, 255, 255, 0) 80%) repeat scroll 0 0 rgba(0, 0, 0, 0);background:-moz-radial-gradient(ellipse at 50% -50% , #e0dede 0px, rgba(255, 255, 255, 0) 80%) repeat scroll 0 0 rgba(0, 0, 0, 0);background:-o-radial-gradient(ellipse at 50% -50% , #e0dede 0px, rgba(255, 255, 255, 0) 80%) repeat scroll 0 0 rgba(0, 0, 0, 0);margin-left: auto;margin-right: auto;margin-top:20px;margin-bottom:20px;\"><\/div>\n<h3>Soci\u00e9t\u00e9 canadienne de la scl\u00e9rose en plaques<\/h3>\n<p><img loading=\"lazy\" decoding=\"async\" src=\"http:\/\/www.amgmedical.com\/specials\/OtherIM\/MS_SP_Sticker5.gif\" alt=\"Soci\u00e9t\u00e9 canadienne de la scl\u00e9rose en plaques\" title=\"Soci\u00e9t\u00e9 canadienne de la scl\u00e9rose en plaques\" width=\"300\" height=\"127\" border=\"0\" class=\"imagesdroite\" style=\"padding-bottom:50px; position:relative; top:-10px;\">Nous sommes fiers d&rsquo;annoncer notre partenariat avec la Soci\u00e9t\u00e9 canadienne de la scl\u00e9rose en plaques.<\/p>\n<p>Depuis 2009, une partie du produit de la vente des cannes Hugo<sup>\u00ae<\/sup> et des ambulateurs Hugo<sup>\u00ae<\/sup> est donn\u00e9e \u00e0 la <a href=\"http:\/\/www.scleroseenplaques.ca\/\">Soci\u00e9t\u00e9 canadienne de la scl\u00e9rose en plaques<\/a>. Cette derni\u00e8re apporte son soutien, \u00e0 travers tout le Canada, aux personnes qui souffrent de la scl\u00e9rose en plaques.<\/p>\n","protected":false},"excerpt":{"rendered":"<p> [&hellip;]<\/p>\n","protected":false},"author":3,"featured_media":0,"parent":0,"menu_order":0,"comment_status":"open","ping_status":"open","template":"","meta":{"footnotes":""},"class_list":["post-84","page","type-page","status-publish","hentry"],"_links":{"self":[{"href":"http:\/\/www.hugoanywhere.ca\/fr\/wp-json\/wp\/v2\/pages\/84"}],"collection":[{"href":"http:\/\/www.hugoanywhere.ca\/fr\/wp-json\/wp\/v2\/pages"}],"about":[{"href":"http:\/\/www.hugoanywhere.ca\/fr\/wp-json\/wp\/v2\/types\/page"}],"author":[{"embeddable":true,"href":"http:\/\/www.hugoanywhere.ca\/fr\/wp-json\/wp\/v2\/users\/3"}],"replies":[{"embeddable":true,"href":"http:\/\/www.hugoanywhere.ca\/fr\/wp-json\/wp\/v2\/comments?post=84"}],"version-history":[{"count":0,"href":"http:\/\/www.hugoanywhere.ca\/fr\/wp-json\/wp\/v2\/pages\/84\/revisions"}],"wp:attachment":[{"href":"http:\/\/www.hugoanywhere.ca\/fr\/wp-json\/wp\/v2\/media?parent=84"}],"curies":[{"name":"wp","href":"https:\/\/api.w.org\/{rel}","templated":true}]}}