{"id":1020,"date":"2016-06-15T16:39:31","date_gmt":"2016-06-15T20:39:31","guid":{"rendered":"http:\/\/www.hugoanywhere.ca\/fr\/?post_type=product&#038;p=1020"},"modified":"2016-06-15T16:45:58","modified_gmt":"2016-06-15T20:45:58","slug":"marchette-euro-de-hugo","status":"publish","type":"product","link":"http:\/\/www.hugoanywhere.ca\/fr\/produits\/marchette-euro-de-hugo\/","title":{"rendered":"Marchette Euro de Hugo\u00ae"},"content":{"rendered":"<p><div id=\"attachment_1022\" style=\"width: 310px\" class=\"wp-caption alignright\"><a href=\"http:\/\/www.hugoanywhere.ca\/fr\/wp-content\/uploads\/2016\/06\/770-261_Titanium_Blue.jpg\" rel=\"attachment wp-att-1022\"><img loading=\"lazy\" decoding=\"async\" aria-describedby=\"caption-attachment-1022\" src=\"http:\/\/www.hugoanywhere.ca\/fr\/wp-content\/uploads\/2016\/06\/770-261_Titanium_Blue-300x300.jpg\" alt=\"Marchette Euro de Hugo\u00ae, bleu titane\" width=\"300\" height=\"300\" class=\"size-medium wp-image-1022\" srcset=\"http:\/\/www.hugoanywhere.ca\/fr\/wp-content\/uploads\/2016\/06\/770-261_Titanium_Blue-66x66.jpg 66w, http:\/\/www.hugoanywhere.ca\/fr\/wp-content\/uploads\/2016\/06\/770-261_Titanium_Blue-100x100.jpg 100w, http:\/\/www.hugoanywhere.ca\/fr\/wp-content\/uploads\/2016\/06\/770-261_Titanium_Blue-150x150.jpg 150w, http:\/\/www.hugoanywhere.ca\/fr\/wp-content\/uploads\/2016\/06\/770-261_Titanium_Blue-300x300.jpg 300w, http:\/\/www.hugoanywhere.ca\/fr\/wp-content\/uploads\/2016\/06\/770-261_Titanium_Blue-500x500.jpg 500w, http:\/\/www.hugoanywhere.ca\/fr\/wp-content\/uploads\/2016\/06\/770-261_Titanium_Blue-768x768.jpg 768w, http:\/\/www.hugoanywhere.ca\/fr\/wp-content\/uploads\/2016\/06\/770-261_Titanium_Blue.jpg 1000w\" sizes=\"(max-width: 300px) 100vw, 300px\" \/><\/a><p id=\"caption-attachment-1022\" class=\"wp-caption-text\">Marchette Euro de Hugo\u00ae, bleu titane<\/p><\/div><strong>Un design inspir\u00e9 alli\u00e9 \u00e0 une incroyable fonctionnalit\u00e9 !<\/strong><\/p>\n<p>La marchette compacte et ultra-l\u00e9g\u00e8re Euro ne p\u00e8se que 2,25 Kg (5 livres), et est munie de poign\u00e9es ergonomiques brevet\u00e9es pour un meilleur soutien. Le ch\u00e2ssis, con\u00e7u pour \u00eatre compact, est \u00e9galement bien adapt\u00e9 pour les maisons ayant des couloirs \u00e9troits, ou des ouvertures de portes \u00e9troites. Que ce soit pour aller au march\u00e9 tous les jours, ou pour un voyage, la nouvelle marchette Euro de Hugo va changer votre fa\u00e7on de penser marchette !<\/p>\n<ul>\n<li>\u00c0 seulement 2,26 kg, le ch\u00e2ssis est \u00e0 la fois durable et ultra-l\u00e9ger <\/li>\n<div id=\"attachment_1023\" style=\"width: 310px\" class=\"wp-caption alignright\"><a href=\"http:\/\/www.hugoanywhere.ca\/fr\/wp-content\/uploads\/2016\/06\/770-263_Titanium_Orange.jpg\" rel=\"attachment wp-att-1023\"><img loading=\"lazy\" decoding=\"async\" aria-describedby=\"caption-attachment-1023\" src=\"http:\/\/www.hugoanywhere.ca\/fr\/wp-content\/uploads\/2016\/06\/770-263_Titanium_Orange-300x300.jpg\" alt=\"Marchette Euro de Hugo\u00ae, Orange titane\" width=\"300\" height=\"300\" class=\"size-medium wp-image-1023\" srcset=\"http:\/\/www.hugoanywhere.ca\/fr\/wp-content\/uploads\/2016\/06\/770-263_Titanium_Orange-66x66.jpg 66w, http:\/\/www.hugoanywhere.ca\/fr\/wp-content\/uploads\/2016\/06\/770-263_Titanium_Orange-100x100.jpg 100w, http:\/\/www.hugoanywhere.ca\/fr\/wp-content\/uploads\/2016\/06\/770-263_Titanium_Orange-150x150.jpg 150w, http:\/\/www.hugoanywhere.ca\/fr\/wp-content\/uploads\/2016\/06\/770-263_Titanium_Orange-300x300.jpg 300w, http:\/\/www.hugoanywhere.ca\/fr\/wp-content\/uploads\/2016\/06\/770-263_Titanium_Orange-500x500.jpg 500w, http:\/\/www.hugoanywhere.ca\/fr\/wp-content\/uploads\/2016\/06\/770-263_Titanium_Orange-768x768.jpg 768w, http:\/\/www.hugoanywhere.ca\/fr\/wp-content\/uploads\/2016\/06\/770-263_Titanium_Orange.jpg 1000w\" sizes=\"(max-width: 300px) 100vw, 300px\" \/><\/a><p id=\"caption-attachment-1023\" class=\"wp-caption-text\">Marchette Euro de Hugo\u00ae, Orange titane<\/p><\/div>\n<li>Roues larges de 13 cm (5 pouces) vous permettant d\u2019\u00eatre actif \u00e0 l\u2019int\u00e9rieur comme \u00e0 l\u2019ext\u00e9rieur<\/li>\n<li>Poign\u00e9es ergonomiques exclusives (brevet\u00e9es) pour plus de confort et de s\u00e9curit\u00e9<\/li>\n<li>Con\u00e7u pour s\u2019ajuster \u00e0 tout utilisateur mesurant entre 153 et 188 cm (5 pieds \u00e0 6 pieds 2 pouces)<\/li>\n<li>Grand sac utilitaire inclus, vous permet de s\u00e9curiser vos objets de valeur et y mettre vos achats<\/li>\n<li>Facile \u00e0 plier, il se range ais\u00e9ment, ce qui est tr\u00e8s pratique lors des d\u00e9placements ou des voyages<\/li>\n<li>Patins pour marchette inclus<\/li>\n<li>Assemblage sans outils<\/li>\n<li>Capacit\u00e9 de poids de 136 kg (300 livres)<\/li>\n<\/ul>\n<div class=\"fusion-sep-clear\"><\/div><div class=\"fusion-separator fusion-full-width-sep sep-shadow\" style=\"background:radial-gradient(ellipse at 50% -50% , #e0dede 0px, rgba(255, 255, 255, 0) 80%) repeat scroll 0 0 rgba(0, 0, 0, 0);background:-webkit-radial-gradient(ellipse at 50% -50% , #e0dede 0px, rgba(255, 255, 255, 0) 80%) repeat scroll 0 0 rgba(0, 0, 0, 0);background:-moz-radial-gradient(ellipse at 50% -50% , #e0dede 0px, rgba(255, 255, 255, 0) 80%) repeat scroll 0 0 rgba(0, 0, 0, 0);background:-o-radial-gradient(ellipse at 50% -50% , #e0dede 0px, rgba(255, 255, 255, 0) 80%) repeat scroll 0 0 rgba(0, 0, 0, 0);margin-left: auto;margin-right: auto;margin-top:20px;margin-bottom:20px;\"><\/div>\n<h3>Mode d&#8217;emploi (fichier pdf)<\/h3>\n<p><a href=\"http:\/\/www.amgmedical.com\/site\/Manuals\/770-26x_ins.pdf\" target=\"_blank\">Pour la marchette Euro de Hugo\u00ae<\/a><\/p>\n<div class=\"fusion-sep-clear\"><\/div><div class=\"fusion-separator fusion-full-width-sep sep-shadow\" style=\"background:radial-gradient(ellipse at 50% -50% , #e0dede 0px, rgba(255, 255, 255, 0) 80%) repeat scroll 0 0 rgba(0, 0, 0, 0);background:-webkit-radial-gradient(ellipse at 50% -50% , #e0dede 0px, rgba(255, 255, 255, 0) 80%) repeat scroll 0 0 rgba(0, 0, 0, 0);background:-moz-radial-gradient(ellipse at 50% -50% , #e0dede 0px, rgba(255, 255, 255, 0) 80%) repeat scroll 0 0 rgba(0, 0, 0, 0);background:-o-radial-gradient(ellipse at 50% -50% , #e0dede 0px, rgba(255, 255, 255, 0) 80%) repeat scroll 0 0 rgba(0, 0, 0, 0);margin-left: auto;margin-right: auto;margin-top:20px;margin-bottom:20px;\"><\/div>\n<h3>Garantie<\/h3>\n<p>Garantie limit\u00e9e de trois (3) ans pour le ch\u00e2ssis et de un (1) an pour toutes les autres pi\u00e8ces.<\/p>\n<div class=\"fusion-sep-clear\"><\/div><div class=\"fusion-separator fusion-full-width-sep sep-shadow\" style=\"background:radial-gradient(ellipse at 50% -50% , #e0dede 0px, rgba(255, 255, 255, 0) 80%) repeat scroll 0 0 rgba(0, 0, 0, 0);background:-webkit-radial-gradient(ellipse at 50% -50% , #e0dede 0px, rgba(255, 255, 255, 0) 80%) repeat scroll 0 0 rgba(0, 0, 0, 0);background:-moz-radial-gradient(ellipse at 50% -50% , #e0dede 0px, rgba(255, 255, 255, 0) 80%) repeat scroll 0 0 rgba(0, 0, 0, 0);background:-o-radial-gradient(ellipse at 50% -50% , #e0dede 0px, rgba(255, 255, 255, 0) 80%) repeat scroll 0 0 rgba(0, 0, 0, 0);margin-left: auto;margin-right: auto;margin-top:20px;margin-bottom:20px;\"><\/div>\n<h3>Informations sur le produit<\/h3>\n<p><strong>Marchette Euro de Hugo\u00ae<\/strong><br \/>\n<div id=\"attachment_1024\" style=\"width: 310px\" class=\"wp-caption alignright\"><a href=\"http:\/\/www.hugoanywhere.ca\/fr\/wp-content\/uploads\/2016\/06\/770-266_Titanium_Green.jpg\" rel=\"attachment wp-att-1024\"><img loading=\"lazy\" decoding=\"async\" aria-describedby=\"caption-attachment-1024\" src=\"http:\/\/www.hugoanywhere.ca\/fr\/wp-content\/uploads\/2016\/06\/770-266_Titanium_Green-300x300.jpg\" alt=\"Marchette Euro de Hugo\u00ae, Vert titane\" width=\"300\" height=\"300\" class=\"size-medium wp-image-1024\" srcset=\"http:\/\/www.hugoanywhere.ca\/fr\/wp-content\/uploads\/2016\/06\/770-266_Titanium_Green-66x66.jpg 66w, http:\/\/www.hugoanywhere.ca\/fr\/wp-content\/uploads\/2016\/06\/770-266_Titanium_Green-100x100.jpg 100w, http:\/\/www.hugoanywhere.ca\/fr\/wp-content\/uploads\/2016\/06\/770-266_Titanium_Green-150x150.jpg 150w, http:\/\/www.hugoanywhere.ca\/fr\/wp-content\/uploads\/2016\/06\/770-266_Titanium_Green-300x300.jpg 300w, http:\/\/www.hugoanywhere.ca\/fr\/wp-content\/uploads\/2016\/06\/770-266_Titanium_Green-500x500.jpg 500w, http:\/\/www.hugoanywhere.ca\/fr\/wp-content\/uploads\/2016\/06\/770-266_Titanium_Green-768x768.jpg 768w, http:\/\/www.hugoanywhere.ca\/fr\/wp-content\/uploads\/2016\/06\/770-266_Titanium_Green.jpg 1000w\" sizes=\"(max-width: 300px) 100vw, 300px\" \/><\/a><p id=\"caption-attachment-1024\" class=\"wp-caption-text\">Marchette Euro de Hugo\u00ae, Vert titane<\/p><\/div>La marchette compacte et ultra-l\u00e9g\u00e8re Euro ne p\u00e8se que 2,25 Kg (5 livres) et est bien adapt\u00e9e pour les maisons ayant des couloirs \u00e9troits, ou des ouvertures de portes \u00e9troites.<\/p>\n<p>Couleur : Bleu titane<br \/>\n<strong>Article no : 770-260<\/strong><\/p>\n<p>Couleur : Orange titane<br \/>\n<strong>Article no : 770-263<\/strong><\/p>\n<p>Couleur : Vert titane<br \/>\n<strong>Article no : 770-266<\/strong><\/p>\n<div class=\"fusion-sep-clear\"><\/div><div class=\"fusion-separator fusion-full-width-sep sep-shadow\" style=\"background:radial-gradient(ellipse at 50% -50% , #e0dede 0px, rgba(255, 255, 255, 0) 80%) repeat scroll 0 0 rgba(0, 0, 0, 0);background:-webkit-radial-gradient(ellipse at 50% -50% , #e0dede 0px, rgba(255, 255, 255, 0) 80%) repeat scroll 0 0 rgba(0, 0, 0, 0);background:-moz-radial-gradient(ellipse at 50% -50% , #e0dede 0px, rgba(255, 255, 255, 0) 80%) repeat scroll 0 0 rgba(0, 0, 0, 0);background:-o-radial-gradient(ellipse at 50% -50% , #e0dede 0px, rgba(255, 255, 255, 0) 80%) repeat scroll 0 0 rgba(0, 0, 0, 0);margin-left: auto;margin-right: auto;margin-top:20px;margin-bottom:20px;\"><\/div>\n<h3>Soci\u00e9t\u00e9 canadienne de la scl\u00e9rose en plaques<\/h3>\n<p><img loading=\"lazy\" decoding=\"async\" src=\"http:\/\/www.amgmedical.com\/specials\/OtherIM\/MS_SP_Sticker5.gif\" alt=\"Soci\u00e9t\u00e9 canadienne de la scl\u00e9rose en plaques\" title=\"Soci\u00e9t\u00e9 canadienne de la scl\u00e9rose en plaques\" width=\"300\" height=\"127\" border=\"0\" class=\"imagesdroite\" style=\"padding-bottom:50px; position:relative; top:-10px;\">Nous sommes fiers d&rsquo;annoncer notre partenariat avec la Soci\u00e9t\u00e9 canadienne de la scl\u00e9rose en plaques.<\/p>\n<p>Depuis 2009, une partie du produit de la vente des cannes Hugo<sup>\u00ae<\/sup> et des ambulateurs Hugo<sup>\u00ae<\/sup> est donn\u00e9e \u00e0 la <a href=\"http:\/\/www.scleroseenplaques.ca\/\">Soci\u00e9t\u00e9 canadienne de la scl\u00e9rose en plaques<\/a>. Cette derni\u00e8re apporte son soutien, \u00e0 travers tout le Canada, aux personnes qui souffrent de la scl\u00e9rose en plaques.<\/p>\n","protected":false},"excerpt":{"rendered":"<p>La marchette compacte et ultra-l\u00e9g\u00e8re Euro ne p\u00e8se que 2,25 Kg (5 livres) et est bien adapt\u00e9e pour les maisons ayant des couloirs \u00e9troits, ou des ouvertures de portes \u00e9troites.<\/p>\n","protected":false},"featured_media":1021,"comment_status":"closed","ping_status":"closed","template":"","meta":[],"product_cat":[74],"product_tag":[],"class_list":{"0":"post-1020","1":"product","2":"type-product","3":"status-publish","4":"has-post-thumbnail","6":"product_cat-marchettes","8":"first","9":"instock","10":"shipping-taxable","11":"product-type-simple"},"_links":{"self":[{"href":"http:\/\/www.hugoanywhere.ca\/fr\/wp-json\/wp\/v2\/product\/1020"}],"collection":[{"href":"http:\/\/www.hugoanywhere.ca\/fr\/wp-json\/wp\/v2\/product"}],"about":[{"href":"http:\/\/www.hugoanywhere.ca\/fr\/wp-json\/wp\/v2\/types\/product"}],"replies":[{"embeddable":true,"href":"http:\/\/www.hugoanywhere.ca\/fr\/wp-json\/wp\/v2\/comments?post=1020"}],"wp:featuredmedia":[{"embeddable":true,"href":"http:\/\/www.hugoanywhere.ca\/fr\/wp-json\/wp\/v2\/media\/1021"}],"wp:attachment":[{"href":"http:\/\/www.hugoanywhere.ca\/fr\/wp-json\/wp\/v2\/media?parent=1020"}],"wp:term":[{"taxonomy":"product_cat","embeddable":true,"href":"http:\/\/www.hugoanywhere.ca\/fr\/wp-json\/wp\/v2\/product_cat?post=1020"},{"taxonomy":"product_tag","embeddable":true,"href":"http:\/\/www.hugoanywhere.ca\/fr\/wp-json\/wp\/v2\/product_tag?post=1020"}],"curies":[{"name":"wp","href":"https:\/\/api.w.org\/{rel}","templated":true}]}}