{"id":631,"date":"2014-09-09T12:13:04","date_gmt":"2014-09-09T16:13:04","guid":{"rendered":"http:\/\/www.hugoanywhere.ca\/fr\/?post_type=product&#038;p=631"},"modified":"2015-04-08T14:12:06","modified_gmt":"2015-04-08T18:12:06","slug":"cannes-a-poignee-derby-de-hugo","status":"publish","type":"product","link":"http:\/\/www.hugoanywhere.ca\/fr\/produits\/cannes-a-poignee-derby-de-hugo\/","title":{"rendered":"Cannes \u00e0 poign\u00e9e Derby de Hugo\u00ae"},"content":{"rendered":"<div id=\"attachment_1058\" style=\"width: 166px\" class=\"wp-caption alignright\"><a href=\"http:\/\/www.hugoanywhere.ca\/en\/wp-content\/uploads\/2014\/08\/HugoDerbyCanes.jpg\"><img loading=\"lazy\" decoding=\"async\" aria-describedby=\"caption-attachment-1058\" src=\"http:\/\/www.hugoanywhere.ca\/en\/wp-content\/uploads\/2014\/08\/HugoDerbyCanes-156x300.jpg\" alt=\"Cannes \u00e0 poign\u00e9e Derby de Hugo\u00ae, \u00c9b\u00e8ne, Aigue-marine, Rose, Ambre, Cacao, Fum\u00e9e et Bourgogne\" width=\"156\" height=\"300\" class=\"size-medium wp-image-1058\" \/><\/a><p id=\"caption-attachment-1058\" class=\"wp-caption-text\">Cannes \u00e0 poign\u00e9e Derby de Hugo\u00ae, \u00c9b\u00e8ne, Aigue-marine, Rose, Ambre, Cacao, Fum\u00e9e et Bourgogne<\/p><\/div>\n<h4>Munies d\u2019une poign\u00e9e Derby au design ergonomique, d&rsquo;un embout amortissant les chocs et d&rsquo;une \u00e9tendue d\u2019ajustement sans \u00e9gale.<\/h4>\n<p>Pour les personnes qui ont besoin d\u2019une aide suppl\u00e9mentaire au niveau de leur \u00e9quilibre, la canne \u00e0 poign\u00e9e Derby de Hugo\u00ae, ajustable et l\u00e9g\u00e8re, offre un bon soutien et une excellente stabilit\u00e9.<\/p>\n<p>Ajustables par bouton-poussoir, les 12 r\u00e9glages en hauteur assurent un bon positionnement, ce qui r\u00e9duit la fatigue au niveau de votre poignet, de l\u2019\u00e9paule et du dos.<\/p>\n<p>Durable, cette canne est construite avec de l\u2019aluminium de premi\u00e8re qualit\u00e9. Elle est offerte dans une gamme de couleurs.<\/p>\n<p><img loading=\"lazy\" decoding=\"async\" src=\"http:\/\/www.amgmedical.com\/site\/MaImages\/731-462ErgoHandle.jpg\" alt=\"Poign\u00e9e ergonomique\" width=\"114\" height=\"177\" class=\"imagesgauche\"><\/p>\n<h4>Poign\u00e9e ergonomique<\/h4>\n<ul style=\"list-style:outside; padding-left: 119px;\">\n<li>Dessus de poign\u00e9e coussin\u00e9 qui \u00e9pouse la main et amortit les chocs.<\/li>\n<li>Con\u00e7ue pour \u00eatre plus confortable dans votre main.<\/li>\n<li>Courroie de canne avec pi\u00e8ce r\u00e9fl\u00e9chissante pour plus de s\u00e9curit\u00e9.<\/li>\n<\/ul>\n<p><\/br><\/p>\n<p><img loading=\"lazy\" decoding=\"async\" src=\"http:\/\/www.amgmedical.com\/site\/MaImages\/731-462Tip.jpg\" alt=\"Embout amortissant les chocs\" width=\"101\" height=\"177\" class=\"imagesgauche\"><\/p>\n<h4>Embout amortissant les chocs<\/h4>\n<ul style=\"list-style:outside; padding-left: 111px;\">\n<li>\u00c9vas\u00e9, en caoutchouc<\/li>\n<li>Avec rebord ultra-adh\u00e9rant pour plus de stabilit\u00e9 et de traction<\/li>\n<\/ul>\n<p><\/br><\/p>\n<h4>12 hauteurs possibles<\/h4>\n<ul>\n<li>Gr\u00e2ce \u00e0 son \u00e9tendue d&rsquo;ajustement sans \u00e9gale de 12 niveaux, cette canne convient aux gens de 152 cm \u00e0 195 cm (5 pi \u00e0 6 pi 5 po).<\/li>\n<li>Ajustable de 68 cm \u00e0 96 cm (27 po \u00e0 38 po).<\/li>\n<\/ul>\n<p><img loading=\"lazy\" decoding=\"async\" src=\"http:\/\/www.amgmedical.com\/site\/MaImages\/731-4xxHeightAdjust.jpg\" alt=\"Ajustement en hauteur\" width=\"96\" height=\"144\" class=\"imagesgauche\"><\/p>\n<h4>Ajustement en hauteur<\/h4>\n<ul style=\"list-style:outside; padding-left: 106px;\">\n<li>\u00c0 l&rsquo;aide du bouton-poussoir, ajustez la hauteur de la poign\u00e9e de la canne au niveau de votre poignet.<\/li>\n<\/ul>\n<p><\/br><\/p>\n<ul>\n<li>Poign\u00e9e Derby<\/li>\n<li>Capacit\u00e9 maximale : 136 kg (300 lb)<\/li>\n<\/ul>\n<div class=\"fusion-sep-clear\"><\/div><div class=\"fusion-separator fusion-full-width-sep sep-shadow\" style=\"background:radial-gradient(ellipse at 50% -50% , #e0dede 0px, rgba(255, 255, 255, 0) 80%) repeat scroll 0 0 rgba(0, 0, 0, 0);background:-webkit-radial-gradient(ellipse at 50% -50% , #e0dede 0px, rgba(255, 255, 255, 0) 80%) repeat scroll 0 0 rgba(0, 0, 0, 0);background:-moz-radial-gradient(ellipse at 50% -50% , #e0dede 0px, rgba(255, 255, 255, 0) 80%) repeat scroll 0 0 rgba(0, 0, 0, 0);background:-o-radial-gradient(ellipse at 50% -50% , #e0dede 0px, rgba(255, 255, 255, 0) 80%) repeat scroll 0 0 rgba(0, 0, 0, 0);margin-left: auto;margin-right: auto;margin-top:20px;margin-bottom:20px;\"><\/div>\n<h3>Informations sur le produit<\/h3>\n<p><strong>Cannes \u00e0 poign\u00e9e Derby de Hugo\u00ae<\/strong><br \/>\nMunies d\u2019une poign\u00e9e Derby au design ergonomique, d&rsquo;un embout amortissant les chocs et d&rsquo;une \u00e9tendue d\u2019ajustement sans \u00e9gale<\/p>\n<div class=\"fusion-one-half fusion-layout-column fusion-spacing-yes\" style=\"margin-top:0px;margin-bottom:20px;\"><div class=\"fusion-column-wrapper\">\n<img loading=\"lazy\" decoding=\"async\" src=\"\/hugo-images\/Ebony.gif\" alt=\"\u00c9b\u00e8ne\" title=\"\u00c9b\u00e8ne\" width=\"50\" height=\"50\" class=\"imagesgauche\">Couleur : \u00c9b\u00e8ne<br \/>\n<strong>Article no : 731-462<\/strong><\/p>\n<p><img loading=\"lazy\" decoding=\"async\" src=\"\/hugo-images\/Aquamarine.gif\" alt=\"Aigue-marine\" title=\"Aigue-marine\" width=\"50\" height=\"50\" class=\"imagesgauche\">Couleur : Aigue-marine<br \/>\n<strong>Article no : 731-464<\/strong><\/p>\n<p><img loading=\"lazy\" decoding=\"async\" src=\"\/hugo-images\/Rose.gif\" alt=\"Rose\" title=\"Rose\" width=\"50\" height=\"50\" class=\"imagesgauche\">Couleur : Rose<br \/>\n<strong>Article no : 731-466<\/strong><\/p>\n<p><img loading=\"lazy\" decoding=\"async\" src=\"\/hugo-images\/Amber.gif\" alt=\"Ambre\" title=\"Ambre\" width=\"50\" height=\"50\" class=\"imagesgauche\">Couleur : Ambre<br \/>\n<strong>Article no : 731-468<\/strong><br \/>\n<div class=\"fusion-clearfix\"><\/div><\/div><\/div>\n<div class=\"fusion-one-half fusion-layout-column fusion-column-last fusion-spacing-yes\" style=\"margin-top:0px;margin-bottom:20px;\"><div class=\"fusion-column-wrapper\">\n<img loading=\"lazy\" decoding=\"async\" src=\"\/hugo-images\/Cocoa.gif\" alt=\"Cacao\" title=\"Cacao\" width=\"50\" height=\"50\" class=\"imagesgauche\">Couleur : Cacao<br \/>\n<strong>Article no : 731-470<\/strong><\/p>\n<p><img loading=\"lazy\" decoding=\"async\" src=\"\/hugo-images\/Smoke.gif\" alt=\"Fum\u00e9e\" title=\"Fum\u00e9e\" width=\"50\" height=\"50\" class=\"imagesgauche\">Couleur : Fum\u00e9e<br \/>\n<strong>Article no : 731-472<\/strong><\/p>\n<p><img loading=\"lazy\" decoding=\"async\" src=\"\/hugo-images\/Burgundy.gif\" alt=\"Bourgogne\" title=\"Bourgogne\" width=\"50\" height=\"50\" class=\"imagesgauche\">Couleur : Bourgogne<br \/>\n<strong>Article no : 731-474<\/strong><br \/>\n<div class=\"fusion-clearfix\"><\/div><\/div><\/div><div class=\"fusion-clearfix\"><\/div>\n<div class=\"fusion-sep-clear\"><\/div><div class=\"fusion-separator fusion-full-width-sep sep-shadow\" style=\"background:radial-gradient(ellipse at 50% -50% , #e0dede 0px, rgba(255, 255, 255, 0) 80%) repeat scroll 0 0 rgba(0, 0, 0, 0);background:-webkit-radial-gradient(ellipse at 50% -50% , #e0dede 0px, rgba(255, 255, 255, 0) 80%) repeat scroll 0 0 rgba(0, 0, 0, 0);background:-moz-radial-gradient(ellipse at 50% -50% , #e0dede 0px, rgba(255, 255, 255, 0) 80%) repeat scroll 0 0 rgba(0, 0, 0, 0);background:-o-radial-gradient(ellipse at 50% -50% , #e0dede 0px, rgba(255, 255, 255, 0) 80%) repeat scroll 0 0 rgba(0, 0, 0, 0);margin-left: auto;margin-right: auto;margin-top:20px;margin-bottom:20px;\"><\/div>\n<h3>Commentaires des clients<\/h3>\n<p><strong>Commentaires recueillis sur les cartes d\u2019enregistrement de produits ou lors de l\u2019enregistrement de produits en ligne :<\/strong><\/p>\n<div class=\"review male\"><blockquote><q style=\"background-color:;color:;\">Bon produit,Bon rassort quualite\/prix<br \/>\n<\/q><\/blockquote><div class=\"author\" style=\"color:;\"><span class=\"testimonial-thumbnail doe\" style=\"color:;\"><\/span><span class=\"company-name\"><strong>Par : Lynda P.   De : Ste- Julie<\/strong><\/span><\/div><\/div>\n<div class=\"review male\"><blockquote><q style=\"background-color:;color:;\">je suis tres satiffais et je ne regrette pas mon achat.<br \/>\n<\/q><\/blockquote><div class=\"author\" style=\"color:;\"><span class=\"testimonial-thumbnail doe\" style=\"color:;\"><\/span><span class=\"company-name\"><strong>Par : yves r.  De : lachenaie<\/strong><\/span><\/div><\/div>\n<div class=\"review male\"><blockquote><q style=\"background-color:;color:;\">j&rsquo;ai choisi cette canne en l&rsquo;essayant en magasin. Il faut vraiment essayer de marcher avec celle-ci pour voir la diff\u00e9rence.<br \/>\n<\/q><\/blockquote><div class=\"author\" style=\"color:;\"><span class=\"testimonial-thumbnail doe\" style=\"color:;\"><\/span><span class=\"company-name\"><strong>Par : Lucie P.   De : Grand-M\u00e8re<\/strong><\/span><\/div><\/div>\n<div class=\"review male\"><blockquote><q style=\"background-color:;color:;\">J&rsquo;aime beauccoup cette canne car la possibilite de longueur est tres appreciable.Aussi lorsqu\u00a0\u00bbon la dans la main le point d appui est tres confortable et adequat.om peut s appuyer en toute aisance je pense avou fait un bon achat<br \/>\n<\/q><\/blockquote><div class=\"author\" style=\"color:;\"><span class=\"testimonial-thumbnail doe\" style=\"color:;\"><\/span><span class=\"company-name\"><strong>Par : jocelyne g.  De : montreal<\/strong><\/span><\/div><\/div>\n<div class=\"fusion-sep-clear\"><\/div><div class=\"fusion-separator fusion-full-width-sep sep-shadow\" style=\"background:radial-gradient(ellipse at 50% -50% , #e0dede 0px, rgba(255, 255, 255, 0) 80%) repeat scroll 0 0 rgba(0, 0, 0, 0);background:-webkit-radial-gradient(ellipse at 50% -50% , #e0dede 0px, rgba(255, 255, 255, 0) 80%) repeat scroll 0 0 rgba(0, 0, 0, 0);background:-moz-radial-gradient(ellipse at 50% -50% , #e0dede 0px, rgba(255, 255, 255, 0) 80%) repeat scroll 0 0 rgba(0, 0, 0, 0);background:-o-radial-gradient(ellipse at 50% -50% , #e0dede 0px, rgba(255, 255, 255, 0) 80%) repeat scroll 0 0 rgba(0, 0, 0, 0);margin-left: auto;margin-right: auto;margin-top:20px;margin-bottom:20px;\"><\/div>\n<h3>Soci\u00e9t\u00e9 canadienne de la scl\u00e9rose en plaques<\/h3>\n<p><img loading=\"lazy\" decoding=\"async\" src=\"http:\/\/www.amgmedical.com\/specials\/OtherIM\/MS_SP_Sticker5.gif\" alt=\"Soci\u00e9t\u00e9 canadienne de la scl\u00e9rose en plaques\" title=\"Soci\u00e9t\u00e9 canadienne de la scl\u00e9rose en plaques\" width=\"300\" height=\"127\" border=\"0\" class=\"imagesdroite\" style=\"padding-bottom:50px; position:relative; top:-10px;\">Nous sommes fiers d&rsquo;annoncer notre partenariat avec la Soci\u00e9t\u00e9 canadienne de la scl\u00e9rose en plaques.<\/p>\n<p>Depuis 2009, une partie du produit de la vente des cannes Hugo<sup>\u00ae<\/sup> et des ambulateurs Hugo<sup>\u00ae<\/sup> est donn\u00e9e \u00e0 la <a href=\"http:\/\/www.scleroseenplaques.ca\/\">Soci\u00e9t\u00e9 canadienne de la scl\u00e9rose en plaques<\/a>. Cette derni\u00e8re apporte son soutien, \u00e0 travers tout le Canada, aux personnes qui souffrent de la scl\u00e9rose en plaques.<\/p>\n","protected":false},"excerpt":{"rendered":"<p>Munies d\u2019une poign\u00e9e Derby au design ergonomique, d&#039;un embout amortissant les chocs et d&#039;une \u00e9tendue d\u2019ajustement sans \u00e9gale<\/p>\n","protected":false},"featured_media":769,"comment_status":"open","ping_status":"closed","template":"","meta":[],"product_cat":[64],"product_tag":[65,47],"class_list":{"0":"post-631","1":"product","2":"type-product","3":"status-publish","4":"has-post-thumbnail","6":"product_cat-cannes","7":"product_tag-cannes","8":"product_tag-cannes-derby","10":"first","11":"instock","12":"shipping-taxable","13":"product-type-simple"},"_links":{"self":[{"href":"http:\/\/www.hugoanywhere.ca\/fr\/wp-json\/wp\/v2\/product\/631"}],"collection":[{"href":"http:\/\/www.hugoanywhere.ca\/fr\/wp-json\/wp\/v2\/product"}],"about":[{"href":"http:\/\/www.hugoanywhere.ca\/fr\/wp-json\/wp\/v2\/types\/product"}],"replies":[{"embeddable":true,"href":"http:\/\/www.hugoanywhere.ca\/fr\/wp-json\/wp\/v2\/comments?post=631"}],"wp:featuredmedia":[{"embeddable":true,"href":"http:\/\/www.hugoanywhere.ca\/fr\/wp-json\/wp\/v2\/media\/769"}],"wp:attachment":[{"href":"http:\/\/www.hugoanywhere.ca\/fr\/wp-json\/wp\/v2\/media?parent=631"}],"wp:term":[{"taxonomy":"product_cat","embeddable":true,"href":"http:\/\/www.hugoanywhere.ca\/fr\/wp-json\/wp\/v2\/product_cat?post=631"},{"taxonomy":"product_tag","embeddable":true,"href":"http:\/\/www.hugoanywhere.ca\/fr\/wp-json\/wp\/v2\/product_tag?post=631"}],"curies":[{"name":"wp","href":"https:\/\/api.w.org\/{rel}","templated":true}]}}