{"id":635,"date":"2014-09-09T16:11:06","date_gmt":"2014-09-09T20:11:06","guid":{"rendered":"http:\/\/www.hugoanywhere.ca\/fr\/?post_type=product&#038;p=635"},"modified":"2014-09-11T14:54:28","modified_gmt":"2014-09-11T18:54:28","slug":"cannes-pliables-de-hugo","status":"publish","type":"product","link":"http:\/\/www.hugoanywhere.ca\/fr\/produits\/cannes-pliables-de-hugo\/","title":{"rendered":"Cannes pliables de Hugo\u00ae"},"content":{"rendered":"<div id=\"attachment_348\" style=\"width: 204px\" class=\"wp-caption alignright\"><a href=\"http:\/\/www.hugoanywhere.ca\/en\/wp-content\/uploads\/2013\/03\/731-491_pkg.jpg\"><img loading=\"lazy\" decoding=\"async\" aria-describedby=\"caption-attachment-348\" src=\"http:\/\/www.hugoanywhere.ca\/en\/wp-content\/uploads\/2013\/03\/731-491_pkg-194x300.jpg\" alt=\"Cannes pliables de Hugo\u00ae, \u00c9b\u00e8ne, Aigue-marine, Rose, Ambre, Cacao et Fum\u00e9e\" width=\"194\" height=\"300\" class=\"size-medium wp-image-348\" \/><\/a><p id=\"caption-attachment-348\" class=\"wp-caption-text\">Cannes pliables de Hugo\u00ae, \u00c9b\u00e8ne, Aigue-marine, Rose, Ambre, Cacao et Fum\u00e9e<\/p><\/div>\n<h4>Facile \u00e0 ouvrir quand vous en avez besoin, facile \u00e0 plier quand vous n&rsquo;en avez pas besoin !<\/h4>\n<p><strong>Les cannes pliables de Hugo\u00ae sont munies d\u2019une poign\u00e9e Derby ergonomique, d\u2019un embout amortissant, d&rsquo;une sangle de retenue et de 6 ajustements en hauteur.<\/strong><\/p>\n<p>La canne pliable Hugo\u00ae est votre compagne id\u00e9ale pour la vie de tous les jours, pour une utilisation quotidienne occasionnelle ou lors de vos voyages. La canne pliable Hugo\u00ae est toujours pr\u00eate \u00e0 partir avec vous.<\/p>\n<p>Cette canne pliante offre un \u00e9quilibre et un soutien ergonomiques. Elle est munie d\u2019une poign\u00e9e cousin\u00e9e, poss\u00e8de 6 r\u00e9glages en hauteur par bouton-poussoir et est \u00e9quip\u00e9e d\u2019un embout en caoutchouc antid\u00e9rapant qui absorbe les chocs et assure une traction suppl\u00e9mentaire.<\/p>\n<p>Solide, fonctionnelle et robuste cette canne est construite en aluminium anodis\u00e9. L\u00e9g\u00e8re, elle est faite pour r\u00e9sister. Choisissez parmi un assortiment de couleurs fra\u00eeches et faites de la canne Hugo\u00ae, votre canne.<\/p>\n<p>Les cannes pliables Hugo\u00ae en aluminium, gr\u00e2ce \u00e0 leur poign\u00e9e ergonomique, leur embout amortissant \u00e9vas\u00e9 et leurs 6 hauteurs possibles, offrent confort et s\u00e9curit\u00e9.<\/p>\n<p><img loading=\"lazy\" decoding=\"async\" src=\"http:\/\/www.amgmedical.com\/site\/MaImages\/731-462ErgoHandle.jpg\" alt=\"Poign\u00e9e ergonomique\" width=\"114\" height=\"177\" class=\"imagesgauche\"><\/p>\n<h4>Poign\u00e9e ergonomique<\/h4>\n<ul style=\"list-style:outside; padding-left: 124px;\">\n<li>Dessus de poign\u00e9e coussin\u00e9 qui \u00e9pouse la main et amortit les chocs.<\/li>\n<li>Con\u00e7ue pour \u00eatre plus confortable dans votre main.<\/li>\n<li>Courroie de canne avec pi\u00e8ce r\u00e9fl\u00e9chissante pour plus de s\u00e9curit\u00e9.<\/li>\n<\/ul>\n<p><\/br><\/p>\n<p><img loading=\"lazy\" decoding=\"async\" src=\"http:\/\/www.amgmedical.com\/site\/MaImages\/731-462Tip.jpg\" alt=\"Embout amortissant les chocs\" width=\"101\" height=\"177\" class=\"imagesgauche\"><\/p>\n<h4>Embout amortissant les chocs<\/h4>\n<ul style=\"list-style:outside; padding-left: 111px;\">\n<li>\u00c9vas\u00e9, en caoutchouc<\/li>\n<li>Avec rebord ultra-adh\u00e9rant pour plus de stabilit\u00e9 et de traction<\/li>\n<\/ul>\n<p><\/br><\/p>\n<h4>6 hauteurs possibles<\/h4>\n<ul>\n<li>Convient \u00e0 la majorit\u00e9 des gens de 152 cm \u00e0 195 cm (5\u2019 \u2013 6\u20195\u201d).<\/li>\n<li>Ajustable en hauteur de 81 cm \u00e0 94 cm (32 po \u00e0 37 po).<\/li>\n<\/ul>\n<p><\/br><\/p>\n<h4>Sangle de retenue<\/h4>\n<ul>\n<li>Maintient la canne pli\u00e9e.<\/li>\n<\/ul>\n<p><img loading=\"lazy\" decoding=\"async\" src=\"http:\/\/www.amgmedical.com\/site\/MaImages\/731-4xxHeightAdjust.jpg\" alt=\"Ajustement en hauteur\" width=\"96\" height=\"144\" class=\"imagesgauche\"><\/p>\n<h4>Ajustement en hauteur<\/h4>\n<ul style=\"list-style:outside; padding-left: 106px;\">\n<li>\u00c0 l&rsquo;aide du bouton-poussoir, ajustez la hauteur de la poign\u00e9e de la canne au niveau de votre poignet.<\/li>\n<\/ul>\n<p><\/br><\/p>\n<ul>\n<li>Canne pliable. Id\u00e9ale pour les voyages<\/li>\n<li>Capacit\u00e9 maximale : 113 kg (250 lb)<\/li>\n<\/ul>\n<div class=\"fusion-sep-clear\"><\/div><div class=\"fusion-separator fusion-full-width-sep sep-shadow\" style=\"background:radial-gradient(ellipse at 50% -50% , #e0dede 0px, rgba(255, 255, 255, 0) 80%) repeat scroll 0 0 rgba(0, 0, 0, 0);background:-webkit-radial-gradient(ellipse at 50% -50% , #e0dede 0px, rgba(255, 255, 255, 0) 80%) repeat scroll 0 0 rgba(0, 0, 0, 0);background:-moz-radial-gradient(ellipse at 50% -50% , #e0dede 0px, rgba(255, 255, 255, 0) 80%) repeat scroll 0 0 rgba(0, 0, 0, 0);background:-o-radial-gradient(ellipse at 50% -50% , #e0dede 0px, rgba(255, 255, 255, 0) 80%) repeat scroll 0 0 rgba(0, 0, 0, 0);margin-left: auto;margin-right: auto;margin-top:20px;margin-bottom:20px;\"><\/div>\n<h3>Informations sur le produit<\/h3>\n<p><strong>Cannes pliables de Hugo\u00ae<\/strong><br \/>\nLes cannes pliables de Hugo\u00ae sont munies d\u2019une poign\u00e9e Derby ergonomique, d\u2019un embout amortissant, d&rsquo;une sangle de retenue et de 6 ajustements en hauteur.<\/p>\n<div class=\"fusion-one-half fusion-layout-column fusion-spacing-yes\" style=\"margin-top:0px;margin-bottom:20px;\"><div class=\"fusion-column-wrapper\">\n<img loading=\"lazy\" decoding=\"async\" src=\"\/hugo-images\/Ebony.gif\" alt=\"\u00c9b\u00e8ne\" title=\"\u00c9b\u00e8ne\" width=\"50\" height=\"50\" class=\"imagesgauche\"><\/p>\n<p>Couleur : \u00c9b\u00e8ne<br \/>\n<strong>Article no : 731-491<\/strong><\/p>\n<p><img loading=\"lazy\" decoding=\"async\" src=\"\/hugo-images\/Cocoa.gif\" alt=\"Cacao\" title=\"Cacao\" width=\"50\" height=\"50\" class=\"imagesgauche\"><\/p>\n<p>Couleur : Cacao<br \/>\n<strong>Article no : 731-495<\/strong><\/p>\n<p><img loading=\"lazy\" decoding=\"async\" src=\"\/hugo-images\/Amber.gif\" alt=\"Ambre\" title=\"Ambre\" width=\"50\" height=\"50\" class=\"imagesgauche\"><\/p>\n<p>Couleur : Ambre<br \/>\n<strong>Article no : 731-493<\/strong><br \/>\n<div class=\"fusion-clearfix\"><\/div><\/div><\/div>\n<div class=\"fusion-one-half fusion-layout-column fusion-column-last fusion-spacing-yes\" style=\"margin-top:0px;margin-bottom:20px;\"><div class=\"fusion-column-wrapper\">\n<img loading=\"lazy\" decoding=\"async\" src=\"\/hugo-images\/Rose.gif\" alt=\"Rose\" title=\"Rose\" width=\"50\" height=\"50\" class=\"imagesgauche\"><\/p>\n<p>Couleur : Rose<br \/>\n<strong>Article no : 731-494<\/strong><\/p>\n<p><img loading=\"lazy\" decoding=\"async\" src=\"\/hugo-images\/Aquamarine.gif\" alt=\"Aigue-marine\" title=\"Aigue-marine\" width=\"50\" height=\"50\" class=\"imagesgauche\"><\/p>\n<p>Couleur : Aigue-marine<br \/>\n<strong>Article no : 731-490<\/strong><\/p>\n<p><img loading=\"lazy\" decoding=\"async\" src=\"\/hugo-images\/Smoke.gif\" alt=\"Fum\u00e9e\" title=\"Fum\u00e9e\" width=\"50\" height=\"50\" class=\"imagesgauche\"><\/p>\n<p>Couleur : Fum\u00e9e<br \/>\n<strong>Article no : 731-492<\/strong><br \/>\n<div class=\"fusion-clearfix\"><\/div><\/div><\/div><div class=\"fusion-clearfix\"><\/div>\n<div class=\"fusion-sep-clear\"><\/div><div class=\"fusion-separator fusion-full-width-sep sep-shadow\" style=\"background:radial-gradient(ellipse at 50% -50% , #e0dede 0px, rgba(255, 255, 255, 0) 80%) repeat scroll 0 0 rgba(0, 0, 0, 0);background:-webkit-radial-gradient(ellipse at 50% -50% , #e0dede 0px, rgba(255, 255, 255, 0) 80%) repeat scroll 0 0 rgba(0, 0, 0, 0);background:-moz-radial-gradient(ellipse at 50% -50% , #e0dede 0px, rgba(255, 255, 255, 0) 80%) repeat scroll 0 0 rgba(0, 0, 0, 0);background:-o-radial-gradient(ellipse at 50% -50% , #e0dede 0px, rgba(255, 255, 255, 0) 80%) repeat scroll 0 0 rgba(0, 0, 0, 0);margin-left: auto;margin-right: auto;margin-top:20px;margin-bottom:20px;\"><\/div>\n<h3>Commentaires des clients<\/h3>\n<p><strong>Commentaires recueillis sur les cartes d\u2019enregistrement de produits ou lors de l\u2019enregistrement de produits en ligne :<\/strong><\/p>\n<div class=\"review male\"><blockquote><q style=\"background-color:;color:;\"><span class=\"fusion-dropcap dropcap\" style=\"color:#a0ce4e;\">\u201c<\/span> Beau produit et pratique<br \/>\n<\/br><br \/>\n<\/q><\/blockquote><div class=\"author\" style=\"color:;\"><span class=\"testimonial-thumbnail doe\" style=\"color:;\"><\/span><span class=\"company-name\"><strong>Par : Bruno G.   De Montr\u00e9al<\/strong><\/span><\/div><\/div>\n<\/br><\/p>\n<div class=\"review male\"><blockquote><q style=\"background-color:;color:;\"><span class=\"fusion-dropcap dropcap\" style=\"color:#a0ce4e;\">\u201c<\/span> c,est cette canne pliante que je voulais car je la trouve tres pratique pour la transporter en voyage la couleur en pharmacie ne me plaisait pas alors on ma commander la couleur que je voulais cacao et je l,ai recu le lendemain je suis tres satisfaite<br \/>\n<\/q><\/blockquote><div class=\"author\" style=\"color:;\"><span class=\"testimonial-thumbnail doe\" style=\"color:;\"><\/span><span class=\"company-name\"><strong>Par : rejeanne s.  De : montreal<\/strong><\/span><\/div><\/div>\n<\/br><\/p>\n<div class=\"review male\"><blockquote><q style=\"background-color:;color:;\"><span class=\"fusion-dropcap dropcap\" style=\"color:#a0ce4e;\">\u201c<\/span> Je suis satisfaite cella m&rsquo;aide a marcher droit et pratique elle se plie et rentre bien dans le coffre de l&rsquo;auto. J&rsquo;aime la canne<br \/>\n<\/q><\/blockquote><div class=\"author\" style=\"color:;\"><span class=\"testimonial-thumbnail doe\" style=\"color:;\"><\/span><span class=\"company-name\"><strong>Par : Denise M.   De : Montreal-Nord<\/strong><\/span><\/div><\/div>\n<\/br><\/p>\n<div class=\"fusion-sep-clear\"><\/div><div class=\"fusion-separator fusion-full-width-sep sep-shadow\" style=\"background:radial-gradient(ellipse at 50% -50% , #e0dede 0px, rgba(255, 255, 255, 0) 80%) repeat scroll 0 0 rgba(0, 0, 0, 0);background:-webkit-radial-gradient(ellipse at 50% -50% , #e0dede 0px, rgba(255, 255, 255, 0) 80%) repeat scroll 0 0 rgba(0, 0, 0, 0);background:-moz-radial-gradient(ellipse at 50% -50% , #e0dede 0px, rgba(255, 255, 255, 0) 80%) repeat scroll 0 0 rgba(0, 0, 0, 0);background:-o-radial-gradient(ellipse at 50% -50% , #e0dede 0px, rgba(255, 255, 255, 0) 80%) repeat scroll 0 0 rgba(0, 0, 0, 0);margin-left: auto;margin-right: auto;margin-top:20px;margin-bottom:20px;\"><\/div>\n<\/br><\/p>\n<h3>Soci\u00e9t\u00e9 canadienne de la scl\u00e9rose en plaques<\/h3>\n<p><img loading=\"lazy\" decoding=\"async\" src=\"http:\/\/www.amgmedical.com\/specials\/OtherIM\/MS_SP_Sticker5.gif\" alt=\"Soci\u00e9t\u00e9 canadienne de la scl\u00e9rose en plaques\" title=\"Soci\u00e9t\u00e9 canadienne de la scl\u00e9rose en plaques\" width=\"300\" height=\"127\" border=\"0\" class=\"imagesdroite\" style=\"padding-bottom:50px; position:relative; top:-10px;\">Nous sommes fiers d&rsquo;annoncer notre partenariat avec la Soci\u00e9t\u00e9 canadienne de la scl\u00e9rose en plaques.<\/p>\n<p>Depuis 2009, une partie du produit de la vente des cannes Hugo<sup>\u00ae<\/sup> et des ambulateurs Hugo<sup>\u00ae<\/sup> est donn\u00e9e \u00e0 la <a href=\"http:\/\/www.scleroseenplaques.ca\/\">Soci\u00e9t\u00e9 canadienne de la scl\u00e9rose en plaques<\/a>. Cette derni\u00e8re apporte son soutien, \u00e0 travers tout le Canada, aux personnes qui souffrent de la scl\u00e9rose en plaques.<\/p>\n","protected":false},"excerpt":{"rendered":"<p>Les cannes pliables Hugo\u00ae en aluminium, gr\u00e2ce \u00e0 leur poign\u00e9e ergonomique, leur embout amortissant \u00e9vas\u00e9 et leurs 6 hauteurs possibles, offrent confort et s\u00e9curit\u00e9. Durable, ces cannes sont construites avec de l\u2019aluminium de premi\u00e8re qualit\u00e9. Elles sont offertes dans une gamme de couleurs.<\/p>\n","protected":false},"featured_media":640,"comment_status":"open","ping_status":"closed","template":"","meta":[],"product_cat":[64],"product_tag":[65,46],"class_list":{"0":"post-635","1":"product","2":"type-product","3":"status-publish","4":"has-post-thumbnail","6":"product_cat-cannes","7":"product_tag-cannes","8":"product_tag-cannes-pliables","10":"first","11":"instock","12":"shipping-taxable","13":"product-type-simple"},"_links":{"self":[{"href":"http:\/\/www.hugoanywhere.ca\/fr\/wp-json\/wp\/v2\/product\/635"}],"collection":[{"href":"http:\/\/www.hugoanywhere.ca\/fr\/wp-json\/wp\/v2\/product"}],"about":[{"href":"http:\/\/www.hugoanywhere.ca\/fr\/wp-json\/wp\/v2\/types\/product"}],"replies":[{"embeddable":true,"href":"http:\/\/www.hugoanywhere.ca\/fr\/wp-json\/wp\/v2\/comments?post=635"}],"wp:featuredmedia":[{"embeddable":true,"href":"http:\/\/www.hugoanywhere.ca\/fr\/wp-json\/wp\/v2\/media\/640"}],"wp:attachment":[{"href":"http:\/\/www.hugoanywhere.ca\/fr\/wp-json\/wp\/v2\/media?parent=635"}],"wp:term":[{"taxonomy":"product_cat","embeddable":true,"href":"http:\/\/www.hugoanywhere.ca\/fr\/wp-json\/wp\/v2\/product_cat?post=635"},{"taxonomy":"product_tag","embeddable":true,"href":"http:\/\/www.hugoanywhere.ca\/fr\/wp-json\/wp\/v2\/product_tag?post=635"}],"curies":[{"name":"wp","href":"https:\/\/api.w.org\/{rel}","templated":true}]}}