{"id":642,"date":"2014-09-11T11:19:15","date_gmt":"2014-09-11T15:19:15","guid":{"rendered":"http:\/\/www.hugoanywhere.ca\/fr\/?post_type=product&#038;p=642"},"modified":"2014-09-11T14:53:32","modified_gmt":"2014-09-11T18:53:32","slug":"cannes-a-poignee-desaxee-de-hugo","status":"publish","type":"product","link":"http:\/\/www.hugoanywhere.ca\/fr\/produits\/cannes-a-poignee-desaxee-de-hugo\/","title":{"rendered":"Cannes \u00e0 poign\u00e9e d\u00e9sax\u00e9e de Hugo\u00ae"},"content":{"rendered":"<div id=\"attachment_353\" style=\"width: 220px\" class=\"wp-caption alignright\"><a href=\"http:\/\/www.hugoanywhere.ca\/en\/wp-content\/uploads\/2013\/03\/HugoOffsetCanes.jpg\"><img loading=\"lazy\" decoding=\"async\" aria-describedby=\"caption-attachment-353\" src=\"http:\/\/www.hugoanywhere.ca\/hugo-images\/HugoOffsetCanes_s.jpg\" width=\"200\" height=\"707\" alt=\"Cannes \u00e0 poign\u00e9e d\u00e9sax\u00e9e de Hugo\u00ae, \u00c9b\u00e8ne, Aigue-marine, Rose, Ambre, Cacao, Fum\u00e9e et cannes \u00e0 motifs Cachemire, Bonbon, Sillons de carbone et Jungle\" title=\"Cannes \u00e0 poign\u00e9e d\u00e9sax\u00e9e de Hugo\u00ae, \u00c9b\u00e8ne, Aigue-marine, Rose, Ambre, Cacao, Fum\u00e9e et cannes \u00e0 motifs Cachemire, Bonbon, Sillons de carbone et Jungle\" class=\"size-medium wp-image-353\" \/><\/a><p id=\"caption-attachment-353\" class=\"wp-caption-text\">Cannes \u00e0 poign\u00e9e d\u00e9sax\u00e9e de Hugo\u00ae, \u00c9b\u00e8ne, Aigue-marine, Rose, Ambre, Cacao, Fum\u00e9e et cannes \u00e0 motifs Cachemire, Bonbon, Sillons de carbone et Jungle<\/p><\/div>\n<h4>Ces cannes sont munies d\u2019une poign\u00e9e d\u00e9sax\u00e9e au design ergonomique, d&rsquo;un embout amortissant les chocs et ont une \u00e9tendue d\u2019ajustement sans \u00e9gale.<\/h4>\n<p><strong>Aussi solides qu\u2019une enclume, aussi l\u00e9g\u00e8res qu\u2019une plume.<\/strong><\/p>\n<p>Un soutien \u00e0 la marche l\u00e9ger et s\u00e9curitaire. La canne \u00e0 poign\u00e9e d\u00e9sax\u00e9e de Hugo\u00ae  est r\u00e9sistante et plus l\u00e9g\u00e8re parce qu&rsquo;elle est faite en aluminium de qualit\u00e9 a\u00e9ronautique, ce qui facilite son utilisation.<\/p>\n<p>La canne \u00e0 poign\u00e9e d\u00e9sax\u00e9e de Hugo\u00ae offre une prise en main plus confortable, et plus de traction, gr\u00e2ce \u00e0 son embout de canne ultrastable.<\/p>\n<p>12 r\u00e9glages de hauteur par bouton-poussoir assurent un bon ajustement, ce qui r\u00e9duit le stress sur votre poignet, votre l&rsquo;\u00e9paule et votre dos.<\/p>\n<p>Elle est offerte dans une gamme de couleurs et de motifs qui feront de cette canne, votre canne,<\/p>\n<p><img loading=\"lazy\" decoding=\"async\" src=\"http:\/\/www.amgmedical.com\/site\/MaImages\/731-442ErgoHandle.jpg\" alt=\"Poign\u00e9e ergonomique\" title=\"Poign\u00e9e ergonomique\" width=\"109\" height=\"177\" class=\"imagesgauche\"><\/p>\n<h4>Poign\u00e9e ergonomique<\/h4>\n<ul style=\"list-style:outside; padding-left: 119px;\">\n<li>Dessus de poign\u00e9e coussin\u00e9 qui \u00e9pouse la main et amortit les chocs.<\/li>\n<li>Con\u00e7ue pour \u00eatre plus confortable dans votre main.<\/li>\n<li>Courroie de canne avec pi\u00e8ce r\u00e9fl\u00e9chissante pour plus de s\u00e9curit\u00e9.<\/li>\n<\/ul>\n<p><img loading=\"lazy\" decoding=\"async\" src=\"http:\/\/www.amgmedical.com\/site\/MaImages\/731-462Tip.jpg\" alt=\"Embout amortissant les chocs\" title=\"Embout amortissant les chocs\" width=\"101\" height=\"177\" class=\"imagesgauche\"><\/p>\n<h4>Embout amortissant les chocs<\/h4>\n<ul style=\"list-style:outside; padding-left: 111px;\">\n<li>\u00c9vas\u00e9, en caoutchouc<\/li>\n<li>Avec rebord ultra-adh\u00e9rant pour plus de stabilit\u00e9 et de traction<\/li>\n<\/ul>\n<p><\/br><\/p>\n<h4>12 hauteurs possibles<\/h4>\n<ul>\n<li>Gr\u00e2ce \u00e0 son \u00e9tendue d&rsquo;ajustement sans \u00e9gale de 12 niveaux, cette canne convient aux gens de&nbsp;152&nbsp;cm \u00e0 195 cm (5 pi \u00e0 6 pi 5 po).<\/li>\n<li>Ajustable de 71 cm \u00e0 99 cm (28 po \u00e0 39 po)<\/li>\n<\/ul>\n<p><img loading=\"lazy\" decoding=\"async\" src=\"http:\/\/www.amgmedical.com\/site\/MaImages\/731-4xxHeightAdjust.jpg\" alt=\"Ajustement en hauteur\" width=\"96\" height=\"144\" class=\"imagesgauche\"><\/p>\n<h4>Ajustement en hauteur<\/h4>\n<ul style=\"list-style:outside; padding-left: 106px;\">\n<li>\u00c0 l&rsquo;aide du bouton-poussoir, ajustez la hauteur de la poign\u00e9e de la canne au niveau de votre poignet.<\/li>\n<\/ul>\n<p><\/br><\/p>\n<ul>\n<li>Poign\u00e9e d\u00e9sax\u00e9e<\/li>\n<li>Capacit\u00e9 maximale : 136 kg (300 lb)<\/li>\n<\/ul>\n<div class=\"fusion-sep-clear\"><\/div><div class=\"fusion-separator fusion-full-width-sep sep-shadow\" style=\"background:radial-gradient(ellipse at 50% -50% , #e0dede 0px, rgba(255, 255, 255, 0) 80%) repeat scroll 0 0 rgba(0, 0, 0, 0);background:-webkit-radial-gradient(ellipse at 50% -50% , #e0dede 0px, rgba(255, 255, 255, 0) 80%) repeat scroll 0 0 rgba(0, 0, 0, 0);background:-moz-radial-gradient(ellipse at 50% -50% , #e0dede 0px, rgba(255, 255, 255, 0) 80%) repeat scroll 0 0 rgba(0, 0, 0, 0);background:-o-radial-gradient(ellipse at 50% -50% , #e0dede 0px, rgba(255, 255, 255, 0) 80%) repeat scroll 0 0 rgba(0, 0, 0, 0);margin-left: auto;margin-right: auto;margin-top:20px;margin-bottom:20px;\"><\/div>\n<h3>Informations sur le produit<\/h3>\n<p><strong>Cannes \u00e0 poign\u00e9e d\u00e9sax\u00e9e de Hugo\u00ae<\/strong><br \/>\nCes cannes sont munies d\u2019une poign\u00e9e d\u00e9sax\u00e9e au design ergonomique, d&rsquo;un embout amortissant les chocs et ont \u00e9tendue d\u2019ajustement sans \u00e9gale.<\/p>\n<div class=\"fusion-one-half fusion-layout-column fusion-spacing-yes\" style=\"margin-top:0px;margin-bottom:20px;\"><div class=\"fusion-column-wrapper\">\n<img loading=\"lazy\" decoding=\"async\" src=\"\/hugo-images\/Ebony.gif\" alt=\"\u00c9b\u00e8ne\" title=\"\u00c9b\u00e8ne\" width=\"50\" height=\"50\" class=\"imagesgauche\"><\/p>\n<p>Couleur : \u00c9b\u00e8ne<br \/>\n<strong>Article no : 731-442<\/strong><\/p>\n<p><img loading=\"lazy\" decoding=\"async\" src=\"\/hugo-images\/Aquamarine.gif\" alt=\"Aigue-marine\" title=\"Aigue-marine\" width=\"50\" height=\"50\" class=\"imagesgauche\"><\/p>\n<p>Couleur : Aigue-marine<br \/>\n<strong>Article no : 731-444<\/strong><\/p>\n<p><img loading=\"lazy\" decoding=\"async\" src=\"\/hugo-images\/Rose.gif\" alt=\"Rose\" title=\"Rose\" width=\"50\" height=\"50\" class=\"imagesgauche\"><\/p>\n<p>Couleur : Rose<br \/>\n<strong>Article no : 731-446<\/strong><\/p>\n<p><img loading=\"lazy\" decoding=\"async\" src=\"\/hugo-images\/Amber.gif\" alt=\"Ambre\" title=\"Ambre\" width=\"50\" height=\"50\" class=\"imagesgauche\"><\/p>\n<p>Couleur : Ambre<br \/>\n<strong>Article no : 731-448<\/strong><\/p>\n<p><img loading=\"lazy\" decoding=\"async\" src=\"\/hugo-images\/Cocoa.gif\" alt=\"Cacao\" title=\"Cacao\" width=\"50\" height=\"50\" class=\"imagesgauche\"><\/p>\n<p>Couleur : Cacao<br \/>\n<strong>Article no : 731-450<\/strong><br \/>\n<div class=\"fusion-clearfix\"><\/div><\/div><\/div>\n<div class=\"fusion-one-half fusion-layout-column fusion-column-last fusion-spacing-yes\" style=\"margin-top:0px;margin-bottom:20px;\"><div class=\"fusion-column-wrapper\">\n<img loading=\"lazy\" decoding=\"async\" src=\"\/hugo-images\/Smoke.gif\" alt=\"Fum\u00e9e\" title=\"Fum\u00e9e\" width=\"50\" height=\"50\" class=\"imagesgauche\"><\/p>\n<p>Couleur : Fum\u00e9e<br \/>\n<strong>Article no : 731-452<\/strong><\/p>\n<p><img loading=\"lazy\" decoding=\"async\" src=\"\/hugo-images\/Paisley.jpg\" alt=\"Cachemire\" title=\"Cachemire\" width=\"50\" height=\"50\" class=\"imagesgauche\"><\/p>\n<p>Couleur : Cachemire<br \/>\n<strong>Article no : 731-454<\/strong><\/p>\n<p><img loading=\"lazy\" decoding=\"async\" src=\"\/hugo-images\/Bubblegum.jpg\" alt=\"Bonbon\" title=\"Bonbon\" width=\"50\" height=\"50\" class=\"imagesgauche\"><\/p>\n<p>Couleur : Bonbon<br \/>\n<strong>Article no : 731-456<\/strong><\/p>\n<p><img loading=\"lazy\" decoding=\"async\" src=\"\/hugo-images\/Carbon-Swirls.jpg\" alt=\"Sillons de carbone\" title=\"Sillons de carbone\" width=\"50\" height=\"50\" class=\"imagesgauche\"><\/p>\n<p>Couleur : Sillons de carbone<br \/>\n<strong>Article no :: 731-458<\/strong><\/p>\n<p><img loading=\"lazy\" decoding=\"async\" src=\"\/hugo-images\/Rainforest.jpg\" alt=\"Jungle\" title=\"Jungle\" width=\"50\" height=\"50\" class=\"imagesgauche\"><\/p>\n<p>Couleur : Jungle<br \/>\n<strong>Article no : 731-460<\/strong><br \/>\n<div class=\"fusion-clearfix\"><\/div><\/div><\/div><div class=\"fusion-clearfix\"><\/div>\n<\/br><\/p>\n<div class=\"fusion-sep-clear\"><\/div><div class=\"fusion-separator fusion-full-width-sep sep-shadow\" style=\"background:radial-gradient(ellipse at 50% -50% , #e0dede 0px, rgba(255, 255, 255, 0) 80%) repeat scroll 0 0 rgba(0, 0, 0, 0);background:-webkit-radial-gradient(ellipse at 50% -50% , #e0dede 0px, rgba(255, 255, 255, 0) 80%) repeat scroll 0 0 rgba(0, 0, 0, 0);background:-moz-radial-gradient(ellipse at 50% -50% , #e0dede 0px, rgba(255, 255, 255, 0) 80%) repeat scroll 0 0 rgba(0, 0, 0, 0);background:-o-radial-gradient(ellipse at 50% -50% , #e0dede 0px, rgba(255, 255, 255, 0) 80%) repeat scroll 0 0 rgba(0, 0, 0, 0);margin-left: auto;margin-right: auto;margin-top:20px;margin-bottom:20px;\"><\/div>\n<h3>Commentaires des clients<\/h3>\n<p><strong>Commentaires recueillis sur les cartes d\u2019enregistrement de produits ou lors de l\u2019enregistrement de produits en ligne :<\/strong><\/p>\n<div class=\"review male\"><blockquote><q style=\"background-color:;color:;\"><span class=\"fusion-dropcap dropcap\" style=\"color:#a0ce4e;\">\u201c<\/span> Excellent \u2013 Bonne appui \u2013 Legere<\/q><\/blockquote><\/div>\nPar : Carmen C. De : St. Leonard<\/p>\n<div class=\"review male\"><blockquote><q style=\"background-color:;color:;\"><span class=\"fusion-dropcap dropcap\" style=\"color:#a0ce4e;\">\u201c<\/span> J&rsquo;ai choisi pour le poignet, une poignee solide<\/q><\/blockquote><\/div>\nPar : Paul M.  De : Quebec<\/p>\n<div class=\"review male\"><blockquote><q style=\"background-color:;color:;\"><span class=\"fusion-dropcap dropcap\" style=\"color:#a0ce4e;\">\u201c<\/span> J&rsquo;aime le fait qu elle est ajustable et comfortable pour moi ou autres personnes canne temporaire donc bon prix selon moi<\/q><\/blockquote><\/div>\nPar : denise c.   De : levis<\/p>\n<div class=\"review male\"><blockquote><q style=\"background-color:;color:;\"><span class=\"fusion-dropcap dropcap\" style=\"color:#a0ce4e;\">\u201c<\/span> Poignee Confortable et Anti-Derapante Longueur ajustable Legere et sangle pratique au poignet.<\/q><\/blockquote><\/div>\nPar : Helene B.  De : Laval<\/p>\n<div class=\"review male\"><blockquote><q style=\"background-color:;color:;\"><span class=\"fusion-dropcap dropcap\" style=\"color:#a0ce4e;\">\u201c<\/span> Ma canne est d\u2019une couleur inegal et magnifique. C\u2019est le comfort au maximum. Je suis fiere de la prendre pour me proteger des chutes. Merci Hugo<\/q><\/blockquote><\/div>\nPar : Lise L. De : Quebec<\/p>\n<div class=\"review male\"><blockquote><q style=\"background-color:;color:;\"><span class=\"fusion-dropcap dropcap\" style=\"color:#a0ce4e;\">\u201c<\/span> Bon produit solide et legerte. Se tien bien et doux a la main.<\/q><\/blockquote><\/div>\nPar : Denyse F.   De : Pont-Rouge<\/p>\n<div class=\"review male\"><blockquote><q style=\"background-color:;color:;\"><span class=\"fusion-dropcap dropcap\" style=\"color:#a0ce4e;\">\u201c<\/span> Je trouve tres pratique j&rsquo;aurais du acheter depuis longtemps. Donne une s\u00e9curit\u00e9e accrue lors de la marche.<\/q><\/blockquote><\/div>\nPar : Denise B.  De : Terrebonne<\/p>\n<div class=\"review male\"><blockquote><q style=\"background-color:;color:;\"><span class=\"fusion-dropcap dropcap\" style=\"color:#a0ce4e;\">\u201c<\/span> Meilleur modele sur le marche. Confortable.meilleure compagnie aussi. \u00ab\u00a0WOW\u00a0\u00bb<\/q><\/blockquote><\/div>\nPar : Jean-Paul A.  De : Lemoyne<\/p>\n<div class=\"review male\"><blockquote><q style=\"background-color:;color:;\"><span class=\"fusion-dropcap dropcap\" style=\"color:#a0ce4e;\">\u201c<\/span> Bonne canne. Poignee avec une bonne appuie. Merci. C&rsquo;est ma deuxieme, 1er 2010 &#8211; 2e 2012<\/q><\/blockquote><\/div>\nPar : Johanne M.  De : Montreal<\/p>\n<div class=\"review male\"><blockquote><q style=\"background-color:;color:;\"><span class=\"fusion-dropcap dropcap\" style=\"color:#a0ce4e;\">\u201c<\/span> Je trouve ma canne vraiment belle. Elle est solide et pas lourde. Elle me convient parfaitement.<\/q><\/blockquote><\/div>\nPar : Carmen A.   De : Trois-Rivi\u00e8res<\/p>\n<div class=\"review male\"><blockquote><q style=\"background-color:;color:;\"><span class=\"fusion-dropcap dropcap\" style=\"color:#a0ce4e;\">\u201c<\/span> J&rsquo;ai beaucoup de probl\u00e8me de sante avec me jambe droite et je suis tres fiere d&rsquo;avoir acheter ma canne Hugo (je l&rsquo;apelle mon ami) je me sens plus en s\u00e9curit\u00e9. J&rsquo;aime bien la poignee et la bosse de ma canne. Merci Beaucoup.<\/q><\/blockquote><\/div>\nPar : Rose-Marie L.   De : Anjou<\/p>\n<p><\/br><\/p>\n<div class=\"fusion-sep-clear\"><\/div><div class=\"fusion-separator fusion-full-width-sep sep-shadow\" style=\"background:radial-gradient(ellipse at 50% -50% , #e0dede 0px, rgba(255, 255, 255, 0) 80%) repeat scroll 0 0 rgba(0, 0, 0, 0);background:-webkit-radial-gradient(ellipse at 50% -50% , #e0dede 0px, rgba(255, 255, 255, 0) 80%) repeat scroll 0 0 rgba(0, 0, 0, 0);background:-moz-radial-gradient(ellipse at 50% -50% , #e0dede 0px, rgba(255, 255, 255, 0) 80%) repeat scroll 0 0 rgba(0, 0, 0, 0);background:-o-radial-gradient(ellipse at 50% -50% , #e0dede 0px, rgba(255, 255, 255, 0) 80%) repeat scroll 0 0 rgba(0, 0, 0, 0);margin-left: auto;margin-right: auto;margin-top:20px;margin-bottom:20px;\"><\/div>\n<\/br><\/p>\n<h3>Soci\u00e9t\u00e9 canadienne de la scl\u00e9rose en plaques<\/h3>\n<p><img loading=\"lazy\" decoding=\"async\" src=\"http:\/\/www.amgmedical.com\/specials\/OtherIM\/MS_SP_Sticker5.gif\" alt=\"Soci\u00e9t\u00e9 canadienne de la scl\u00e9rose en plaques\" title=\"Soci\u00e9t\u00e9 canadienne de la scl\u00e9rose en plaques\" width=\"300\" height=\"127\" border=\"0\" class=\"imagesdroite\" style=\"padding-bottom:50px; position:relative; top:-10px;\">Nous sommes fiers d&rsquo;annoncer notre partenariat avec la Soci\u00e9t\u00e9 canadienne de la scl\u00e9rose en plaques.<\/p>\n<p>Depuis 2009, une partie du produit de la vente des cannes Hugo<sup>\u00ae<\/sup> et des ambulateurs Hugo<sup>\u00ae<\/sup> est donn\u00e9e \u00e0 la <a href=\"http:\/\/www.scleroseenplaques.ca\/\">Soci\u00e9t\u00e9 canadienne de la scl\u00e9rose en plaques<\/a>. Cette derni\u00e8re apporte son soutien, \u00e0 travers tout le Canada, aux personnes qui souffrent de la scl\u00e9rose en plaques.<\/p>\n","protected":false},"excerpt":{"rendered":"<p>Ces cannes \u00e0 poign\u00e9e d\u00e9sax\u00e9e sont munies d\u2019une poign\u00e9e d\u00e9sax\u00e9e au design ergonomique, d&#039;un embout amortissant les chocs et ont une \u00e9tendue d\u2019ajustement sans \u00e9gale.<\/p>\n","protected":false},"featured_media":643,"comment_status":"open","ping_status":"closed","template":"","meta":[],"product_cat":[64],"product_tag":[65,49],"class_list":{"0":"post-642","1":"product","2":"type-product","3":"status-publish","4":"has-post-thumbnail","6":"product_cat-cannes","7":"product_tag-cannes","8":"product_tag-cannes-a-poignee-desaxee","10":"first","11":"instock","12":"shipping-taxable","13":"product-type-simple"},"_links":{"self":[{"href":"http:\/\/www.hugoanywhere.ca\/fr\/wp-json\/wp\/v2\/product\/642"}],"collection":[{"href":"http:\/\/www.hugoanywhere.ca\/fr\/wp-json\/wp\/v2\/product"}],"about":[{"href":"http:\/\/www.hugoanywhere.ca\/fr\/wp-json\/wp\/v2\/types\/product"}],"replies":[{"embeddable":true,"href":"http:\/\/www.hugoanywhere.ca\/fr\/wp-json\/wp\/v2\/comments?post=642"}],"wp:featuredmedia":[{"embeddable":true,"href":"http:\/\/www.hugoanywhere.ca\/fr\/wp-json\/wp\/v2\/media\/643"}],"wp:attachment":[{"href":"http:\/\/www.hugoanywhere.ca\/fr\/wp-json\/wp\/v2\/media?parent=642"}],"wp:term":[{"taxonomy":"product_cat","embeddable":true,"href":"http:\/\/www.hugoanywhere.ca\/fr\/wp-json\/wp\/v2\/product_cat?post=642"},{"taxonomy":"product_tag","embeddable":true,"href":"http:\/\/www.hugoanywhere.ca\/fr\/wp-json\/wp\/v2\/product_tag?post=642"}],"curies":[{"name":"wp","href":"https:\/\/api.w.org\/{rel}","templated":true}]}}