{"id":646,"date":"2014-09-11T12:05:53","date_gmt":"2014-09-11T16:05:53","guid":{"rendered":"http:\/\/www.hugoanywhere.ca\/fr\/?post_type=product&#038;p=646"},"modified":"2014-09-11T14:55:22","modified_gmt":"2014-09-11T18:55:22","slug":"cannes-quadripodes-de-hugo","status":"publish","type":"product","link":"http:\/\/www.hugoanywhere.ca\/fr\/produits\/cannes-quadripodes-de-hugo\/","title":{"rendered":"Cannes quadripodes de Hugo\u00ae"},"content":{"rendered":"<div id=\"attachment_341\" style=\"width: 260px\" class=\"wp-caption alignright\"><a href=\"http:\/\/www.hugoanywhere.ca\/en\/wp-content\/uploads\/2013\/03\/HugoQuadCanes_s.jpg\"><img loading=\"lazy\" decoding=\"async\" aria-describedby=\"caption-attachment-341\" src=\"http:\/\/www.hugoanywhere.ca\/en\/wp-content\/uploads\/2013\/03\/HugoQuadCanes_s.jpg\" alt=\"Cannes quadripodes de Hugo\u00ae, avec une base large ou une petite base\" width=\"250\" height=\"630\" class=\"size-full wp-image-341\" \/><\/a><p id=\"caption-attachment-341\" class=\"wp-caption-text\">Cannes quadripodes de Hugo\u00ae, avec une base large ou une petite base, couleurs : \u00c9b\u00e8ne, Cacao et Rose<\/p><\/div>\n<h4>Munies d&rsquo;une poign\u00e9e au design ergonomique, d&rsquo;une base quadripode en K et d&rsquo;une \u00e9tendue d&rsquo;ajustement sans \u00e9gale.<\/h4>\n<p>Pour les personnes qui ont besoin d&rsquo;une aide suppl\u00e9mentaire au niveau de leur \u00e9quilibre, la canne quadripode de Hugo\u00ae, ajustable et l\u00e9g\u00e8re, offre un soutien ultra-stable. Construite pour durer avec de l\u2019aluminium de qualit\u00e9 a\u00e9ronautique, cette canne, qui tient debout par elle-m\u00eame, est con\u00e7ue pour bien vous supporter. De plus, la canne quadripode Hugo\u00ae s\u2019ajuste sans outil.<\/p>\n<p>La base quadripode en K pivote et se verrouille en position pour accommoder autant  les utilisateurs droitiers que gauchers. La base est disponible en taille petite ou grande pour une plus grande stabilit\u00e9. <\/p>\n<p>11 r\u00e9glages en hauteur, ajustables par bouton-poussoir, assurent un bon positionnement, ce qui r\u00e9duit le stress au niveau de votre poignet, de l&rsquo;\u00e9paule et du dos.<\/p>\n<p>La canne quadripode Hugo \u00ae est munie d&rsquo;une poign\u00e9e ergonomique cousin\u00e9e confortable et  d\u2019embouts en caoutchouc antid\u00e9rapant qui absorbent les chocs et assurent une traction suppl\u00e9mentaire.<\/p>\n<p><img loading=\"lazy\" decoding=\"async\" src=\"http:\/\/www.amgmedical.com\/site\/MaImages\/731-442ErgoHandle.jpg\" alt=\"Poign\u00e9e ergonomique\" width=\"109\" height=\"177\" class=\"imagesgauche\"><\/p>\n<h4>Poign\u00e9e ergonomique<\/h4>\n<ul style=\"list-style:outside; padding-left: 119px;\">\n<li>Dessus de poign\u00e9e coussin\u00e9 qui \u00e9pouse la main et amortit les chocs.<\/li>\n<li>Con\u00e7ue pour \u00eatre plus confortable dans votre main.li>\n<li>Courroie de canne avec pi\u00e8ce r\u00e9fl\u00e9chissante pour plus de s\u00e9curit\u00e9.<\/li>\n<\/ul>\n<p><img loading=\"lazy\" decoding=\"async\" src=\"http:\/\/www.amgmedical.com\/site\/MaImages\/731-840Base.jpg\" alt=\"Base quadripode en K\" width=\"132\" height=\"177\" class=\"imagesgauche\"><\/p>\n<h4>Base quadripode en K<\/h4>\n<ul style=\"list-style:outside; padding-left: 142px;\">\n<li>Offre une plus grande stabilit\u00e9.<\/li>\n<li>Pivote ais\u00e9ment pour \u00eatre utilis\u00e9e soit du c\u00f4t\u00e9 droit, soit du c\u00f4t\u00e9 gauche.<\/li>\n<\/ul>\n<p><\/br><\/p>\n<h4>11 hauteurs possibles<\/h4>\n<ul>\n<li>Gr\u00e2ce \u00e0 son \u00e9tendue d&rsquo;ajustement sans \u00e9gale de 11 niveaux, cette canne convient aux gens de 152 cm \u00e0 195 cm (5 pi \u00e0 6 pi 5 po).<\/li>\n<li>Canne adjustable en hauteur allant de 71 cm \u00e0 99 cm (28 po \u00e0 39 po).<\/li>\n<\/ul>\n<p><img loading=\"lazy\" decoding=\"async\" src=\"http:\/\/www.amgmedical.com\/site\/MaImages\/731-4xxHeightAdjust.jpg\" alt=\"Ajustement en hauteur\" width=\"96\" height=\"144\" class=\"imagesgauche\"><\/p>\n<h4>Ajustement en hauteur<\/h4>\n<ul style=\"list-style:outside; padding-left: 106px;\">\n<li>\u00c0 l&rsquo;aide du bouton-poussoir, ajustez la hauteur de la poign\u00e9e de la canne au niveau de votre poignet.<\/li>\n<\/ul>\n<p><\/br><\/p>\n<ul>\n<li>Tient debout par elle-m\u00eame<\/li>\n<li>Capacit\u00e9 maximale : 136 kg (300 lb)<\/li>\n<\/ul>\n<div class=\"fusion-sep-clear\"><\/div><div class=\"fusion-separator fusion-full-width-sep sep-shadow\" style=\"background:radial-gradient(ellipse at 50% -50% , #e0dede 0px, rgba(255, 255, 255, 0) 80%) repeat scroll 0 0 rgba(0, 0, 0, 0);background:-webkit-radial-gradient(ellipse at 50% -50% , #e0dede 0px, rgba(255, 255, 255, 0) 80%) repeat scroll 0 0 rgba(0, 0, 0, 0);background:-moz-radial-gradient(ellipse at 50% -50% , #e0dede 0px, rgba(255, 255, 255, 0) 80%) repeat scroll 0 0 rgba(0, 0, 0, 0);background:-o-radial-gradient(ellipse at 50% -50% , #e0dede 0px, rgba(255, 255, 255, 0) 80%) repeat scroll 0 0 rgba(0, 0, 0, 0);margin-left: auto;margin-right: auto;margin-top:20px;margin-bottom:20px;\"><\/div>\n<h3>Informations sur le produit<\/h3>\n<p><strong>Cannes quadripodes de Hugo\u00ae<\/strong><br \/>\nMunies d&rsquo;une poign\u00e9e au design ergonomique, d&rsquo;une base quadripode en K et d&rsquo;une \u00e9tendue d&rsquo;ajustement sans \u00e9gale.<\/p>\n<div class=\"fusion-one-half fusion-layout-column fusion-spacing-yes\" style=\"margin-top:0px;margin-bottom:20px;\"><div class=\"fusion-column-wrapper\">\n<h4>Cannes quadripodes \u00e0 base large de Hugo<sup>\u00ae<\/sup><\/h4>\n<p><img loading=\"lazy\" decoding=\"async\" src=\"\/hugo-images\/Ebony.gif\" alt=\"\u00c9b\u00e8ne\" title=\"\u00c9b\u00e8ne\" width=\"50\" height=\"50\" class=\"imagesgauche\"><\/p>\n<p>Couleur : \u00c9b\u00e8ne<br \/>\n<strong>Article no : 731-840<\/strong><\/p>\n<p><img loading=\"lazy\" decoding=\"async\" src=\"\/hugo-images\/Cocoa.gif\" alt=\"Cacao\" title=\"Cacao\" width=\"50\" height=\"50\" class=\"imagesgauche\"><\/p>\n<p>Couleur : Cacao<br \/>\n<strong>Article no : 731-842<\/strong><\/p>\n<p><img loading=\"lazy\" decoding=\"async\" src=\"\/hugo-images\/Rose.gif\" alt=\"Rose\" title=\"Rose\" width=\"50\" height=\"50\" class=\"imagesgauche\"><\/p>\n<p>Couleur : Rose<br \/>\n<strong>Article no : 731-844<\/strong><br \/>\n<div class=\"fusion-clearfix\"><\/div><\/div><\/div>\n<div class=\"fusion-one-half fusion-layout-column fusion-column-last fusion-spacing-yes\" style=\"margin-top:0px;margin-bottom:20px;\"><div class=\"fusion-column-wrapper\">\n<h4>Cannes quadripodes \u00e0 petite base de Hugo<sup>\u00ae<\/sup><\/h4>\n<p><img loading=\"lazy\" decoding=\"async\" src=\"\/hugo-images\/Ebony.gif\" alt=\"\u00c9b\u00e8ne\" title=\"\u00c9b\u00e8ne\" width=\"50\" height=\"50\" class=\"imagesgauche\"><\/p>\n<p>Couleur : \u00c9b\u00e8ne<br \/>\n<strong>Article no : 731-850<\/strong><\/p>\n<p><img loading=\"lazy\" decoding=\"async\" src=\"\/hugo-images\/Cocoa.gif\" alt=\"Cacao\" title=\"Cacao\" width=\"50\" height=\"50\" class=\"imagesgauche\"><\/p>\n<p>Couleur : Cacao<br \/>\n<strong>Article no : 731-852<\/strong><\/p>\n<p><img loading=\"lazy\" decoding=\"async\" src=\"\/hugo-images\/Rose.gif\" alt=\"Rose\" title=\"Rose\" width=\"50\" height=\"50\" class=\"imagesgauche\"><\/p>\n<p>Couleur : Rose<br \/>\n<strong>Article no : 731-854<\/strong><br \/>\n<div class=\"fusion-clearfix\"><\/div><\/div><\/div><div class=\"fusion-clearfix\"><\/div>\n<div class=\"fusion-sep-clear\"><\/div><div class=\"fusion-separator fusion-full-width-sep sep-shadow\" style=\"background:radial-gradient(ellipse at 50% -50% , #e0dede 0px, rgba(255, 255, 255, 0) 80%) repeat scroll 0 0 rgba(0, 0, 0, 0);background:-webkit-radial-gradient(ellipse at 50% -50% , #e0dede 0px, rgba(255, 255, 255, 0) 80%) repeat scroll 0 0 rgba(0, 0, 0, 0);background:-moz-radial-gradient(ellipse at 50% -50% , #e0dede 0px, rgba(255, 255, 255, 0) 80%) repeat scroll 0 0 rgba(0, 0, 0, 0);background:-o-radial-gradient(ellipse at 50% -50% , #e0dede 0px, rgba(255, 255, 255, 0) 80%) repeat scroll 0 0 rgba(0, 0, 0, 0);margin-left: auto;margin-right: auto;margin-top:20px;margin-bottom:20px;\"><\/div>\n<\/br><\/p>\n<h3>Soci\u00e9t\u00e9 canadienne de la scl\u00e9rose en plaques<\/h3>\n<p><img loading=\"lazy\" decoding=\"async\" src=\"http:\/\/www.amgmedical.com\/specials\/OtherIM\/MS_SP_Sticker5.gif\" alt=\"Soci\u00e9t\u00e9 canadienne de la scl\u00e9rose en plaques\" title=\"Soci\u00e9t\u00e9 canadienne de la scl\u00e9rose en plaques\" width=\"300\" height=\"127\" border=\"0\" class=\"imagesdroite\" style=\"padding-bottom:50px; position:relative; top:-10px;\">Nous sommes fiers d&rsquo;annoncer notre partenariat avec la Soci\u00e9t\u00e9 canadienne de la scl\u00e9rose en plaques.<\/p>\n<p>Depuis 2009, une partie du produit de la vente des cannes Hugo<sup>\u00ae<\/sup> et des ambulateurs Hugo<sup>\u00ae<\/sup> est donn\u00e9e \u00e0 la <a href=\"http:\/\/www.scleroseenplaques.ca\/\">Soci\u00e9t\u00e9 canadienne de la scl\u00e9rose en plaques<\/a>. Cette derni\u00e8re apporte son soutien, \u00e0 travers tout le Canada, aux personnes qui souffrent de la scl\u00e9rose en plaques.<\/p>\n","protected":false},"excerpt":{"rendered":"<p> [&hellip;]<\/p>\n","protected":false},"featured_media":647,"comment_status":"open","ping_status":"closed","template":"","meta":[],"product_cat":[64],"product_tag":[65,50],"class_list":{"0":"post-646","1":"product","2":"type-product","3":"status-publish","4":"has-post-thumbnail","6":"product_cat-cannes","7":"product_tag-cannes","8":"product_tag-cannes-quadripodes","10":"first","11":"instock","12":"shipping-taxable","13":"product-type-simple"},"_links":{"self":[{"href":"http:\/\/www.hugoanywhere.ca\/fr\/wp-json\/wp\/v2\/product\/646"}],"collection":[{"href":"http:\/\/www.hugoanywhere.ca\/fr\/wp-json\/wp\/v2\/product"}],"about":[{"href":"http:\/\/www.hugoanywhere.ca\/fr\/wp-json\/wp\/v2\/types\/product"}],"replies":[{"embeddable":true,"href":"http:\/\/www.hugoanywhere.ca\/fr\/wp-json\/wp\/v2\/comments?post=646"}],"wp:featuredmedia":[{"embeddable":true,"href":"http:\/\/www.hugoanywhere.ca\/fr\/wp-json\/wp\/v2\/media\/647"}],"wp:attachment":[{"href":"http:\/\/www.hugoanywhere.ca\/fr\/wp-json\/wp\/v2\/media?parent=646"}],"wp:term":[{"taxonomy":"product_cat","embeddable":true,"href":"http:\/\/www.hugoanywhere.ca\/fr\/wp-json\/wp\/v2\/product_cat?post=646"},{"taxonomy":"product_tag","embeddable":true,"href":"http:\/\/www.hugoanywhere.ca\/fr\/wp-json\/wp\/v2\/product_tag?post=646"}],"curies":[{"name":"wp","href":"https:\/\/api.w.org\/{rel}","templated":true}]}}