{"id":650,"date":"2014-09-11T14:48:29","date_gmt":"2014-09-11T18:48:29","guid":{"rendered":"http:\/\/www.hugoanywhere.ca\/fr\/?post_type=product&#038;p=650"},"modified":"2014-09-11T16:22:23","modified_gmt":"2014-09-11T20:22:23","slug":"canne-quadpod-de-hugo","status":"publish","type":"product","link":"http:\/\/www.hugoanywhere.ca\/fr\/produits\/canne-quadpod-de-hugo\/","title":{"rendered":"Cannes QuadPod de Hugo\u00ae"},"content":{"rendered":"<div id=\"attachment_652\" style=\"width: 185px\" class=\"wp-caption alignright\"><a href=\"http:\/\/www.hugoanywhere.ca\/fr\/wp-content\/uploads\/2014\/09\/Hugo-QuadPod-Canes_b.jpg\"><img loading=\"lazy\" decoding=\"async\" aria-describedby=\"caption-attachment-652\" src=\"http:\/\/www.hugoanywhere.ca\/fr\/wp-content\/uploads\/2014\/09\/Hugo-QuadPod-Canes_b-175x300.jpg\" alt=\"Cannes QuadPod de Hugo\u00ae, 3 couleurs: \u00c9b\u00e8ne, fum\u00e9e et Aigue-marine\" width=\"175\" height=\"300\" class=\"size-medium wp-image-652\" srcset=\"http:\/\/www.hugoanywhere.ca\/fr\/wp-content\/uploads\/2014\/09\/Hugo-QuadPod-Canes_b-175x300.jpg 175w, http:\/\/www.hugoanywhere.ca\/fr\/wp-content\/uploads\/2014\/09\/Hugo-QuadPod-Canes_b-300x514.jpg 300w, http:\/\/www.hugoanywhere.ca\/fr\/wp-content\/uploads\/2014\/09\/Hugo-QuadPod-Canes_b-500x857.jpg 500w, http:\/\/www.hugoanywhere.ca\/fr\/wp-content\/uploads\/2014\/09\/Hugo-QuadPod-Canes_b-597x1024.jpg 597w, http:\/\/www.hugoanywhere.ca\/fr\/wp-content\/uploads\/2014\/09\/Hugo-QuadPod-Canes_b.jpg 598w\" sizes=\"(max-width: 175px) 100vw, 175px\" \/><\/a><p id=\"caption-attachment-652\" class=\"wp-caption-text\">Cannes QuadPod de Hugo\u00ae, 3 couleurs: \u00c9b\u00e8ne, fum\u00e9e et Aigue-marine<\/p><\/div>\n<h4>Une canne \u00e0 poign\u00e9e d\u00e9sax\u00e9e munie d&rsquo;un embout innovateur et ultra-stable QuadPod de Hugo<sup>\u00ae<\/sup>.<\/h4>\n<p>La nouvelle canne ajustable en aluminium QuadPod de Hugo\u00ae est munie d\u2019un embout de canne innovateur ultra-stable et d\u2019une poign\u00e9e ergonomique. L\u2019embout, de style quadripode, ajoute \u00e0 la stabilit\u00e9 de la canne, et sa poign\u00e9e, de type ergonomique, offre un confort sup\u00e9rieur pour une s\u00e9curit\u00e9 accrue.<\/p>\n<p>Cette canne \u00e0 poign\u00e9e d\u00e9sax\u00e9e est munie d&rsquo;un embout de canne interm\u00e9diaire ultra-stable qui donne les avantages de la stabilit\u00e9 d&rsquo;une base quadripode dans un espace comparable \u00e0 celui d\u2019un embout de canne normal.<\/p>\n<p><img loading=\"lazy\" decoding=\"async\" src=\"http:\/\/www.amgmedical.com\/site\/MaImages\/731-857undertip.jpg\" alt=\"Embout de canne ultra stable QuadPod\" title=\"Embout de canne ultra-stable QuadPod\" width=\"196\" height=\"202\" class=\"imagesgauche\"><\/p>\n<h4>Embout de canne ultra-stable QuadPod<\/h4>\n<ul style=\"list-style:outside; padding-left: 206px;\">\n<li>54% plus l\u00e9ger et 80% plus compact qu&rsquo;une canne quadripode \u00e0 base large<\/li>\n<li>Son design unique aide la canne \u00e0 se recentrer pour une stabilit\u00e9 accrue<\/li>\n<li>Permet \u00e0 la canne de tenir debout sans aide<\/li>\n<\/ul>\n<p><\/br><br \/>\n<img loading=\"lazy\" decoding=\"async\" src=\"http:\/\/www.amgmedical.com\/site\/MaImages\/731-442ErgoHandle.jpg\" alt=\"Poign\u00e9e ergonomique\" width=\"109\" height=\"177\" class=\"imagesgauche\"><\/p>\n<h4>Poign\u00e9e ergonomique<\/h4>\n<ul style=\"list-style:outside; padding-left: 119px;\">\n<li>Dessus de poign\u00e9e coussin\u00e9 qui \u00e9pouse la main et amortit les chocs<\/li>\n<li>Con\u00e7u pour \u00eatre plus confortable dans votre main<\/li>\n<li>Courroie de canne avec pi\u00e8ce r\u00e9fl\u00e9chissante pour plus de s\u00e9curit\u00e9<\/li>\n<\/ul>\n<p><\/br><\/p>\n<h4>12 hauteurs possibles<\/h4>\n<ul>\n<li>Gr\u00e2ce \u00e0 son \u00e9tendue d&rsquo;ajustement sans \u00e9gale de 12 niveaux, cette canne convient aux gens de 152 cm \u00e0 195 cm (5 pi \u00e0 6 pi 5 po)<\/li>\n<li>Ajustable de 71 cm \u00e0 99 cm (28 po \u00e0 39 po)<\/li>\n<\/ul>\n<p><img loading=\"lazy\" decoding=\"async\" src=\"http:\/\/www.amgmedical.com\/site\/MaImages\/731-4xxHeightAdjust.jpg\" alt=\"Ajustement en hauteur\" width=\"96\" height=\"144\" class=\"imagesgauche\"><\/p>\n<h4>Ajustement en hauteur<\/h4>\n<ul style=\"list-style:outside; padding-left: 106px;\">\n<li>\u00c0 l&rsquo;aide du bouton-poussoir, ajustez la hauteur de la poign\u00e9e de la canne au niveau de votre poignet<\/li>\n<\/ul>\n<p><\/br><br \/>\n<div id=\"attachment_337\" style=\"width: 310px\" class=\"wp-caption alignright\"><a href=\"http:\/\/www.hugoanywhere.ca\/en\/wp-content\/uploads\/2013\/03\/quadpodcane-tip.jpg\"><img loading=\"lazy\" decoding=\"async\" aria-describedby=\"caption-attachment-337\" src=\"http:\/\/www.hugoanywhere.ca\/en\/wp-content\/uploads\/2013\/03\/quadpodcane-tip-300x229.jpg\" alt=\"L'embout ultra-stable QuadPod est 54% plus l\u00e9ger et 80% plus compact que la base d'une canne quadripode \u00e0 base large\" width=\"300\" height=\"229\" class=\"size-medium wp-image-337\" \/><\/a><p id=\"caption-attachment-337\" class=\"wp-caption-text\">L&#8217;embout ultra-stable QuadPod est 54% plus l\u00e9ger et 80% plus compact que la base d&rsquo;une canne quadripode \u00e0 base large<\/p><\/div><\/p>\n<ul>\n<li>Son design innovateur permet \u00e0 la canne de tenir debout sans aide<\/li>\n<li>Capacit\u00e9 maximale : 136 kg (300 lb)<\/li>\n<\/ul>\n<div class=\"fusion-sep-clear\"><\/div><div class=\"fusion-separator fusion-full-width-sep sep-shadow\" style=\"background:radial-gradient(ellipse at 50% -50% , #e0dede 0px, rgba(255, 255, 255, 0) 80%) repeat scroll 0 0 rgba(0, 0, 0, 0);background:-webkit-radial-gradient(ellipse at 50% -50% , #e0dede 0px, rgba(255, 255, 255, 0) 80%) repeat scroll 0 0 rgba(0, 0, 0, 0);background:-moz-radial-gradient(ellipse at 50% -50% , #e0dede 0px, rgba(255, 255, 255, 0) 80%) repeat scroll 0 0 rgba(0, 0, 0, 0);background:-o-radial-gradient(ellipse at 50% -50% , #e0dede 0px, rgba(255, 255, 255, 0) 80%) repeat scroll 0 0 rgba(0, 0, 0, 0);margin-left: auto;margin-right: auto;margin-top:20px;margin-bottom:20px;\"><\/div>\n<h3>Informations sur le produit<\/h3>\n<p><strong>Canne QuadPod de Hugo\u00ae<\/strong><br \/>\nUne canne \u00e0 poign\u00e9e d\u00e9sax\u00e9e en aluminium munie de l&#8217;embout ultra-stable QuadPod<\/p>\n<p><img loading=\"lazy\" decoding=\"async\" src=\"\/hugo-images\/Ebony.gif\" alt=\"\u00c9b\u00e8ne\" title=\"\u00c9b\u00e8ne\" width=\"50\" height=\"50\" class=\"imagesgauche\"><\/p>\n<p>Couleur : \u00c9b\u00e8ne<br \/>\n<strong>Article no : 731-857<\/strong><\/p>\n<p><img loading=\"lazy\" decoding=\"async\" src=\"\/hugo-images\/Smoke.gif\" alt=\"Fum\u00e9e\" title=\"Fum\u00e9e\" width=\"50\" height=\"50\" class=\"imagesgauche\"><\/p>\n<p>Couleur : Fum\u00e9e<br \/>\n<strong>Article no : 731-858<\/strong><\/p>\n<p><img loading=\"lazy\" decoding=\"async\" src=\"\/hugo-images\/Aquamarine.gif\" alt=\"Aigue-marine\" title=\"Aigue-marine\" width=\"50\" height=\"50\" class=\"imagesgauche\"><\/p>\n<p>Couleur : Aigue-marine<br \/>\n<strong>Article no : 731-859<\/strong><\/p>\n<div class=\"fusion-sep-clear\"><\/div><div class=\"fusion-separator fusion-full-width-sep sep-shadow\" style=\"background:radial-gradient(ellipse at 50% -50% , #e0dede 0px, rgba(255, 255, 255, 0) 80%) repeat scroll 0 0 rgba(0, 0, 0, 0);background:-webkit-radial-gradient(ellipse at 50% -50% , #e0dede 0px, rgba(255, 255, 255, 0) 80%) repeat scroll 0 0 rgba(0, 0, 0, 0);background:-moz-radial-gradient(ellipse at 50% -50% , #e0dede 0px, rgba(255, 255, 255, 0) 80%) repeat scroll 0 0 rgba(0, 0, 0, 0);background:-o-radial-gradient(ellipse at 50% -50% , #e0dede 0px, rgba(255, 255, 255, 0) 80%) repeat scroll 0 0 rgba(0, 0, 0, 0);margin-left: auto;margin-right: auto;margin-top:20px;margin-bottom:20px;\"><\/div>\n<\/br><\/p>\n<h3>Soci\u00e9t\u00e9 canadienne de la scl\u00e9rose en plaques<\/h3>\n<p><img loading=\"lazy\" decoding=\"async\" src=\"http:\/\/www.amgmedical.com\/specials\/OtherIM\/MS_SP_Sticker5.gif\" alt=\"Soci\u00e9t\u00e9 canadienne de la scl\u00e9rose en plaques\" title=\"Soci\u00e9t\u00e9 canadienne de la scl\u00e9rose en plaques\" width=\"300\" height=\"127\" border=\"0\" class=\"imagesdroite\" style=\"padding-bottom:50px; position:relative; top:-10px;\">Nous sommes fiers d&rsquo;annoncer notre partenariat avec la Soci\u00e9t\u00e9 canadienne de la scl\u00e9rose en plaques.<\/p>\n<p>Depuis 2009, une partie du produit de la vente des cannes Hugo<sup>\u00ae<\/sup> et des ambulateurs Hugo<sup>\u00ae<\/sup> est donn\u00e9e \u00e0 la <a href=\"http:\/\/www.scleroseenplaques.ca\/\">Soci\u00e9t\u00e9 canadienne de la scl\u00e9rose en plaques<\/a>. Cette derni\u00e8re apporte son soutien, \u00e0 travers tout le Canada, aux personnes qui souffrent de la scl\u00e9rose en plaques.<\/p>\n","protected":false},"excerpt":{"rendered":"<p>Une canne en aluminium \u00e0 poign\u00e9e d\u00e9sax\u00e9e munie d&#039;un embout innovateur et ultra-stable QuadPod de Hugo\u00ae<\/p>\n","protected":false},"featured_media":653,"comment_status":"open","ping_status":"closed","template":"","meta":[],"product_cat":[64],"product_tag":[65,51],"class_list":{"0":"post-650","1":"product","2":"type-product","3":"status-publish","4":"has-post-thumbnail","6":"product_cat-cannes","7":"product_tag-cannes","8":"product_tag-cannes-quadpod","10":"first","11":"instock","12":"shipping-taxable","13":"product-type-simple"},"_links":{"self":[{"href":"http:\/\/www.hugoanywhere.ca\/fr\/wp-json\/wp\/v2\/product\/650"}],"collection":[{"href":"http:\/\/www.hugoanywhere.ca\/fr\/wp-json\/wp\/v2\/product"}],"about":[{"href":"http:\/\/www.hugoanywhere.ca\/fr\/wp-json\/wp\/v2\/types\/product"}],"replies":[{"embeddable":true,"href":"http:\/\/www.hugoanywhere.ca\/fr\/wp-json\/wp\/v2\/comments?post=650"}],"wp:featuredmedia":[{"embeddable":true,"href":"http:\/\/www.hugoanywhere.ca\/fr\/wp-json\/wp\/v2\/media\/653"}],"wp:attachment":[{"href":"http:\/\/www.hugoanywhere.ca\/fr\/wp-json\/wp\/v2\/media?parent=650"}],"wp:term":[{"taxonomy":"product_cat","embeddable":true,"href":"http:\/\/www.hugoanywhere.ca\/fr\/wp-json\/wp\/v2\/product_cat?post=650"},{"taxonomy":"product_tag","embeddable":true,"href":"http:\/\/www.hugoanywhere.ca\/fr\/wp-json\/wp\/v2\/product_tag?post=650"}],"curies":[{"name":"wp","href":"https:\/\/api.w.org\/{rel}","templated":true}]}}