{"id":660,"date":"2014-09-18T14:53:42","date_gmt":"2014-09-18T18:53:42","guid":{"rendered":"http:\/\/www.hugoanywhere.ca\/fr\/?post_type=product&#038;p=660"},"modified":"2014-09-19T16:22:03","modified_gmt":"2014-09-19T20:22:03","slug":"embout-de-canne-ultra-stable-quadpod-par-hugo","status":"publish","type":"product","link":"http:\/\/www.hugoanywhere.ca\/fr\/produits\/embout-de-canne-ultra-stable-quadpod-par-hugo\/","title":{"rendered":"Embout de canne ultra-stable QuadPod\u2122 de Hugo\u00ae"},"content":{"rendered":"<div id=\"attachment_233\" style=\"width: 310px\" class=\"wp-caption alignright\"><a href=\"http:\/\/www.hugoanywhere.ca\/en\/wp-content\/uploads\/2013\/03\/781-030_M_XL.jpg\"><img loading=\"lazy\" decoding=\"async\" aria-describedby=\"caption-attachment-233\" src=\"http:\/\/www.hugoanywhere.ca\/en\/wp-content\/uploads\/2013\/03\/781-030_M_XL-300x300.jpg\" alt=\"Embout de canne ultra-stable QuadPod pour cannes r\u00e9guli\u00e8res\" width=\"300\" height=\"300\" class=\"size-medium wp-image-233\" \/><\/a><p id=\"caption-attachment-233\" class=\"wp-caption-text\">Embout de canne ultra-stable QuadPod, par Hugo\u00ae<\/p><\/div>\n<h4>Embout de canne ultra-stable QuadPod\u2122<br \/>\nPour cannes r\u00e9guli\u00e8res !<\/h4>\n<p>Le nouvel embout QuadPod ultra stable de Hugo\u00ae est 54% plus l\u00e9ger et 80% plus compact qu&rsquo;une canne quadripode \u00e0 base large. Son design unique aide la canne \u00e0 se recentrer pour une stabilit\u00e9 accrue. De plus, son design innovateur permet \u00e0 la canne qui en est munie de tenir debout sans aide.<\/p>\n<ul>\n<li>S\u2019adapte \u00e0 la majorit\u00e9 des cannes en aluminium ayant un diam\u00e8tre de 1,9 cm (3\/4 de po)<\/li>\n<li>Capacit\u00e9 de poids : 136 kg (300 livres)<\/li>\n<\/ul>\n<div class=\"fusion-sep-clear\"><\/div><div class=\"fusion-separator fusion-full-width-sep sep-shadow\" style=\"background:radial-gradient(ellipse at 50% -50% , #e0dede 0px, rgba(255, 255, 255, 0) 80%) repeat scroll 0 0 rgba(0, 0, 0, 0);background:-webkit-radial-gradient(ellipse at 50% -50% , #e0dede 0px, rgba(255, 255, 255, 0) 80%) repeat scroll 0 0 rgba(0, 0, 0, 0);background:-moz-radial-gradient(ellipse at 50% -50% , #e0dede 0px, rgba(255, 255, 255, 0) 80%) repeat scroll 0 0 rgba(0, 0, 0, 0);background:-o-radial-gradient(ellipse at 50% -50% , #e0dede 0px, rgba(255, 255, 255, 0) 80%) repeat scroll 0 0 rgba(0, 0, 0, 0);margin-left: auto;margin-right: auto;margin-top:20px;margin-bottom:20px;\"><\/div>\n<h3>Informations sur le produit<\/h3>\n<p><strong>Embout de canne ultra-stable QuadPod\u2122 de Hugo\u00ae<\/strong><br \/>\nCouleur : Noir<br \/>\nS\u2019adapte \u00e0 la majorit\u00e9 des cannes en aluminium ayant un diam\u00e8tre de 1,9 cm (3\/4 de po)<br \/>\n<strong>Article no: 781-030<\/strong><\/p>\n","protected":false},"excerpt":{"rendered":"<p>Le nouvel embout QuadPod ultra stable de Hugo\u00ae est 54% plus l\u00e9ger et 80% plus compact qu&#039;une canne quadripode \u00e0 base large.<\/p>\n","protected":false},"featured_media":662,"comment_status":"open","ping_status":"closed","template":"","meta":[],"product_cat":[66,64],"product_tag":[52,80],"class_list":{"0":"post-660","1":"product","2":"type-product","3":"status-publish","4":"has-post-thumbnail","6":"product_cat-accessoires-de-cannes","7":"product_cat-cannes","8":"product_tag-canne-qui-tient-debout","9":"product_tag-embout-de-canne","11":"first","12":"instock","13":"shipping-taxable","14":"product-type-simple"},"_links":{"self":[{"href":"http:\/\/www.hugoanywhere.ca\/fr\/wp-json\/wp\/v2\/product\/660"}],"collection":[{"href":"http:\/\/www.hugoanywhere.ca\/fr\/wp-json\/wp\/v2\/product"}],"about":[{"href":"http:\/\/www.hugoanywhere.ca\/fr\/wp-json\/wp\/v2\/types\/product"}],"replies":[{"embeddable":true,"href":"http:\/\/www.hugoanywhere.ca\/fr\/wp-json\/wp\/v2\/comments?post=660"}],"wp:featuredmedia":[{"embeddable":true,"href":"http:\/\/www.hugoanywhere.ca\/fr\/wp-json\/wp\/v2\/media\/662"}],"wp:attachment":[{"href":"http:\/\/www.hugoanywhere.ca\/fr\/wp-json\/wp\/v2\/media?parent=660"}],"wp:term":[{"taxonomy":"product_cat","embeddable":true,"href":"http:\/\/www.hugoanywhere.ca\/fr\/wp-json\/wp\/v2\/product_cat?post=660"},{"taxonomy":"product_tag","embeddable":true,"href":"http:\/\/www.hugoanywhere.ca\/fr\/wp-json\/wp\/v2\/product_tag?post=660"}],"curies":[{"name":"wp","href":"https:\/\/api.w.org\/{rel}","templated":true}]}}