{"id":664,"date":"2014-09-18T15:20:00","date_gmt":"2014-09-18T19:20:00","guid":{"rendered":"http:\/\/www.hugoanywhere.ca\/fr\/?post_type=product&#038;p=664"},"modified":"2014-09-19T16:21:20","modified_gmt":"2014-09-19T20:21:20","slug":"embout-de-canne-ultra-grip-de-hugo","status":"publish","type":"product","link":"http:\/\/www.hugoanywhere.ca\/fr\/produits\/embout-de-canne-ultra-grip-de-hugo\/","title":{"rendered":"Embout de canne Ultra-Grip de Hugo\u00ae"},"content":{"rendered":"<div id=\"attachment_188\" style=\"width: 301px\" class=\"wp-caption alignright\"><a href=\"http:\/\/www.hugoanywhere.ca\/en\/wp-content\/uploads\/2013\/03\/731-001.jpg\"><img loading=\"lazy\" decoding=\"async\" aria-describedby=\"caption-attachment-188\" src=\"http:\/\/www.hugoanywhere.ca\/en\/wp-content\/uploads\/2013\/03\/731-001.jpg\" alt=\"Embout de canne Ultra-Grip avec rebord Ultra-Grip\u2122 de Hugo\u00ae\" width=\"291\" height=\"432\" class=\"size-full wp-image-188\" \/><\/a><p id=\"caption-attachment-188\" class=\"wp-caption-text\">Embout de canne Ultra-Grip avec rebord Ultra-Grip\u2122 de Hugo\u00ae<\/p><\/div>\n<h4>Embout amortissant avec rebord ultra-adh\u00e9rant Ultra-Grip Edge\u2122<\/h4>\n<p>Le nouvel embout de canne Ultra-Grip de Hugo amortit mieux les chocs gr\u00e2ce au rebord Ultra-Grip Edge\u2122. De plus. l\u2019Ultra-Grip Edge\u2122  donne une surface de contact plus fluide, sur toutes les vari\u00e9t\u00e9s de terrain, que ce soit sur des trottoirs printaniers ou sur du feuillage d&rsquo;automne, et partout o\u00f9 vous d\u00e9sirez aller!<\/p>\n<ul>\n<li>Convient \u00e0 la plupart des cannes en aluminium<\/li>\n<li>Contact fluide<\/li>\n<li>Adh\u00e9rence sup\u00e9rieure<\/li>\n<li>Absorbe les chocs<\/li>\n<\/ul>\n<div class=\"fusion-sep-clear\"><\/div><div class=\"fusion-separator fusion-full-width-sep sep-shadow\" style=\"background:radial-gradient(ellipse at 50% -50% , #e0dede 0px, rgba(255, 255, 255, 0) 80%) repeat scroll 0 0 rgba(0, 0, 0, 0);background:-webkit-radial-gradient(ellipse at 50% -50% , #e0dede 0px, rgba(255, 255, 255, 0) 80%) repeat scroll 0 0 rgba(0, 0, 0, 0);background:-moz-radial-gradient(ellipse at 50% -50% , #e0dede 0px, rgba(255, 255, 255, 0) 80%) repeat scroll 0 0 rgba(0, 0, 0, 0);background:-o-radial-gradient(ellipse at 50% -50% , #e0dede 0px, rgba(255, 255, 255, 0) 80%) repeat scroll 0 0 rgba(0, 0, 0, 0);margin-left: auto;margin-right: auto;margin-top:20px;margin-bottom:20px;\"><\/div>\n<h3>Informations sur le produit<\/h3>\n<p><strong>Embout de canne Ultra-Grip de Hugo\u00ae<\/strong><br \/>\nCouleur : Noir<br \/>\nTaille : # 18<br \/>\nS&rsquo;adapte \u00e0 la majorit\u00e9 de cannes de 1,9 cm (3\/4 po) de diam\u00e8tre<br \/>\n<strong>Article no : 731-001<\/strong><\/p>\n","protected":false},"excerpt":{"rendered":"<p>L&#039;embout de canne Ultra-Grip de Hugo\u00ae absorbe les chocs, offre une surface de contact plus fluide et une adh\u00e9rence sup\u00e9rieure.<\/p>\n","protected":false},"featured_media":665,"comment_status":"open","ping_status":"closed","template":"","meta":[],"product_cat":[66,64],"product_tag":[80],"class_list":{"0":"post-664","1":"product","2":"type-product","3":"status-publish","4":"has-post-thumbnail","6":"product_cat-accessoires-de-cannes","7":"product_cat-cannes","8":"product_tag-embout-de-canne","10":"first","11":"instock","12":"shipping-taxable","13":"product-type-simple"},"_links":{"self":[{"href":"http:\/\/www.hugoanywhere.ca\/fr\/wp-json\/wp\/v2\/product\/664"}],"collection":[{"href":"http:\/\/www.hugoanywhere.ca\/fr\/wp-json\/wp\/v2\/product"}],"about":[{"href":"http:\/\/www.hugoanywhere.ca\/fr\/wp-json\/wp\/v2\/types\/product"}],"replies":[{"embeddable":true,"href":"http:\/\/www.hugoanywhere.ca\/fr\/wp-json\/wp\/v2\/comments?post=664"}],"wp:featuredmedia":[{"embeddable":true,"href":"http:\/\/www.hugoanywhere.ca\/fr\/wp-json\/wp\/v2\/media\/665"}],"wp:attachment":[{"href":"http:\/\/www.hugoanywhere.ca\/fr\/wp-json\/wp\/v2\/media?parent=664"}],"wp:term":[{"taxonomy":"product_cat","embeddable":true,"href":"http:\/\/www.hugoanywhere.ca\/fr\/wp-json\/wp\/v2\/product_cat?post=664"},{"taxonomy":"product_tag","embeddable":true,"href":"http:\/\/www.hugoanywhere.ca\/fr\/wp-json\/wp\/v2\/product_tag?post=664"}],"curies":[{"name":"wp","href":"https:\/\/api.w.org\/{rel}","templated":true}]}}