{"id":667,"date":"2014-09-18T16:03:55","date_gmt":"2014-09-18T20:03:55","guid":{"rendered":"http:\/\/www.hugoanywhere.ca\/fr\/?post_type=product&#038;p=667"},"modified":"2014-09-19T16:20:25","modified_gmt":"2014-09-19T20:20:25","slug":"fer-a-glace-ice-o-grip-de-hugo","status":"publish","type":"product","link":"http:\/\/www.hugoanywhere.ca\/fr\/produits\/fer-a-glace-ice-o-grip-de-hugo\/","title":{"rendered":"Fer \u00e0 Glace \u00ab Ice-O-Grip \u00bb de Hugo\u00ae"},"content":{"rendered":"<div id=\"attachment_243\" style=\"width: 217px\" class=\"wp-caption alignright\"><a href=\"http:\/\/www.hugoanywhere.ca\/en\/wp-content\/uploads\/2013\/03\/Ice-O-Grip.jpg\"><img loading=\"lazy\" decoding=\"async\" aria-describedby=\"caption-attachment-243\" src=\"http:\/\/www.hugoanywhere.ca\/en\/wp-content\/uploads\/2013\/03\/Ice-O-Grip-207x300.jpg\" alt=\"Fer \u00e0 glace \u00ab Ice-O-Grip \u00bb de Hugo\u00ae \u00e0 1 pointe ou 5 pointes, dans un emballage coque\" width=\"207\" height=\"300\" class=\"size-medium wp-image-243\" \/><\/a><p id=\"caption-attachment-243\" class=\"wp-caption-text\"><\/p>\n<div align=\"center\" style=\"line-height:normal;\">Fer \u00e0 glace \u00ab Ice-O-Grip \u00bb<\/br>de Hugo\u00ae<\/br>\u00e0 1 pointe ou \u00e0 5 pointes, <\/br>dans un emballage coque<\/div>\n<p><\/p><\/div>\n<h4>Pour marcher en s\u00e9curit\u00e9 sur la glace et la neige !<\/h4>\n<p>Le fer \u00e0 glace en acier inoxydable \u00ab Ice-O-Grip \u00bb de Hugo adh\u00e8re \u00e0 la glace afin de stabiliser la canne pour une plus grande s\u00e9curit\u00e9. Se fixe ais\u00e9ment \u00e0 toute canne de bois ou d\u2019aluminium de dimensions standard et se replie ais\u00e9ment lorsque non utilis\u00e9.<\/p>\n<ul>\n<li>1 par emballage coque<\/li>\n<li>Facile \u00e0 installer : serrez simplement 2 vis (incluses). Peut \u00eatre retir\u00e9 d\u00e8s la fin de l\u2019hiver.<\/li>\n<li>Se d\u00e9ploie et se replie gr\u00e2ce aux boutons-poussoirs blancs.<\/li>\n<li>S\u2019adapte \u00e0 toutes les cannes et les b\u00e9quilles de format r\u00e9gulier.<\/li>\n<li>Pointes en acier inoxydable.<\/li>\n<\/ul>\n<div class=\"fusion-sep-clear\"><\/div><div class=\"fusion-separator fusion-full-width-sep sep-shadow\" style=\"background:radial-gradient(ellipse at 50% -50% , #e0dede 0px, rgba(255, 255, 255, 0) 80%) repeat scroll 0 0 rgba(0, 0, 0, 0);background:-webkit-radial-gradient(ellipse at 50% -50% , #e0dede 0px, rgba(255, 255, 255, 0) 80%) repeat scroll 0 0 rgba(0, 0, 0, 0);background:-moz-radial-gradient(ellipse at 50% -50% , #e0dede 0px, rgba(255, 255, 255, 0) 80%) repeat scroll 0 0 rgba(0, 0, 0, 0);background:-o-radial-gradient(ellipse at 50% -50% , #e0dede 0px, rgba(255, 255, 255, 0) 80%) repeat scroll 0 0 rgba(0, 0, 0, 0);margin-left: auto;margin-right: auto;margin-top:20px;margin-bottom:20px;\"><\/div>\n<h3>Informations sur le produit<\/h3>\n<p><strong>Fer \u00e0 glace \u00ab Ice-O-Grip \u00bb de Hugo\u00ae<\/strong><br \/>\nS\u2019adapte \u00e0 toutes les cannes et les b\u00e9quilles de format r\u00e9gulier.<\/p>\n<p><strong>Fer \u00e0 glace \u00ab Ice-O-Grip \u00bb, emballage coque, 1 pointe<br \/>\nArticle no : 737-165<\/p>\n<p>Fer \u00e0 glace \u00ab Ice-O-Grip \u00bb, emballage coque, 5 pointes<br \/>\nArticle no : 737-155<\/strong><\/p>\n","protected":false},"excerpt":{"rendered":"<p>Le fer \u00e0 glace \u00ab Ice-O-Grip \u00bb de Hugo\u00ae se fixe facilement \u00e0 toutes les cannes et les b\u00e9quilles dont les tiges sont de taille standard. Bascule vers le haut facilement lorsqu&#039;il n&#039;est pas utilis\u00e9. \u00c0 une pointe o\u00f9 \u00e0 5 pointes.<\/p>\n","protected":false},"featured_media":669,"comment_status":"open","ping_status":"closed","template":"","meta":[],"product_cat":[66,64],"product_tag":[54],"class_list":{"0":"post-667","1":"product","2":"type-product","3":"status-publish","4":"has-post-thumbnail","6":"product_cat-accessoires-de-cannes","7":"product_cat-cannes","8":"product_tag-embout-contre-la-glace","10":"first","11":"instock","12":"shipping-taxable","13":"product-type-simple"},"_links":{"self":[{"href":"http:\/\/www.hugoanywhere.ca\/fr\/wp-json\/wp\/v2\/product\/667"}],"collection":[{"href":"http:\/\/www.hugoanywhere.ca\/fr\/wp-json\/wp\/v2\/product"}],"about":[{"href":"http:\/\/www.hugoanywhere.ca\/fr\/wp-json\/wp\/v2\/types\/product"}],"replies":[{"embeddable":true,"href":"http:\/\/www.hugoanywhere.ca\/fr\/wp-json\/wp\/v2\/comments?post=667"}],"wp:featuredmedia":[{"embeddable":true,"href":"http:\/\/www.hugoanywhere.ca\/fr\/wp-json\/wp\/v2\/media\/669"}],"wp:attachment":[{"href":"http:\/\/www.hugoanywhere.ca\/fr\/wp-json\/wp\/v2\/media?parent=667"}],"wp:term":[{"taxonomy":"product_cat","embeddable":true,"href":"http:\/\/www.hugoanywhere.ca\/fr\/wp-json\/wp\/v2\/product_cat?post=667"},{"taxonomy":"product_tag","embeddable":true,"href":"http:\/\/www.hugoanywhere.ca\/fr\/wp-json\/wp\/v2\/product_tag?post=667"}],"curies":[{"name":"wp","href":"https:\/\/api.w.org\/{rel}","templated":true}]}}