{"id":670,"date":"2014-09-18T16:41:11","date_gmt":"2014-09-18T20:41:11","guid":{"rendered":"http:\/\/www.hugoanywhere.ca\/fr\/?post_type=product&#038;p=670"},"modified":"2014-10-21T10:29:14","modified_gmt":"2014-10-21T14:29:14","slug":"ambulateur-fit-8-de-hugo","status":"publish","type":"product","link":"http:\/\/www.hugoanywhere.ca\/fr\/produits\/ambulateur-fit-8-de-hugo\/","title":{"rendered":"Ambulateur Fit 8, de Hugo\u00ae"},"content":{"rendered":"<div id=\"attachment_370\" style=\"width: 160px\" class=\"wp-caption alignright\"><a href=\"http:\/\/www.hugoanywhere.ca\/hugo-images\/Discontinued_f.gif\"><img loading=\"lazy\" decoding=\"async\" aria-describedby=\"caption-attachment-370\" src=\"http:\/\/www.hugoanywhere.ca\/hugo-images\/Discontinued_f.gif\" alt=\"Article sans suite - discontinu\u00e9\" width=\"150\" height=\"150\" class=\"size-medium wp-image-370\" \/><\/a><p id=\"caption-attachment-370\" class=\"wp-caption-text\"><\/p>\n<div align=\"center\" style=\"line-height:normal;\">Article sans suite &#8211; discontinu\u00e9<\/div>\n<p><\/p><\/div>\n<h4>Un d\u00e9ambulateur avec si\u00e8ge \u00e0 hauteur adjustable avec des roues de 8 po (20,3 cm). Pour un ajustement parfait pour tous !<\/h4>\n<p>La marchette \u00e0 quatre roues Hugo<sup>\u00ae<\/sup> Fit 8, avec siege et avec roues de 20,3 cm (8 po), <strong>est \u00e9galement munie d&rsquo;un porte-gobelet et d&rsquo;un porte-canne en bonus !<\/strong><\/p>\n<p>Ce d\u00e9ambulateur est id\u00e9al pour ceux qui pourraient utiliser un peu d&rsquo;aide pour garder l&rsquo;\u00e9quilibre ou pour ceux qui se fatiguent facilement en marchant, tant \u00e0 l&rsquo;int\u00e9rieur qu&rsquo;\u00e0 l&rsquo;ext\u00e9rieur. <\/p>\n<p>Son si\u00e8ge et son dossier sont rembourr\u00e9s, et offrent un endroit confortable pour se reposer pour ceux se remettent d&rsquo;une blessure, souffrent d&rsquo;arthrite grave ou pour ceux qui ont des conditions physiques qui compromettent leur \u00e9quilibre.<\/p>\n<p>De plus, le si\u00e8ge de cet ambulateur s&rsquo;adapte \u00e0 trois hauteurs diff\u00e9rentes tandis que les poign\u00e9es sont \u00e9galement r\u00e9glables, ce qui permet d&rsquo;ajuster le d\u00e9ambulateur Hugo<sup>\u00ae<\/sup> Fit 8 parfaitement pour tous !<\/p>\n<p>Les quatre roues de 20 cm (8 po) de l\u2019ambulateur Hugo<sup>\u00ae<\/sup> Fit 8 rendent plus facile et plus s\u00fbr le fait de marcher, tout en vous aidant \u00e0 obtenir l&rsquo;exercice dont vous avez besoin. Vous aurez la s\u00e9curit\u00e9 et la confiance n\u00e9cessaires pour aller l\u00e0 o\u00f9 vous voulez aller !<\/p>\n<div id=\"attachment_364\" style=\"width: 310px\" class=\"wp-caption alignright\"><a href=\"http:\/\/www.hugoanywhere.ca\/en\/wp-content\/uploads\/2013\/03\/fit6_alt1.jpg\"><img loading=\"lazy\" decoding=\"async\" aria-describedby=\"caption-attachment-364\" src=\"http:\/\/www.hugoanywhere.ca\/en\/wp-content\/uploads\/2013\/03\/fit6_alt1-300x212.jpg\" alt=\"Si\u00e8ge et poign\u00e9es adjustables de l'ambulateur Fit 8 de Hugo\u00ae\" width=\"300\" height=\"212\" class=\"size-medium wp-image-364\" \/><\/a><p id=\"caption-attachment-364\" class=\"wp-caption-text\"><\/p>\n<div align=\"center\" style=\"line-height:normal;\">Si\u00e8ge et poign\u00e9es adjustables de l&rsquo;ambulateur Fit 8 de Hugo<sup>\u00ae<\/sup><\/div>\n<p><\/p><\/div>\n<ul>\n<li>Si\u00e8ge et poign\u00e9es r\u00e9glables en hauteur, pour un ajustement parfait<\/li>\n<li>Le si\u00e8ge et le dossier sont rembourr\u00e9 et offrent, du fait m\u00eame, un endroit confortable pour se reposer<\/li>\n<li>Poign\u00e9es ergonomiques avec freins \u00e0 main verrouillables pour plus de s\u00e9curit\u00e9 lorsque vous \u00eates assis<\/li>\n<li>Sac de rangement sous le si\u00e8ge pour pouvoir placer des objets de valeur avec plus de s\u00e9curit\u00e9<\/li>\n<li>Conception l\u00e9g\u00e8re, 6,16 kg (13,6 livres), qui se plie facilement pour le transport<\/li>\n<li>Roues de 20,3 cm (8 po) qui n&rsquo;\u00e9gratignent pas<\/li>\n<li>Assemblage sans outils<\/li>\n<li>Pi\u00e8ces de rechange entrepos\u00e9es au Canada<\/li>\n<li><strong>Bonus : porte-gobelet et porte-canne !<\/strong><\/li>\n<li>Capacit\u00e9 de poids de 113,4 kg (250 livres)<\/li>\n<\/ul>\n<div class=\"fusion-sep-clear\"><\/div><div class=\"fusion-separator fusion-full-width-sep sep-shadow\" style=\"background:radial-gradient(ellipse at 50% -50% , #e0dede 0px, rgba(255, 255, 255, 0) 80%) repeat scroll 0 0 rgba(0, 0, 0, 0);background:-webkit-radial-gradient(ellipse at 50% -50% , #e0dede 0px, rgba(255, 255, 255, 0) 80%) repeat scroll 0 0 rgba(0, 0, 0, 0);background:-moz-radial-gradient(ellipse at 50% -50% , #e0dede 0px, rgba(255, 255, 255, 0) 80%) repeat scroll 0 0 rgba(0, 0, 0, 0);background:-o-radial-gradient(ellipse at 50% -50% , #e0dede 0px, rgba(255, 255, 255, 0) 80%) repeat scroll 0 0 rgba(0, 0, 0, 0);margin-left: auto;margin-right: auto;margin-top:20px;margin-bottom:20px;\"><\/div>\n<h3>Sp\u00e9cifications<\/h3>\n<p><img loading=\"lazy\" decoding=\"async\" src=\"\/hugo-images\/700-913-specs.jpg\" width=\"346\" height=\"99\" alt=\"Sp\u00e9cifications du d\u00e9ambulateur Fit 8 de Hugo\u00ae\" title=\"Sp\u00e9cifications du d\u00e9ambulateur Fit 8 de Hugo\u00ae\"><\/p>\n<p class=\"T10\">Veuillez noter : la taille de l&rsquo;utilisateur indiqu\u00e9e ci-haut est une recommandation \u00e9tablie \u00e0 partir des normes ISO. Pour une recommandation personnalis\u00e9e, consultez un professionnel de la sant\u00e9.<\/p>\n<div class=\"fusion-sep-clear\"><\/div><div class=\"fusion-separator fusion-full-width-sep sep-shadow\" style=\"background:radial-gradient(ellipse at 50% -50% , #e0dede 0px, rgba(255, 255, 255, 0) 80%) repeat scroll 0 0 rgba(0, 0, 0, 0);background:-webkit-radial-gradient(ellipse at 50% -50% , #e0dede 0px, rgba(255, 255, 255, 0) 80%) repeat scroll 0 0 rgba(0, 0, 0, 0);background:-moz-radial-gradient(ellipse at 50% -50% , #e0dede 0px, rgba(255, 255, 255, 0) 80%) repeat scroll 0 0 rgba(0, 0, 0, 0);background:-o-radial-gradient(ellipse at 50% -50% , #e0dede 0px, rgba(255, 255, 255, 0) 80%) repeat scroll 0 0 rgba(0, 0, 0, 0);margin-left: auto;margin-right: auto;margin-top:20px;margin-bottom:20px;\"><\/div>\n<h3>Mode d\u2019emploi (fichier pdf)<\/h3>\n<p><strong><\/p>\n<p><a href=\"http:\/\/www.amgmedical.com\/site\/Manuals\/700-915Fit8_Ins.pdf\" target=\"_blank\">pour le d\u00e9ambulateur Fit 8 r\u00e9vision 1, de Hugo\u00ae<\/a><\/p>\n<p><\/strong><\/p>\n<div class=\"fusion-sep-clear\"><\/div><div class=\"fusion-separator fusion-full-width-sep sep-shadow\" style=\"background:radial-gradient(ellipse at 50% -50% , #e0dede 0px, rgba(255, 255, 255, 0) 80%) repeat scroll 0 0 rgba(0, 0, 0, 0);background:-webkit-radial-gradient(ellipse at 50% -50% , #e0dede 0px, rgba(255, 255, 255, 0) 80%) repeat scroll 0 0 rgba(0, 0, 0, 0);background:-moz-radial-gradient(ellipse at 50% -50% , #e0dede 0px, rgba(255, 255, 255, 0) 80%) repeat scroll 0 0 rgba(0, 0, 0, 0);background:-o-radial-gradient(ellipse at 50% -50% , #e0dede 0px, rgba(255, 255, 255, 0) 80%) repeat scroll 0 0 rgba(0, 0, 0, 0);margin-left: auto;margin-right: auto;margin-top:20px;margin-bottom:20px;\"><\/div>\n<h3>Garantie<\/h3>\n<p>Garantie limit\u00e9e de trois (3) ans pour le ch\u00e2ssis et de un (1) an pour toutes les autres pi\u00e8ces.<\/p>\n<div class=\"fusion-sep-clear\"><\/div><div class=\"fusion-separator fusion-full-width-sep sep-shadow\" style=\"background:radial-gradient(ellipse at 50% -50% , #e0dede 0px, rgba(255, 255, 255, 0) 80%) repeat scroll 0 0 rgba(0, 0, 0, 0);background:-webkit-radial-gradient(ellipse at 50% -50% , #e0dede 0px, rgba(255, 255, 255, 0) 80%) repeat scroll 0 0 rgba(0, 0, 0, 0);background:-moz-radial-gradient(ellipse at 50% -50% , #e0dede 0px, rgba(255, 255, 255, 0) 80%) repeat scroll 0 0 rgba(0, 0, 0, 0);background:-o-radial-gradient(ellipse at 50% -50% , #e0dede 0px, rgba(255, 255, 255, 0) 80%) repeat scroll 0 0 rgba(0, 0, 0, 0);margin-left: auto;margin-right: auto;margin-top:20px;margin-bottom:20px;\"><\/div>\n<h3>Informations sur le produit<\/h3>\n<p><strong>Ambulateur avec si\u00e8ge Fit 8 de Hugo<sup>\u00ae<\/sup><\/strong><\/p>\n<p>Un ambulateur avec si\u00e8ge \u00e0 hauteur adjustable avec des roues de 8 po (20,3 cm). Pour un ajustement parfait pour tous !<\/p>\n<p>Couleur : Bleu pacifique<\/p>\n<div class=\"espaceapres\"> <\/div>\n<p><strong>Article no : 700-915<\/strong><\/p>\n<div class=\"fusion-sep-clear\"><\/div><div class=\"fusion-separator fusion-full-width-sep sep-shadow\" style=\"background:radial-gradient(ellipse at 50% -50% , #e0dede 0px, rgba(255, 255, 255, 0) 80%) repeat scroll 0 0 rgba(0, 0, 0, 0);background:-webkit-radial-gradient(ellipse at 50% -50% , #e0dede 0px, rgba(255, 255, 255, 0) 80%) repeat scroll 0 0 rgba(0, 0, 0, 0);background:-moz-radial-gradient(ellipse at 50% -50% , #e0dede 0px, rgba(255, 255, 255, 0) 80%) repeat scroll 0 0 rgba(0, 0, 0, 0);background:-o-radial-gradient(ellipse at 50% -50% , #e0dede 0px, rgba(255, 255, 255, 0) 80%) repeat scroll 0 0 rgba(0, 0, 0, 0);margin-left: auto;margin-right: auto;margin-top:20px;margin-bottom:20px;\"><\/div>\n<div id=\"attachment_371\" style=\"width: 310px\" class=\"wp-caption alignright\"><a href=\"http:\/\/www.hugoanywhere.ca\/en\/wp-content\/uploads\/2013\/04\/700-915-Fit-8-retail-box.jpg\"><img loading=\"lazy\" decoding=\"async\" aria-describedby=\"caption-attachment-371\" src=\"http:\/\/www.hugoanywhere.ca\/en\/wp-content\/uploads\/2013\/04\/700-915-Fit-8-retail-box-300x300.jpg\" alt=\"Le d\u00e9ambulateur avec si\u00e8ge, Fit 8 de Hugo\u00ae, dans sa bo\u00eete pour la vente au d\u00e9tail\" width=\"300\" height=\"300\" class=\"size-medium wp-image-371\" \/><\/a><p id=\"caption-attachment-371\" class=\"wp-caption-text\"><\/p>\n<div align=\"center\" style=\"line-height:normal;\">Le d\u00e9ambulateur avec si\u00e8ge, Fit 8 de Hugo\u00ae, dans sa bo\u00eete pour la vente au d\u00e9tail<\/div>\n<p><\/p><\/div>\n<div class=\"fusion-sep-clear\"><\/div><div class=\"fusion-separator fusion-full-width-sep sep-shadow\" style=\"background:radial-gradient(ellipse at 50% -50% , #e0dede 0px, rgba(255, 255, 255, 0) 80%) repeat scroll 0 0 rgba(0, 0, 0, 0);background:-webkit-radial-gradient(ellipse at 50% -50% , #e0dede 0px, rgba(255, 255, 255, 0) 80%) repeat scroll 0 0 rgba(0, 0, 0, 0);background:-moz-radial-gradient(ellipse at 50% -50% , #e0dede 0px, rgba(255, 255, 255, 0) 80%) repeat scroll 0 0 rgba(0, 0, 0, 0);background:-o-radial-gradient(ellipse at 50% -50% , #e0dede 0px, rgba(255, 255, 255, 0) 80%) repeat scroll 0 0 rgba(0, 0, 0, 0);margin-left: auto;margin-right: auto;margin-top:20px;margin-bottom:20px;\"><\/div>\n<h3>Commentaires des clients<\/h3>\n<p><strong>Commentaires recueillis sur les cartes d\u2019enregistrement de produits ou lors de l\u2019enregistrement de produits en ligne :<\/strong><\/p>\n<div class=\"testimonials\">beau produit de tres bonne qualite.<\/div>\n<p>Par : Ren\u00e9 M.  De : st-gerard des laurentides<\/p>\n<div class=\"review male\"><blockquote><q style=\"background-color:;color:;\"><span class=\"fusion-dropcap dropcap\" style=\"color:#a0ce4e;\">\u201c<\/span> Pour aller marcher dehors ce produit m aide a etre plus solide et permet de me reposer quand cela devient necessaire.<br \/>\n<\/q><\/blockquote><div class=\"author\" style=\"color:;\"><span class=\"testimonial-thumbnail doe\" style=\"color:;\"><\/span><span class=\"company-name\"><strong>Par : Genma T.   De : Beauport<\/strong><\/span><\/div><\/div>\n<div class=\"review male\"><blockquote><q style=\"background-color:;color:;\"><span class=\"fusion-dropcap dropcap\" style=\"color:#a0ce4e;\">\u201c<\/span> Je me sers de la marchette pour marcher sur la rue dans les centres d&rsquo;achat, et m&rsquo;assoir lorsque j&rsquo;ai mal<br \/>\n<\/q><\/blockquote><div class=\"author\" style=\"color:;\"><span class=\"testimonial-thumbnail doe\" style=\"color:;\"><\/span><span class=\"company-name\"><strong>Par : Maurice D.   De : St. Bruno<\/strong><\/span><\/div><\/div>\n<div class=\"fusion-sep-clear\"><\/div><div class=\"fusion-separator fusion-full-width-sep sep-shadow\" style=\"background:radial-gradient(ellipse at 50% -50% , #e0dede 0px, rgba(255, 255, 255, 0) 80%) repeat scroll 0 0 rgba(0, 0, 0, 0);background:-webkit-radial-gradient(ellipse at 50% -50% , #e0dede 0px, rgba(255, 255, 255, 0) 80%) repeat scroll 0 0 rgba(0, 0, 0, 0);background:-moz-radial-gradient(ellipse at 50% -50% , #e0dede 0px, rgba(255, 255, 255, 0) 80%) repeat scroll 0 0 rgba(0, 0, 0, 0);background:-o-radial-gradient(ellipse at 50% -50% , #e0dede 0px, rgba(255, 255, 255, 0) 80%) repeat scroll 0 0 rgba(0, 0, 0, 0);margin-left: auto;margin-right: auto;margin-top:20px;margin-bottom:20px;\"><\/div>\n<h3>Soci\u00e9t\u00e9 canadienne de la scl\u00e9rose en plaques<\/h3>\n<p><img loading=\"lazy\" decoding=\"async\" src=\"http:\/\/www.amgmedical.com\/specials\/OtherIM\/MS_SP_Sticker5.gif\" alt=\"Soci\u00e9t\u00e9 canadienne de la scl\u00e9rose en plaques\" title=\"Soci\u00e9t\u00e9 canadienne de la scl\u00e9rose en plaques\" width=\"300\" height=\"127\" border=\"0\" class=\"imagesdroite\" style=\"padding-bottom:50px; position:relative; top:-10px;\">Nous sommes fiers d&rsquo;annoncer notre partenariat avec la Soci\u00e9t\u00e9 canadienne de la scl\u00e9rose en plaques.<\/p>\n<p>Depuis 2009, une partie du produit de la vente des cannes Hugo<sup>\u00ae<\/sup> et des ambulateurs Hugo<sup>\u00ae<\/sup> est donn\u00e9e \u00e0 la <a href=\"http:\/\/www.scleroseenplaques.ca\/\">Soci\u00e9t\u00e9 canadienne de la scl\u00e9rose en plaques<\/a>. Cette derni\u00e8re apporte son soutien, \u00e0 travers tout le Canada, aux personnes qui souffrent de la scl\u00e9rose en plaques.<\/p>\n","protected":false},"excerpt":{"rendered":"<p>Article sans suite, discontinu\u00e9.<\/p>\n","protected":false},"featured_media":672,"comment_status":"open","ping_status":"closed","template":"","meta":[],"product_cat":[90],"product_tag":[79,63],"class_list":{"0":"post-670","1":"product","2":"type-product","3":"status-publish","4":"has-post-thumbnail","6":"product_cat-uncategorized","7":"product_tag-article-sans-suite","8":"product_tag-discontinue","10":"first","11":"outofstock","12":"shipping-taxable","13":"product-type-simple"},"_links":{"self":[{"href":"http:\/\/www.hugoanywhere.ca\/fr\/wp-json\/wp\/v2\/product\/670"}],"collection":[{"href":"http:\/\/www.hugoanywhere.ca\/fr\/wp-json\/wp\/v2\/product"}],"about":[{"href":"http:\/\/www.hugoanywhere.ca\/fr\/wp-json\/wp\/v2\/types\/product"}],"replies":[{"embeddable":true,"href":"http:\/\/www.hugoanywhere.ca\/fr\/wp-json\/wp\/v2\/comments?post=670"}],"wp:featuredmedia":[{"embeddable":true,"href":"http:\/\/www.hugoanywhere.ca\/fr\/wp-json\/wp\/v2\/media\/672"}],"wp:attachment":[{"href":"http:\/\/www.hugoanywhere.ca\/fr\/wp-json\/wp\/v2\/media?parent=670"}],"wp:term":[{"taxonomy":"product_cat","embeddable":true,"href":"http:\/\/www.hugoanywhere.ca\/fr\/wp-json\/wp\/v2\/product_cat?post=670"},{"taxonomy":"product_tag","embeddable":true,"href":"http:\/\/www.hugoanywhere.ca\/fr\/wp-json\/wp\/v2\/product_tag?post=670"}],"curies":[{"name":"wp","href":"https:\/\/api.w.org\/{rel}","templated":true}]}}