{"id":674,"date":"2014-09-19T14:40:26","date_gmt":"2014-09-19T18:40:26","guid":{"rendered":"http:\/\/www.hugoanywhere.ca\/fr\/?post_type=product&#038;p=674"},"modified":"2015-12-10T10:53:09","modified_gmt":"2015-12-10T15:53:09","slug":"navigator-combine-ambulateur-a-4-roues-et-fauteuil-de-transport-de-hugo","status":"publish","type":"product","link":"http:\/\/www.hugoanywhere.ca\/fr\/produits\/navigator-combine-ambulateur-a-4-roues-et-fauteuil-de-transport-de-hugo\/","title":{"rendered":"Navigator : combin\u00e9 ambulateur et fauteuil de transport, de Hugo\u00ae"},"content":{"rendered":"<div id=\"attachment_370\" style=\"width: 160px\" class=\"wp-caption alignright\"><a href=\"http:\/\/www.hugoanywhere.ca\/hugo-images\/Discontinued_f.gif\"><img loading=\"lazy\" decoding=\"async\" aria-describedby=\"caption-attachment-370\" src=\"http:\/\/www.hugoanywhere.ca\/hugo-images\/Discontinued_f.gif\" alt=\"Article sans suite - discontinu\u00e9\" width=\"150\" height=\"150\" class=\"size-medium wp-image-370\" \/><\/a><p id=\"caption-attachment-370\" class=\"wp-caption-text\"><\/p>\n<div align=\"center\" style=\"line-height:normal;\">Article sans suite &#8211; discontinu\u00e9<\/div>\n<p><\/p><\/div>\n<h4><a href=\"http:\/\/www.hugoanywhere.ca\/fr\/produits\/combine-fauteuil-de-transport-et-ambulateur-a-pliage-lateral-hugo-navigator\/\">Article sans suite, discontinu\u00e9. Remplac\u00e9 par le Navigator 793-943<\/a><\/h4>\n<p><strong>Un combin\u00e9 id\u00e9al : ambulateur \u00e0 4 roues et fauteuil de transfert, 2 en 1<\/strong><\/p>\n<div id=\"attachment_307\" style=\"width: 310px\" class=\"wp-caption alignright\"><a href=\"http:\/\/www.hugoanywhere.ca\/en\/wp-content\/uploads\/2013\/03\/793-942_alt_3.jpg\"><img loading=\"lazy\" decoding=\"async\" aria-describedby=\"caption-attachment-307\" src=\"http:\/\/www.hugoanywhere.ca\/en\/wp-content\/uploads\/2013\/03\/793-942_alt_3-300x300.jpg\" alt=\"The Hugo\u00ae Navigator: 2 products in 1\" width=\"300\" height=\"300\" class=\"size-medium wp-image-307\" \/><\/a><p id=\"caption-attachment-307\" class=\"wp-caption-text\"><\/p>\n<div align=\"Center\" style=\"line-height:normal;\">Le Navigator de Hugo\u00ae : 2 produits en 1<\/div>\n<p><\/p><\/div>\n<p>Le Navigator, un combin\u00e9 ambulateur \u00e0 4 roues et fauteuil de transport, de Hugo\u00ae, est la solution id\u00e9ale pour maintenir une vie active, saine et autonome, tout en offrant la commodit\u00e9 de l&rsquo;aide \u00e0 la mobilit\u00e9.<\/p>\n<p>Le Navigator, d\u2019une conception technique unique, permet de transformer rapidement un ambulateur \u00e0 4 roues en fauteuil de transport. Lorsque l&rsquo;utilisateur a besoin de repos, des repose-pieds amovibles sont facilement attach\u00e9s, tandis que le si\u00e8ge int\u00e9gr\u00e9, les accoudoirs et le dossier flexible offrent un confort d&rsquo;assise maximal. Un panier de rangement en nylon, situ\u00e9 sous le si\u00e8ge, fournit un espace de rangement s\u00e9curitaire pour vos objets de valeur.<\/p>\n<p>Ce combin\u00e9 ambulateur roulant \/ fauteuil de transfert est muni de poign\u00e9es r\u00e9glables en hauteur, ce qui facilite une bonne posture. Il est \u00e9galement muni de grandes poign\u00e9es ergonomiques et de freins faciles \u00e0 utiliser.<\/p>\n<p>L&rsquo;assemblage de cette aide \u00e0 la mobilit\u00e9 \u00e0 double vocation se fait sans outil, ce qui permet de le mettre en place rapidement. De plus, le Navigator peut facilement se replier en une configuration qui occupe peu d&rsquo;espace, est l\u00e9g\u00e8re et portable pour un entreposage facile.<\/p>\n<p>Le Navigator est con\u00e7u pour aider les personnes pesant jusqu&rsquo;\u00e0 113,4 kg (250 livres). Ses roues extra grandes de 20,3 cm (8 pouces) vous donnent une stabilit\u00e9 fiable afin que vous puissiez vous d\u00e9placer avec plus de confiance et de s\u00e9curit\u00e9 tant \u00e0 l&rsquo;int\u00e9rieur qu\u2019\u00e0 l&rsquo;ext\u00e9rieur.<\/p>\n<div id=\"attachment_308\" style=\"width: 310px\" class=\"wp-caption alignright\"><a href=\"http:\/\/www.hugoanywhere.ca\/en\/wp-content\/uploads\/2013\/03\/793-941_alt_2.jpg\"><img loading=\"lazy\" decoding=\"async\" aria-describedby=\"caption-attachment-308\" src=\"http:\/\/www.hugoanywhere.ca\/en\/wp-content\/uploads\/2013\/03\/793-941_alt_2-300x300.jpg\" alt=\"Navigator de Hugo\u00ae, pli\u00e9 et facile \u00e0 transporter d'une seule main\" width=\"300\" height=\"300\" class=\"size-medium wp-image-308\" \/><\/a><p id=\"caption-attachment-308\" class=\"wp-caption-text\"><\/p>\n<div align=\"center\" style=\"line-height:normal;\">Navigator de Hugo\u00ae, pli\u00e9 et facile \u00e0 transporter d&rsquo;une seule main<\/div>\n<p><\/p><\/div>\n<ul>\n<li>2 produits en 1 : ambulateur et fauteuil de transport<\/li>\n<li>Si\u00e8ge rembourr\u00e9 et accoudoirs complets<\/li>\n<li>Dossier flexible profil\u00e9 pour un confort maximum<\/li>\n<li>Repose-pieds amovibles peuvent \u00eatre stock\u00e9s dans le sac sous le si\u00e8ge<\/li>\n<li> Ceinture de s\u00e9curit\u00e9 incluse pour plus de s\u00e9curit\u00e9<\/li>\n<li>Se replie facilement pour le transport et le stockage dans la voiture ou dans un placard<\/li>\n<li>Sangle de transport robuste permet un transport facile<\/li>\n<li>Roues de 8 pouces extra-larges pour une utilisation \u00e0 l&rsquo;int\u00e9rieur et \u00e0 l&rsquo;ext\u00e9rieur<\/li>\n<li>Assemblage simple et rapide &#8211; sans outils !<\/li>\n<li>Poids net seulement 8,8 kg (19,5 livres) ! (sans accessoires)<\/li>\n<li>L\u00e9ger et compact<\/li>\n<li>Brevet : 7540527<\/li>\n<li>Supporte jusqu&rsquo;\u00e0 113,4 kg (250 livres)<\/li>\n<\/ul>\n<p><strong><a href=\"http:\/\/www.hugonavigator.com\/Hugo-Navigator-Caracteristiques.asp\">Des renseignements suppl\u00e9mentaires, des vid\u00e9os et des sp\u00e9cifications concernant le Navigator de Hugo\u00ae se trouvent sur le site www.hugonavigator.com<\/a><br \/>\n<\/strong><\/p>\n<div class=\"fusion-sep-clear\"><\/div><div class=\"fusion-separator fusion-full-width-sep sep-shadow\" style=\"background:radial-gradient(ellipse at 50% -50% , #e0dede 0px, rgba(255, 255, 255, 0) 80%) repeat scroll 0 0 rgba(0, 0, 0, 0);background:-webkit-radial-gradient(ellipse at 50% -50% , #e0dede 0px, rgba(255, 255, 255, 0) 80%) repeat scroll 0 0 rgba(0, 0, 0, 0);background:-moz-radial-gradient(ellipse at 50% -50% , #e0dede 0px, rgba(255, 255, 255, 0) 80%) repeat scroll 0 0 rgba(0, 0, 0, 0);background:-o-radial-gradient(ellipse at 50% -50% , #e0dede 0px, rgba(255, 255, 255, 0) 80%) repeat scroll 0 0 rgba(0, 0, 0, 0);margin-left: auto;margin-right: auto;margin-top:20px;margin-bottom:20px;\"><\/div>\n<h3>Sp\u00e9cifications<\/h3>\n<p><img loading=\"lazy\" decoding=\"async\" src=\"\/hugo-images\/793-941-793-942-specs.jpg\" width=\"360\" height=\"90\" alt=\"Sp\u00e9cifications du Navigator de Hugo\u00ae\"><\/p>\n<p>Veuillez noter : la taille de l&rsquo;utilisateur indiqu\u00e9e ci-haut est une recommandation \u00e9tablie \u00e0 partir des normes ISO. Pour une recommandation personnalis\u00e9e, consultez un professionnel de la sant\u00e9.<\/p>\n<div class=\"fusion-sep-clear\"><\/div><div class=\"fusion-separator fusion-full-width-sep sep-shadow\" style=\"background:radial-gradient(ellipse at 50% -50% , #e0dede 0px, rgba(255, 255, 255, 0) 80%) repeat scroll 0 0 rgba(0, 0, 0, 0);background:-webkit-radial-gradient(ellipse at 50% -50% , #e0dede 0px, rgba(255, 255, 255, 0) 80%) repeat scroll 0 0 rgba(0, 0, 0, 0);background:-moz-radial-gradient(ellipse at 50% -50% , #e0dede 0px, rgba(255, 255, 255, 0) 80%) repeat scroll 0 0 rgba(0, 0, 0, 0);background:-o-radial-gradient(ellipse at 50% -50% , #e0dede 0px, rgba(255, 255, 255, 0) 80%) repeat scroll 0 0 rgba(0, 0, 0, 0);margin-left: auto;margin-right: auto;margin-top:20px;margin-bottom:20px;\"><\/div>\n<h3>Diagrammes d\u2019assemblage et listes de localisations des pi\u00e8ces (fichier pdf)<\/h3>\n<p><strong><a href=\"http:\/\/www.amgmedical.com\/site\/parts\/793-941R1f.pdf\" target=\"_blank\">Pour le Navigator de couleur bleu pacifique<\/a><br \/>\n<a href=\"http:\/\/www.amgmedical.com\/site\/parts\/793-942R1f.pdf\" target=\"_blank\">Pour le Navigator de couleur canneberge<\/a><\/strong><\/p>\n<div class=\"fusion-sep-clear\"><\/div><div class=\"fusion-separator fusion-full-width-sep sep-shadow\" style=\"background:radial-gradient(ellipse at 50% -50% , #e0dede 0px, rgba(255, 255, 255, 0) 80%) repeat scroll 0 0 rgba(0, 0, 0, 0);background:-webkit-radial-gradient(ellipse at 50% -50% , #e0dede 0px, rgba(255, 255, 255, 0) 80%) repeat scroll 0 0 rgba(0, 0, 0, 0);background:-moz-radial-gradient(ellipse at 50% -50% , #e0dede 0px, rgba(255, 255, 255, 0) 80%) repeat scroll 0 0 rgba(0, 0, 0, 0);background:-o-radial-gradient(ellipse at 50% -50% , #e0dede 0px, rgba(255, 255, 255, 0) 80%) repeat scroll 0 0 rgba(0, 0, 0, 0);margin-left: auto;margin-right: auto;margin-top:20px;margin-bottom:20px;\"><\/div>\n<h3>Garantie<\/h3>\n<p>Garantie limit\u00e9e de trois (3) ans pour le ch\u00e2ssis et de un (1) an pour toutes les autres pi\u00e8ces.<\/p>\n<div class=\"fusion-sep-clear\"><\/div><div class=\"fusion-separator fusion-full-width-sep sep-shadow\" style=\"background:radial-gradient(ellipse at 50% -50% , #e0dede 0px, rgba(255, 255, 255, 0) 80%) repeat scroll 0 0 rgba(0, 0, 0, 0);background:-webkit-radial-gradient(ellipse at 50% -50% , #e0dede 0px, rgba(255, 255, 255, 0) 80%) repeat scroll 0 0 rgba(0, 0, 0, 0);background:-moz-radial-gradient(ellipse at 50% -50% , #e0dede 0px, rgba(255, 255, 255, 0) 80%) repeat scroll 0 0 rgba(0, 0, 0, 0);background:-o-radial-gradient(ellipse at 50% -50% , #e0dede 0px, rgba(255, 255, 255, 0) 80%) repeat scroll 0 0 rgba(0, 0, 0, 0);margin-left: auto;margin-right: auto;margin-top:20px;margin-bottom:20px;\"><\/div>\n<h3>Informations sur le produit<\/h3>\n<p><strong>Navigator : combin\u00e9 ambulateur \u00e0 4 roues et fauteuil de transport, de Hugo\u00ae<\/strong><\/p>\n<p>Un combin\u00e9 alliant la double fonction ambulateur\/fauteuil de transport.<\/p>\n<p>Couleur: bleu pacifique<br \/>\n<strong>Article no : 793-941<\/strong><\/p>\n<p>Couleur: canneberge<br \/>\n<strong>Article no : 793-942<\/strong><\/p>\n<div class=\"fusion-sep-clear\"><\/div><div class=\"fusion-separator fusion-full-width-sep sep-shadow\" style=\"background:radial-gradient(ellipse at 50% -50% , #e0dede 0px, rgba(255, 255, 255, 0) 80%) repeat scroll 0 0 rgba(0, 0, 0, 0);background:-webkit-radial-gradient(ellipse at 50% -50% , #e0dede 0px, rgba(255, 255, 255, 0) 80%) repeat scroll 0 0 rgba(0, 0, 0, 0);background:-moz-radial-gradient(ellipse at 50% -50% , #e0dede 0px, rgba(255, 255, 255, 0) 80%) repeat scroll 0 0 rgba(0, 0, 0, 0);background:-o-radial-gradient(ellipse at 50% -50% , #e0dede 0px, rgba(255, 255, 255, 0) 80%) repeat scroll 0 0 rgba(0, 0, 0, 0);margin-left: auto;margin-right: auto;margin-top:20px;margin-bottom:20px;\"><\/div>\n<div id=\"attachment_306\" style=\"width: 310px\" class=\"wp-caption alignright\"><a href=\"http:\/\/www.hugoanywhere.ca\/en\/wp-content\/uploads\/2013\/03\/793-941-navigator-box.jpg\"><img loading=\"lazy\" decoding=\"async\" aria-describedby=\"caption-attachment-306\" src=\"http:\/\/www.hugoanywhere.ca\/en\/wp-content\/uploads\/2013\/03\/793-941-navigator-box-300x300.jpg\" alt=\"Bo\u00eete pour la vente au d\u00e9tail du Navigator de Hugo\u00ae\" width=\"300\" height=\"300\" class=\"size-medium wp-image-306\" \/><\/a><p id=\"caption-attachment-306\" class=\"wp-caption-text\"><\/p>\n<div align=\"center\" style=\"line-height:normal;\">Bo\u00eete pour la vente au d\u00e9tail du Navigator de Hugo\u00ae<\/div>\n<p><\/p><\/div>\n<h3>Commentaires des clients<\/h3>\n<p><strong>Commentaires recueillis sur les cartes d\u2019enregistrement de produits ou lors de l\u2019enregistrement de produits en ligne :<\/strong><\/p>\n<div class=\"review male\"><blockquote><q style=\"background-color:;color:;\"><span class=\"fusion-dropcap dropcap\" style=\"color:#a0ce4e;\">\u201c<\/span> Tres appreci\u00e9<\/br><br \/>\n<\/q><\/blockquote><div class=\"author\" style=\"color:;\"><span class=\"testimonial-thumbnail doe\" style=\"color:;\"><\/span><span class=\"company-name\"><strong>Par : Jacques G.   De : Sorel Tracy<\/strong><\/span><\/div><\/div>\n<div class=\"review male\"><blockquote><q style=\"background-color:;color:;\"><span class=\"fusion-dropcap dropcap\" style=\"color:#a0ce4e;\">\u201c<\/span> C\u2019est la premiere fois que j\u2019ai un navigator pour marcher, car j\u2019ai beaucoup de difficulte a me deplacer. Merci<br \/>\n<\/q><\/blockquote><div class=\"author\" style=\"color:;\"><span class=\"testimonial-thumbnail doe\" style=\"color:;\"><\/span><span class=\"company-name\"><strong>Par : Jeanne D.    De : St. Hubert<\/strong><\/span><\/div><\/div>\n<div class=\"review male\"><blockquote><q style=\"background-color:;color:;\"><span class=\"fusion-dropcap dropcap\" style=\"color:#a0ce4e;\">\u201c<\/span> Pratique, vraiment bien. Se plie facilement, se range bien dans le coffre de l&rsquo;auto. Je me sens plus en securite vue que mon epoux souffre de parkinson<br \/>\n<\/q><\/blockquote><div class=\"author\" style=\"color:;\"><span class=\"testimonial-thumbnail doe\" style=\"color:;\"><\/span><span class=\"company-name\"><strong>Par : Jean-Jacques T.   De : Duvernay<\/strong><\/span><\/div><\/div>\n<div class=\"review male\"><blockquote><q style=\"background-color:;color:;\"><span class=\"fusion-dropcap dropcap\" style=\"color:#a0ce4e;\">\u201c<\/span> J&rsquo;aime beaucoup l&rsquo;idee du double usage: Deambulateur et fauteuil de transport. Aussi l&rsquo;idee de pouvoir le plier assey facilement.<br \/>\n<\/q><\/blockquote><div class=\"author\" style=\"color:;\"><span class=\"testimonial-thumbnail doe\" style=\"color:;\"><\/span><span class=\"company-name\"><strong>Par : Carole M.  De : St-Prime<\/strong><\/span><\/div><\/div>\n<div class=\"review male\"><blockquote><q style=\"background-color:;color:;\"><span class=\"fusion-dropcap dropcap\" style=\"color:#a0ce4e;\">\u201c<\/span> tres satisfait leger comfortable pratique pour le transport<br \/>\n<\/q><\/blockquote><div class=\"author\" style=\"color:;\"><span class=\"testimonial-thumbnail doe\" style=\"color:;\"><\/span><span class=\"company-name\"><strong>Par : G\u00e9rard L.   De : alma<\/strong><\/span><\/div><\/div>\n<div class=\"review male\"><blockquote><q style=\"background-color:;color:;\"><span class=\"fusion-dropcap dropcap\" style=\"color:#a0ce4e;\">\u201c<\/span> Je suis tr\u00e8s satisfaite de mon achat et des renseignements fournis ainsi que des ajustements effectu\u00e9s par la technicienne. Le service a \u00e9t\u00e9 efficace et tr\u00e8s rapide.<br \/>\n<\/q><\/blockquote><div class=\"author\" style=\"color:;\"><span class=\"testimonial-thumbnail doe\" style=\"color:;\"><\/span><span class=\"company-name\"><strong>Par : Ren\u00e9e G.   De : Laval<\/strong><\/span><\/div><\/div>\n<div class=\"fusion-sep-clear\"><\/div><div class=\"fusion-separator fusion-full-width-sep sep-shadow\" style=\"background:radial-gradient(ellipse at 50% -50% , #e0dede 0px, rgba(255, 255, 255, 0) 80%) repeat scroll 0 0 rgba(0, 0, 0, 0);background:-webkit-radial-gradient(ellipse at 50% -50% , #e0dede 0px, rgba(255, 255, 255, 0) 80%) repeat scroll 0 0 rgba(0, 0, 0, 0);background:-moz-radial-gradient(ellipse at 50% -50% , #e0dede 0px, rgba(255, 255, 255, 0) 80%) repeat scroll 0 0 rgba(0, 0, 0, 0);background:-o-radial-gradient(ellipse at 50% -50% , #e0dede 0px, rgba(255, 255, 255, 0) 80%) repeat scroll 0 0 rgba(0, 0, 0, 0);margin-left: auto;margin-right: auto;margin-top:20px;margin-bottom:20px;\"><\/div>\n<h3>Soci\u00e9t\u00e9 canadienne de la scl\u00e9rose en plaques<\/h3>\n<p><img loading=\"lazy\" decoding=\"async\" src=\"http:\/\/www.amgmedical.com\/specials\/OtherIM\/MS_SP_Sticker5.gif\" alt=\"Soci\u00e9t\u00e9 canadienne de la scl\u00e9rose en plaques\" title=\"Soci\u00e9t\u00e9 canadienne de la scl\u00e9rose en plaques\" width=\"300\" height=\"127\" border=\"0\" class=\"imagesdroite\" style=\"padding-bottom:50px; position:relative; top:-10px;\">Nous sommes fiers d&rsquo;annoncer notre partenariat avec la Soci\u00e9t\u00e9 canadienne de la scl\u00e9rose en plaques.<\/p>\n<p>Depuis 2009, une partie du produit de la vente des cannes Hugo<sup>\u00ae<\/sup> et des ambulateurs Hugo<sup>\u00ae<\/sup> est donn\u00e9e \u00e0 la <a href=\"http:\/\/www.scleroseenplaques.ca\/\">Soci\u00e9t\u00e9 canadienne de la scl\u00e9rose en plaques<\/a>. Cette derni\u00e8re apporte son soutien, \u00e0 travers tout le Canada, aux personnes qui souffrent de la scl\u00e9rose en plaques.<\/p>\n","protected":false},"excerpt":{"rendered":"<p>Article sans suite, discontinu\u00e9.<br \/>\n<a href=\"http:\/\/www.hugoanywhere.ca\/fr\/produits\/combine-fauteuil-de-transport-et-ambulateur-a-pliage-lateral-hugo-navigator\/\">Remplac\u00e9 par le Navigator 793-943<\/a><\/p>\n","protected":false},"featured_media":676,"comment_status":"open","ping_status":"closed","template":"","meta":[],"product_cat":[90],"product_tag":[79,63],"class_list":{"0":"post-674","1":"product","2":"type-product","3":"status-publish","4":"has-post-thumbnail","6":"product_cat-uncategorized","7":"product_tag-article-sans-suite","8":"product_tag-discontinue","10":"first","11":"outofstock","12":"shipping-taxable","13":"product-type-simple"},"_links":{"self":[{"href":"http:\/\/www.hugoanywhere.ca\/fr\/wp-json\/wp\/v2\/product\/674"}],"collection":[{"href":"http:\/\/www.hugoanywhere.ca\/fr\/wp-json\/wp\/v2\/product"}],"about":[{"href":"http:\/\/www.hugoanywhere.ca\/fr\/wp-json\/wp\/v2\/types\/product"}],"replies":[{"embeddable":true,"href":"http:\/\/www.hugoanywhere.ca\/fr\/wp-json\/wp\/v2\/comments?post=674"}],"wp:featuredmedia":[{"embeddable":true,"href":"http:\/\/www.hugoanywhere.ca\/fr\/wp-json\/wp\/v2\/media\/676"}],"wp:attachment":[{"href":"http:\/\/www.hugoanywhere.ca\/fr\/wp-json\/wp\/v2\/media?parent=674"}],"wp:term":[{"taxonomy":"product_cat","embeddable":true,"href":"http:\/\/www.hugoanywhere.ca\/fr\/wp-json\/wp\/v2\/product_cat?post=674"},{"taxonomy":"product_tag","embeddable":true,"href":"http:\/\/www.hugoanywhere.ca\/fr\/wp-json\/wp\/v2\/product_tag?post=674"}],"curies":[{"name":"wp","href":"https:\/\/api.w.org\/{rel}","templated":true}]}}