{"id":678,"date":"2014-09-19T15:01:18","date_gmt":"2014-09-19T19:01:18","guid":{"rendered":"http:\/\/www.hugoanywhere.ca\/fr\/?post_type=product&#038;p=678"},"modified":"2014-09-19T16:05:25","modified_gmt":"2014-09-19T20:05:25","slug":"porte-gobelet-universel-hugo","status":"publish","type":"product","link":"http:\/\/www.hugoanywhere.ca\/fr\/produits\/porte-gobelet-universel-hugo\/","title":{"rendered":"Porte-gobelet universel de Hugo\u00ae"},"content":{"rendered":"<div id=\"attachment_282\" style=\"width: 310px\" class=\"wp-caption alignright\"><a href=\"http:\/\/www.hugoanywhere.ca\/en\/wp-content\/uploads\/2013\/03\/781-020-Cup-Holder.jpg\"><img loading=\"lazy\" decoding=\"async\" aria-describedby=\"caption-attachment-282\" src=\"http:\/\/www.hugoanywhere.ca\/en\/wp-content\/uploads\/2013\/03\/781-020-Cup-Holder-300x267.jpg\" alt=\"Porte-gobelet universel Hugo\u00ae\" width=\"300\" height=\"267\" class=\"size-medium wp-image-282\" \/><\/a><p id=\"caption-attachment-282\" class=\"wp-caption-text\"><\/p>\n<div align=\"center\">Porte-gobelet universel Hugo\u00ae<\/div>\n<p><\/p><\/div>\n<h4>Un porte-gobelet pour votre ambulateur Hugo\u00ae. Vous permet de rester hydrat\u00e9 partout o\u00f9 vous allez !<\/h4>\n<p>Rester hydrat\u00e9 est important, peut importe l\u2019activit\u00e9 physique qui est pratiqu\u00e9e. Avec le porte-gobelet universel Hugo\u00ae, une boisson rafra\u00eechissante est toujours \u00e0 votre port\u00e9e! <\/p>\n<p>Le porte-gobelet universel Hugo\u00ae est con\u00e7u pour s&rsquo;adapter \u00e0 tout produit d\u2019aide \u00e0 la mobilit\u00e9 (ambulateur, marchette, fauteuil de transport, d\u00e9ambulateur, fauteuil roulant). Il a une ouverture d\u2019un diam\u00e8tre de 7,6 cm (3 po) qui permet d&rsquo;accueillir en toute s\u00e9curit\u00e9 votre tasse de caf\u00e9 pr\u00e9f\u00e9r\u00e9e ou une bouteille de sport. <\/p>\n<ul>\n<li>S&rsquo;installe correctement sur des tubes de 1,6 cm \u00e0 2,5 cm (5\/8 po \u00e0 1 po)<\/li>\n<li>La bride peut \u00eatre tourn\u00e9e pour s\u2019adapter \u00e0 un tube coud\u00e9<\/li>\n<li>L\u00e9ger et facile \u00e0 nettoyer<\/li>\n<li>Installation sans outil sur les produits d\u2019aide \u00e0 la mobilit\u00e9 standards (marchettes, fauteuils de transport, d\u00e9ambulateurs, ambulateurs, fauteuils roulants, etc.<\/li>\n<\/ul>\n<div class=\"fusion-sep-clear\"><\/div><div class=\"fusion-separator fusion-full-width-sep sep-shadow\" style=\"background:radial-gradient(ellipse at 50% -50% , #e0dede 0px, rgba(255, 255, 255, 0) 80%) repeat scroll 0 0 rgba(0, 0, 0, 0);background:-webkit-radial-gradient(ellipse at 50% -50% , #e0dede 0px, rgba(255, 255, 255, 0) 80%) repeat scroll 0 0 rgba(0, 0, 0, 0);background:-moz-radial-gradient(ellipse at 50% -50% , #e0dede 0px, rgba(255, 255, 255, 0) 80%) repeat scroll 0 0 rgba(0, 0, 0, 0);background:-o-radial-gradient(ellipse at 50% -50% , #e0dede 0px, rgba(255, 255, 255, 0) 80%) repeat scroll 0 0 rgba(0, 0, 0, 0);margin-left: auto;margin-right: auto;margin-top:20px;margin-bottom:20px;\"><\/div>\n<h3>Informations sur le produit<\/h3>\n<p><strong>Porte-gobelet universel Hugo\u00ae<\/strong><br \/>\nInstallation sans outil sur les produits d\u2019aide \u00e0 la mobilit\u00e9 standards<br \/>\n<strong>Article no : 781-020<\/strong><\/p>\n","protected":false},"excerpt":{"rendered":"<p>Vous permet de rester hydrat\u00e9 partout o\u00f9 vous allez !<\/p>\n","protected":false},"featured_media":680,"comment_status":"open","ping_status":"closed","template":"","meta":[],"product_cat":[68,67],"product_tag":[69,70,71],"class_list":{"0":"post-678","1":"product","2":"type-product","3":"status-publish","4":"has-post-thumbnail","6":"product_cat-accessoires-dambulateurs","7":"product_cat-ambulateurs","8":"product_tag-ambulateur","9":"product_tag-deambulateur","10":"product_tag-marchette-a-4-roues","12":"first","13":"instock","14":"shipping-taxable","15":"product-type-simple"},"_links":{"self":[{"href":"http:\/\/www.hugoanywhere.ca\/fr\/wp-json\/wp\/v2\/product\/678"}],"collection":[{"href":"http:\/\/www.hugoanywhere.ca\/fr\/wp-json\/wp\/v2\/product"}],"about":[{"href":"http:\/\/www.hugoanywhere.ca\/fr\/wp-json\/wp\/v2\/types\/product"}],"replies":[{"embeddable":true,"href":"http:\/\/www.hugoanywhere.ca\/fr\/wp-json\/wp\/v2\/comments?post=678"}],"wp:featuredmedia":[{"embeddable":true,"href":"http:\/\/www.hugoanywhere.ca\/fr\/wp-json\/wp\/v2\/media\/680"}],"wp:attachment":[{"href":"http:\/\/www.hugoanywhere.ca\/fr\/wp-json\/wp\/v2\/media?parent=678"}],"wp:term":[{"taxonomy":"product_cat","embeddable":true,"href":"http:\/\/www.hugoanywhere.ca\/fr\/wp-json\/wp\/v2\/product_cat?post=678"},{"taxonomy":"product_tag","embeddable":true,"href":"http:\/\/www.hugoanywhere.ca\/fr\/wp-json\/wp\/v2\/product_tag?post=678"}],"curies":[{"name":"wp","href":"https:\/\/api.w.org\/{rel}","templated":true}]}}