{"id":689,"date":"2014-09-22T10:15:03","date_gmt":"2014-09-22T14:15:03","guid":{"rendered":"http:\/\/www.hugoanywhere.ca\/fr\/?post_type=product&#038;p=689"},"modified":"2014-09-22T10:24:10","modified_gmt":"2014-09-22T14:24:10","slug":"ambulateur-fit-6-de-hugo","status":"publish","type":"product","link":"http:\/\/www.hugoanywhere.ca\/fr\/produits\/ambulateur-fit-6-de-hugo\/","title":{"rendered":"Ambulateur Fit 6, de Hugo\u00ae"},"content":{"rendered":"<div id=\"attachment_363\" style=\"width: 224px\" class=\"wp-caption alignright\"><a href=\"http:\/\/www.hugoanywhere.ca\/en\/wp-content\/uploads\/2013\/03\/700-913-Hugo-Fit-6.jpg\"><img loading=\"lazy\" decoding=\"async\" aria-describedby=\"caption-attachment-363\" src=\"http:\/\/www.hugoanywhere.ca\/en\/wp-content\/uploads\/2013\/03\/700-913-Hugo-Fit-6-214x300.jpg\" alt=\"Ambulateur avec si\u00e8ge Fit 6 de Hugo\u00ae\" width=\"214\" height=\"300\" class=\"size-medium wp-image-363\" \/><\/a><p id=\"caption-attachment-363\" class=\"wp-caption-text\"><\/p>\n<div align=\"center\" style=\"line-height:normal;\">Ambulateur avec siege, Fit 6 de Hugo\u00ae<\/div>\n<p><\/p><\/div>\n<h4>Un ambulateur avec si\u00e8ge \u00e0 hauteur adjustable. Pour un ajustement parfait pour tous !<\/h4>\n<p>La marchette \u00e0 quatre roues Hugo\u00ae Fit 6, avec si\u00e8ge, est id\u00e9ale pour ceux qui pourraient utiliser un peu d&rsquo;aide pour garder l&rsquo;\u00e9quilibre ou pour ceux qui se fatiguent facilement en marchant. <\/p>\n<p>Le si\u00e8ge et le dossier du d\u00e9ambulateur sont rembourr\u00e9s, et offrent donc un endroit confortable pour se reposer pour ceux se remettent d&rsquo;une blessure, souffrent d&rsquo;arthrite grave ou pour ceux qui ont des conditions physiques qui compromettent leur \u00e9quilibre.<\/p>\n<p>De plus, le si\u00e8ge s&rsquo;adapte \u00e0 trois hauteurs diff\u00e9rentes tandis que les poign\u00e9es sont \u00e9galement r\u00e9glables, ce qui rend l\u2019ambulateur Hugo\u00ae Fit 6 d\u2019un ajustement parfait pour tous !<\/p>\n<p>Les quatre roues du d\u00e9ambulateur Hugo\u00ae Fit 6 rendent plus facile et plus s\u00fbr le fait de marcher, tout en vous aidant \u00e0 obtenir l&rsquo;exercice dont vous avez besoin. Vous aurez la s\u00e9curit\u00e9 et la confiance n\u00e9cessaires pour aller l\u00e0 o\u00f9 vous voulez aller !<\/p>\n<div id=\"attachment_364\" style=\"width: 310px\" class=\"wp-caption alignright\"><a href=\"http:\/\/www.hugoanywhere.ca\/en\/wp-content\/uploads\/2013\/03\/fit6_alt1.jpg\"><img loading=\"lazy\" decoding=\"async\" aria-describedby=\"caption-attachment-364\" src=\"http:\/\/www.hugoanywhere.ca\/en\/wp-content\/uploads\/2013\/03\/fit6_alt1-300x212.jpg\" alt=\"Si\u00e8ge et poign\u00e9es adjustables de l'ambulateur Fit 6 de Hugo\u00ae\" width=\"300\" height=\"212\" class=\"size-medium wp-image-364\" \/><\/a><p id=\"caption-attachment-364\" class=\"wp-caption-text\"><\/p>\n<div align=\"center\" style=\"line-height:normal;\">Si\u00e8ge et poign\u00e9es adjustables de l&rsquo;ambulateur Fit 6 de Hugo\u00ae<\/div>\n<p><\/p><\/div>\n<ul>\n<li>Si\u00e8ge et poign\u00e9es r\u00e9glables en hauteur, pour un ajustement parfait<\/li>\n<li>Le si\u00e8ge et le dossier sont rembourr\u00e9 et offrent, du fait m\u00eame, un endroit confortable pour se reposer<\/li>\n<li>Poign\u00e9es ergonomiques avec freins \u00e0 main verrouillables pour plus de s\u00e9curit\u00e9 lorsque vous \u00eates assis<\/li>\n<li>Sac de rangement sous le si\u00e8ge pour pouvoir placer des objets de valeur avec plus de s\u00e9curit\u00e9<\/li>\n<li>Conception l\u00e9g\u00e8re, 6,8 kg (15 livres), qui se plie facilement pour le transport<\/li>\n<li>Roues de 15,25 cm (6 po) qui n&rsquo;\u00e9gratignent pas<\/li>\n<li>Assemblage sans outils<\/li>\n<li>Pi\u00e8ces de rechange entrepos\u00e9es au Canada<\/li>\n<li>Capacit\u00e9 de poids de 113,4 kg (250 livres)<\/li>\n<\/ul>\n<div class=\"fusion-sep-clear\"><\/div><div class=\"fusion-separator fusion-full-width-sep sep-shadow\" style=\"background:radial-gradient(ellipse at 50% -50% , #e0dede 0px, rgba(255, 255, 255, 0) 80%) repeat scroll 0 0 rgba(0, 0, 0, 0);background:-webkit-radial-gradient(ellipse at 50% -50% , #e0dede 0px, rgba(255, 255, 255, 0) 80%) repeat scroll 0 0 rgba(0, 0, 0, 0);background:-moz-radial-gradient(ellipse at 50% -50% , #e0dede 0px, rgba(255, 255, 255, 0) 80%) repeat scroll 0 0 rgba(0, 0, 0, 0);background:-o-radial-gradient(ellipse at 50% -50% , #e0dede 0px, rgba(255, 255, 255, 0) 80%) repeat scroll 0 0 rgba(0, 0, 0, 0);margin-left: auto;margin-right: auto;margin-top:20px;margin-bottom:20px;\"><\/div>\n<h3>Sp\u00e9cifications<\/h3>\n<p><img loading=\"lazy\" decoding=\"async\" src=\"\/hugo-images\/700-913-specs.jpg\" width=\"346\" height=\"99\" alt=\"Sp\u00e9cifications du d\u00e9ambulateur Fit 6 de Hugo\u00ae\" title=\"Sp\u00e9cifications du d\u00e9ambulateur Fit 6 de Hugo\u00ae\"><\/p>\n<p class=\"T10\">Veuillez noter : la taille de l&rsquo;utilisateur indiqu\u00e9e ci-haut est une recommandation \u00e9tablie \u00e0 partir des normes ISO. Pour une recommandation personnalis\u00e9e, consultez un professionnel de la sant\u00e9.<\/p>\n<div class=\"fusion-sep-clear\"><\/div><div class=\"fusion-separator fusion-full-width-sep sep-shadow\" style=\"background:radial-gradient(ellipse at 50% -50% , #e0dede 0px, rgba(255, 255, 255, 0) 80%) repeat scroll 0 0 rgba(0, 0, 0, 0);background:-webkit-radial-gradient(ellipse at 50% -50% , #e0dede 0px, rgba(255, 255, 255, 0) 80%) repeat scroll 0 0 rgba(0, 0, 0, 0);background:-moz-radial-gradient(ellipse at 50% -50% , #e0dede 0px, rgba(255, 255, 255, 0) 80%) repeat scroll 0 0 rgba(0, 0, 0, 0);background:-o-radial-gradient(ellipse at 50% -50% , #e0dede 0px, rgba(255, 255, 255, 0) 80%) repeat scroll 0 0 rgba(0, 0, 0, 0);margin-left: auto;margin-right: auto;margin-top:20px;margin-bottom:20px;\"><\/div>\n<h3>Diagrammes d&rsquo;assemblage et listes de localisations des pi\u00e8ces (fichier pdf)<\/h3>\n<p><strong><\/p>\n<p><a href=\"http:\/\/www.amgmedical.com\/site\/parts\/700-913R1f.pdf\" target=\"_blank\">pour le d\u00e9ambulateur Fit 6 r\u00e9vision 1, de Hugo\u00ae<\/a><\/p>\n<p><\/strong><\/p>\n<div class=\"fusion-sep-clear\"><\/div><div class=\"fusion-separator fusion-full-width-sep sep-shadow\" style=\"background:radial-gradient(ellipse at 50% -50% , #e0dede 0px, rgba(255, 255, 255, 0) 80%) repeat scroll 0 0 rgba(0, 0, 0, 0);background:-webkit-radial-gradient(ellipse at 50% -50% , #e0dede 0px, rgba(255, 255, 255, 0) 80%) repeat scroll 0 0 rgba(0, 0, 0, 0);background:-moz-radial-gradient(ellipse at 50% -50% , #e0dede 0px, rgba(255, 255, 255, 0) 80%) repeat scroll 0 0 rgba(0, 0, 0, 0);background:-o-radial-gradient(ellipse at 50% -50% , #e0dede 0px, rgba(255, 255, 255, 0) 80%) repeat scroll 0 0 rgba(0, 0, 0, 0);margin-left: auto;margin-right: auto;margin-top:20px;margin-bottom:20px;\"><\/div>\n<h3>Mode d\u2019emploi (fichier pdf)<\/h3>\n<p><strong><\/p>\n<p><a href=\"http:\/\/www.amgmedical.com\/site\/Manuals\/700-913_ins.pdf\" target=\"_blank\">pour le d\u00e9ambulateur Fit 6 r\u00e9vision 1, de Hugo\u00ae<\/a><\/p>\n<p><\/strong><\/p>\n<div class=\"fusion-sep-clear\"><\/div><div class=\"fusion-separator fusion-full-width-sep sep-shadow\" style=\"background:radial-gradient(ellipse at 50% -50% , #e0dede 0px, rgba(255, 255, 255, 0) 80%) repeat scroll 0 0 rgba(0, 0, 0, 0);background:-webkit-radial-gradient(ellipse at 50% -50% , #e0dede 0px, rgba(255, 255, 255, 0) 80%) repeat scroll 0 0 rgba(0, 0, 0, 0);background:-moz-radial-gradient(ellipse at 50% -50% , #e0dede 0px, rgba(255, 255, 255, 0) 80%) repeat scroll 0 0 rgba(0, 0, 0, 0);background:-o-radial-gradient(ellipse at 50% -50% , #e0dede 0px, rgba(255, 255, 255, 0) 80%) repeat scroll 0 0 rgba(0, 0, 0, 0);margin-left: auto;margin-right: auto;margin-top:20px;margin-bottom:20px;\"><\/div>\n<h3>Garantie<\/h3>\n<p>Garantie limit\u00e9e de trois (3) ans pour le ch\u00e2ssis et de un (1) an pour toutes les autres pi\u00e8ces.<\/p>\n<div class=\"fusion-sep-clear\"><\/div><div class=\"fusion-separator fusion-full-width-sep sep-shadow\" style=\"background:radial-gradient(ellipse at 50% -50% , #e0dede 0px, rgba(255, 255, 255, 0) 80%) repeat scroll 0 0 rgba(0, 0, 0, 0);background:-webkit-radial-gradient(ellipse at 50% -50% , #e0dede 0px, rgba(255, 255, 255, 0) 80%) repeat scroll 0 0 rgba(0, 0, 0, 0);background:-moz-radial-gradient(ellipse at 50% -50% , #e0dede 0px, rgba(255, 255, 255, 0) 80%) repeat scroll 0 0 rgba(0, 0, 0, 0);background:-o-radial-gradient(ellipse at 50% -50% , #e0dede 0px, rgba(255, 255, 255, 0) 80%) repeat scroll 0 0 rgba(0, 0, 0, 0);margin-left: auto;margin-right: auto;margin-top:20px;margin-bottom:20px;\"><\/div>\n<h3>Informations sur le produit<\/h3>\n<p><strong>Ambulateur avec si\u00e8ge Fit 6 de Hugo\u00ae<\/strong><\/p>\n<div class=\"espaceapres\"> <\/div>\n<p>Un ambulateur avec si\u00e8ge \u00e0 hauteur adjustable. Pour un ajustement parfait pour tous !<\/p>\n<p>Couleur : Bleu pacifique<\/p>\n<p><strong>Article no : 700-913<\/strong><\/p>\n<div class=\"fusion-sep-clear\"><\/div><div class=\"fusion-separator fusion-full-width-sep sep-shadow\" style=\"background:radial-gradient(ellipse at 50% -50% , #e0dede 0px, rgba(255, 255, 255, 0) 80%) repeat scroll 0 0 rgba(0, 0, 0, 0);background:-webkit-radial-gradient(ellipse at 50% -50% , #e0dede 0px, rgba(255, 255, 255, 0) 80%) repeat scroll 0 0 rgba(0, 0, 0, 0);background:-moz-radial-gradient(ellipse at 50% -50% , #e0dede 0px, rgba(255, 255, 255, 0) 80%) repeat scroll 0 0 rgba(0, 0, 0, 0);background:-o-radial-gradient(ellipse at 50% -50% , #e0dede 0px, rgba(255, 255, 255, 0) 80%) repeat scroll 0 0 rgba(0, 0, 0, 0);margin-left: auto;margin-right: auto;margin-top:20px;margin-bottom:20px;\"><\/div>\n<div id=\"attachment_366\" style=\"width: 310px\" class=\"wp-caption alignright\"><a href=\"http:\/\/www.hugoanywhere.ca\/en\/wp-content\/uploads\/2013\/03\/700-913-Fit-6-retail-box.jpg\"><img loading=\"lazy\" decoding=\"async\" aria-describedby=\"caption-attachment-366\" src=\"http:\/\/www.hugoanywhere.ca\/en\/wp-content\/uploads\/2013\/03\/700-913-Fit-6-retail-box-300x262.jpg\" alt=\"Ambulateur avec si\u00e8ge, Fit 6 de Hugo\u00ae, dans sa bo\u00eete pour la vente au d\u00e9tail\" width=\"300\" height=\"262\" class=\"size-medium wp-image-366\" \/><\/a><p id=\"caption-attachment-366\" class=\"wp-caption-text\"><\/p>\n<div align=\"center\" style=\"line-height:normal;\">Ambulateur avec si\u00e8ge, Fit 6 de Hugo\u00ae, dans sa bo\u00eete pour la vente au d\u00e9tail<\/div>\n<p><\/p><\/div>\n<h3>Commentaires des clients<\/h3>\n<p><strong>Commentaires recueillis sur les cartes d\u2019enregistrement de produits ou lors de l\u2019enregistrement de produits en ligne :<\/strong><\/p>\n<div class=\"review male\"><blockquote><q style=\"background-color:;color:;\"><span class=\"fusion-dropcap dropcap\" style=\"color:#a0ce4e;\">\u201c<\/span> Tres bon!<\/br><br \/>\n<\/q><\/blockquote><div class=\"author\" style=\"color:;\"><span class=\"testimonial-thumbnail doe\" style=\"color:;\"><\/span><span class=\"company-name\"><strong>Par : Pauline G.   De : Montreal<\/strong><\/span><\/div><\/div>\n<div class=\"review male\"><blockquote><q style=\"background-color:;color:;\"><span class=\"fusion-dropcap dropcap\" style=\"color:#a0ce4e;\">\u201c<\/span> beau produit de tres bonne qualite.<\/br><br \/>\n<\/q><\/blockquote><div class=\"author\" style=\"color:;\"><span class=\"testimonial-thumbnail doe\" style=\"color:;\"><\/span><span class=\"company-name\"><strong>Par : Ren\u00e9 M.  De : st-gerard des laurentides<\/strong><\/span><\/div><\/div>\n<div class=\"review male\"><blockquote><q style=\"background-color:;color:;\"><span class=\"fusion-dropcap dropcap\" style=\"color:#a0ce4e;\">\u201c<\/span> Ce n&rsquo;est pas malle<\/br><br \/>\n<\/q><\/blockquote><div class=\"author\" style=\"color:;\"><span class=\"testimonial-thumbnail doe\" style=\"color:;\"><\/span><span class=\"company-name\"><strong>Par : Fernande L.  L.   De : St-Jean-Sur-Richelieu<\/strong><\/span><\/div><\/div>\n<div class=\"fusion-sep-clear\"><\/div><div class=\"fusion-separator fusion-full-width-sep sep-shadow\" style=\"background:radial-gradient(ellipse at 50% -50% , #e0dede 0px, rgba(255, 255, 255, 0) 80%) repeat scroll 0 0 rgba(0, 0, 0, 0);background:-webkit-radial-gradient(ellipse at 50% -50% , #e0dede 0px, rgba(255, 255, 255, 0) 80%) repeat scroll 0 0 rgba(0, 0, 0, 0);background:-moz-radial-gradient(ellipse at 50% -50% , #e0dede 0px, rgba(255, 255, 255, 0) 80%) repeat scroll 0 0 rgba(0, 0, 0, 0);background:-o-radial-gradient(ellipse at 50% -50% , #e0dede 0px, rgba(255, 255, 255, 0) 80%) repeat scroll 0 0 rgba(0, 0, 0, 0);margin-left: auto;margin-right: auto;margin-top:20px;margin-bottom:20px;\"><\/div>\n<h3>Soci\u00e9t\u00e9 canadienne de la scl\u00e9rose en plaques<\/h3>\n<p><img loading=\"lazy\" decoding=\"async\" src=\"http:\/\/www.amgmedical.com\/specials\/OtherIM\/MS_SP_Sticker5.gif\" alt=\"Soci\u00e9t\u00e9 canadienne de la scl\u00e9rose en plaques\" title=\"Soci\u00e9t\u00e9 canadienne de la scl\u00e9rose en plaques\" width=\"300\" height=\"127\" border=\"0\" class=\"imagesdroite\" style=\"padding-bottom:50px; position:relative; top:-10px;\">Nous sommes fiers d&rsquo;annoncer notre partenariat avec la Soci\u00e9t\u00e9 canadienne de la scl\u00e9rose en plaques.<\/p>\n<p>Depuis 2009, une partie du produit de la vente des cannes Hugo<sup>\u00ae<\/sup> et des ambulateurs Hugo<sup>\u00ae<\/sup> est donn\u00e9e \u00e0 la <a href=\"http:\/\/www.scleroseenplaques.ca\/\">Soci\u00e9t\u00e9 canadienne de la scl\u00e9rose en plaques<\/a>. Cette derni\u00e8re apporte son soutien, \u00e0 travers tout le Canada, aux personnes qui souffrent de la scl\u00e9rose en plaques.<\/p>\n","protected":false},"excerpt":{"rendered":"<p>Un ambulateur avec si\u00e8ge \u00e0 hauteur adjustable. Pour un ajustement parfait pour tous !<\/p>\n","protected":false},"featured_media":690,"comment_status":"open","ping_status":"closed","template":"","meta":[],"product_cat":[67],"product_tag":[69,70,71],"class_list":{"0":"post-689","1":"product","2":"type-product","3":"status-publish","4":"has-post-thumbnail","6":"product_cat-ambulateurs","7":"product_tag-ambulateur","8":"product_tag-deambulateur","9":"product_tag-marchette-a-4-roues","11":"first","12":"instock","13":"shipping-taxable","14":"product-type-simple"},"_links":{"self":[{"href":"http:\/\/www.hugoanywhere.ca\/fr\/wp-json\/wp\/v2\/product\/689"}],"collection":[{"href":"http:\/\/www.hugoanywhere.ca\/fr\/wp-json\/wp\/v2\/product"}],"about":[{"href":"http:\/\/www.hugoanywhere.ca\/fr\/wp-json\/wp\/v2\/types\/product"}],"replies":[{"embeddable":true,"href":"http:\/\/www.hugoanywhere.ca\/fr\/wp-json\/wp\/v2\/comments?post=689"}],"wp:featuredmedia":[{"embeddable":true,"href":"http:\/\/www.hugoanywhere.ca\/fr\/wp-json\/wp\/v2\/media\/690"}],"wp:attachment":[{"href":"http:\/\/www.hugoanywhere.ca\/fr\/wp-json\/wp\/v2\/media?parent=689"}],"wp:term":[{"taxonomy":"product_cat","embeddable":true,"href":"http:\/\/www.hugoanywhere.ca\/fr\/wp-json\/wp\/v2\/product_cat?post=689"},{"taxonomy":"product_tag","embeddable":true,"href":"http:\/\/www.hugoanywhere.ca\/fr\/wp-json\/wp\/v2\/product_tag?post=689"}],"curies":[{"name":"wp","href":"https:\/\/api.w.org\/{rel}","templated":true}]}}