{"id":693,"date":"2014-09-22T11:27:26","date_gmt":"2014-09-22T15:27:26","guid":{"rendered":"http:\/\/www.hugoanywhere.ca\/fr\/?post_type=product&#038;p=693"},"modified":"2015-05-04T10:43:53","modified_gmt":"2015-05-04T14:43:53","slug":"ambulateur-de-luxe-tout-equipe-wave-de-hugo","status":"publish","type":"product","link":"http:\/\/www.hugoanywhere.ca\/fr\/produits\/ambulateur-de-luxe-tout-equipe-wave-de-hugo\/","title":{"rendered":"Ambulateur de luxe tout \u00e9quip\u00e9, Wave de Hugo\u00ae"},"content":{"rendered":"<div id=\"attachment_370\" style=\"width: 160px\" class=\"wp-caption alignright\"><a href=\"http:\/\/www.hugoanywhere.ca\/hugo-images\/Discontinued_f.gif\"><img loading=\"lazy\" decoding=\"async\" aria-describedby=\"caption-attachment-370\" src=\"http:\/\/www.hugoanywhere.ca\/hugo-images\/Discontinued_f.gif\" alt=\"Article sans suite - discontinu\u00e9\" width=\"150\" height=\"150\" class=\"size-medium wp-image-370\" \/><\/a><p id=\"caption-attachment-370\" class=\"wp-caption-text\"><\/p>\n<div align=\"center\" style=\"line-height:normal;\">Article sans suite &#8211; discontinu\u00e9<\/div>\n<p><\/p><\/div>\n<h4>Le d\u00e9ambulateur Wave de Hugo\u00ae est tout \u00e9quip\u00e9 : plateau amovible, porte-tasse, porte-canne et sac sous le si\u00e8ge sont inclus !<\/h4>\n<p>Qui plus est, vous pouvez ajuster le si\u00e8ge du d\u00e9ambulateur selon vos besoins (deux hauteurs possibles) et son dossier enveloppant est plus confortable qu&rsquo;un dossier ordinaire.<\/p>\n<p>L&rsquo;ambulateur Wave de Hugo\u00ae est une marchette \u00e0 4 roues munie d&rsquo;un siege confortable. Ce d\u00e9ambulateur est, de plus, \u00e9quipp\u00e9 de 4 tr\u00e8s grandes roues de 20,3 cm (8 pouces) pour une utilisation tant \u00e0 l&rsquo;int\u00e9rieur qu&rsquo;\u00e0 l&rsquo;ext\u00e9rieur.<\/p>\n<ul>\n<li>Si\u00e8ge ajustable selon vos besoins<\/li>\n<li>Appui-dos enveloppant plus confortable<\/li>\n<li>Poign\u00e9es ergonomiques ajustables en hauteur avec freins \u00e0 main verrouillables<\/li>\n<li>La hauteur du si\u00e8ge s&rsquo;ajuste \u00e0 deux niveaux<\/li>\n<li>Tr\u00e8s grandes roues de 20,3 cm (8 pouces) pour une utilisation \u00e0 l&rsquo;int\u00e9rieur et \u00e0 l&rsquo;ext\u00e9rieur<\/li>\n<li>Appui-dos enveloppant pour une meilleure posture<\/li>\n<li>Sac s\u00e9curitaire sous le si\u00e8ge<\/li>\n<li>Porte-canne<\/li>\n<div id=\"attachment_358\" style=\"width: 162px\" class=\"wp-caption alignright\"><a href=\"http:\/\/www.hugoanywhere.ca\/en\/wp-content\/uploads\/2013\/03\/700-905-Wave-lifestyle.jpg\"><img loading=\"lazy\" decoding=\"async\" aria-describedby=\"caption-attachment-358\" src=\"http:\/\/www.hugoanywhere.ca\/en\/wp-content\/uploads\/2013\/03\/700-905-Wave-lifestyle-152x300.jpg\" alt=\"Ambulateur de luxe tout \u00e9quip\u00e9, Wave de Hugo\u00ae\" title=\"Ambulateur de luxe tout \u00e9quip\u00e9, Wave de Hugo\u00ae\" width=\"152\" height=\"300\" class=\"size-medium wp-image-358\" \/><\/a><p id=\"caption-attachment-358\" class=\"wp-caption-text\"><\/p>\n<div align=\"center\" style=\"line-height:normal;\">Ambulateur de luxe tout \u00e9quip\u00e9, Wave de Hugo\u00ae<\/div>\n<p><\/p><\/div>\n<li>Plateau amovible<\/li>\n<li>Porte-gobelet<\/li>\n<li>Assemblage sans outils<\/li>\n<li>Poids net (sans les accessoires) : 8,2 kg (18 livres) <\/li>\n<li>Brevets : 7066484, 2471692, D603302<\/li>\n<li>Capacit\u00e9 de poids : 136 kg (300 livres)<\/li>\n<\/ul>\n<div class=\"fusion-sep-clear\"><\/div><div class=\"fusion-separator fusion-full-width-sep sep-shadow\" style=\"background:radial-gradient(ellipse at 50% -50% , #e0dede 0px, rgba(255, 255, 255, 0) 80%) repeat scroll 0 0 rgba(0, 0, 0, 0);background:-webkit-radial-gradient(ellipse at 50% -50% , #e0dede 0px, rgba(255, 255, 255, 0) 80%) repeat scroll 0 0 rgba(0, 0, 0, 0);background:-moz-radial-gradient(ellipse at 50% -50% , #e0dede 0px, rgba(255, 255, 255, 0) 80%) repeat scroll 0 0 rgba(0, 0, 0, 0);background:-o-radial-gradient(ellipse at 50% -50% , #e0dede 0px, rgba(255, 255, 255, 0) 80%) repeat scroll 0 0 rgba(0, 0, 0, 0);margin-left: auto;margin-right: auto;margin-top:20px;margin-bottom:20px;\"><\/div>\n<h3>Sp\u00e9cifications<\/h3>\n<p><img loading=\"lazy\" decoding=\"async\" src=\"\/hugo-images\/700-905-stats.jpg\" width=\"415\" height=\"96\" alt=\"Sp\u00e9cifications de l'ambulateur Wave de Hugo\u00ae\" title=\"Sp\u00e9cifications de l'ambulateur Wave de Hugo\u00ae\" \"><br \/>\nVeuillez noter : la taille de l&rsquo;utilisateur indiqu\u00e9e ci-haut est une recommandation \u00e9tablie \u00e0 partir des normes ISO. Pour une recommandation personnalis\u00e9e, consultez un professionnel de la sant\u00e9.<\/p>\n<div class=\"fusion-sep-clear\"><\/div><div class=\"fusion-separator fusion-full-width-sep sep-shadow\" style=\"background:radial-gradient(ellipse at 50% -50% , #e0dede 0px, rgba(255, 255, 255, 0) 80%) repeat scroll 0 0 rgba(0, 0, 0, 0);background:-webkit-radial-gradient(ellipse at 50% -50% , #e0dede 0px, rgba(255, 255, 255, 0) 80%) repeat scroll 0 0 rgba(0, 0, 0, 0);background:-moz-radial-gradient(ellipse at 50% -50% , #e0dede 0px, rgba(255, 255, 255, 0) 80%) repeat scroll 0 0 rgba(0, 0, 0, 0);background:-o-radial-gradient(ellipse at 50% -50% , #e0dede 0px, rgba(255, 255, 255, 0) 80%) repeat scroll 0 0 rgba(0, 0, 0, 0);margin-left: auto;margin-right: auto;margin-top:20px;margin-bottom:20px;\"><\/div>\n<h3>Diagrammes d&rsquo;assemblage et listes de localisations des pi\u00e8ces (fichier pdf)<\/h3>\n<p><strong><\/p>\n<p><a href=\"http:\/\/www.amgmedical.com\/site\/parts\/700-905R1f.pdf\" target=\"_blank\">pour l&rsquo;ambulateur Wave de Hugo\u00ae<\/a><\/p>\n<p><\/strong><\/p>\n<h3>Mode d&#8217;emploi (fichier pdf)<\/h3>\n<p><strong><a href=\"http:\/\/www.amgmedical.com\/site\/Manuals\/700-905_Ins.pdf\" target=\"_blank\">pour l&rsquo;ambulateur Wave de Hugo\u00ae<\/a><\/strong><\/p>\n<h3>Garantie<\/h3>\n<p>Garantie limit\u00e9e de trois (3) ans pour le ch\u00e2ssis et de un (1) an pour toutes les autres pi\u00e8ces.<\/p>\n<div class=\"fusion-sep-clear\"><\/div><div class=\"fusion-separator fusion-full-width-sep sep-shadow\" style=\"background:radial-gradient(ellipse at 50% -50% , #e0dede 0px, rgba(255, 255, 255, 0) 80%) repeat scroll 0 0 rgba(0, 0, 0, 0);background:-webkit-radial-gradient(ellipse at 50% -50% , #e0dede 0px, rgba(255, 255, 255, 0) 80%) repeat scroll 0 0 rgba(0, 0, 0, 0);background:-moz-radial-gradient(ellipse at 50% -50% , #e0dede 0px, rgba(255, 255, 255, 0) 80%) repeat scroll 0 0 rgba(0, 0, 0, 0);background:-o-radial-gradient(ellipse at 50% -50% , #e0dede 0px, rgba(255, 255, 255, 0) 80%) repeat scroll 0 0 rgba(0, 0, 0, 0);margin-left: auto;margin-right: auto;margin-top:20px;margin-bottom:20px;\"><\/div>\n<h3>Informations sur le produit<\/h3>\n<p><strong>Ambulateur de luxe tout \u00e9quip\u00e9, Wave de Hugo\u00ae<\/strong><\/p>\n<p>Un ambulateur enti\u00e8rement \u00e9quipp\u00e9 : plateau amovible, porte-tasse, porte-canne et sac sous le si\u00e8ge sont inclus !<\/p>\n<p>Couleur : Bleu pacifique<\/p>\n<p><strong>Article no : 700-905<\/strong><\/p>\n<div class=\"fusion-sep-clear\"><\/div><div class=\"fusion-separator fusion-full-width-sep sep-shadow\" style=\"background:radial-gradient(ellipse at 50% -50% , #e0dede 0px, rgba(255, 255, 255, 0) 80%) repeat scroll 0 0 rgba(0, 0, 0, 0);background:-webkit-radial-gradient(ellipse at 50% -50% , #e0dede 0px, rgba(255, 255, 255, 0) 80%) repeat scroll 0 0 rgba(0, 0, 0, 0);background:-moz-radial-gradient(ellipse at 50% -50% , #e0dede 0px, rgba(255, 255, 255, 0) 80%) repeat scroll 0 0 rgba(0, 0, 0, 0);background:-o-radial-gradient(ellipse at 50% -50% , #e0dede 0px, rgba(255, 255, 255, 0) 80%) repeat scroll 0 0 rgba(0, 0, 0, 0);margin-left: auto;margin-right: auto;margin-top:20px;margin-bottom:20px;\"><\/div>\n<div id=\"attachment_359\" style=\"width: 310px\" class=\"wp-caption alignright\"><a href=\"http:\/\/www.hugoanywhere.ca\/en\/wp-content\/uploads\/2013\/03\/700-905-Wave-retail-box-.jpg\"><img loading=\"lazy\" decoding=\"async\" aria-describedby=\"caption-attachment-359\" src=\"http:\/\/www.hugoanywhere.ca\/en\/wp-content\/uploads\/2013\/03\/700-905-Wave-retail-box--300x300.jpg\" alt=\"Emballage pour la vente au detail de la marchette \u00e0 4 roues Wave de Hugo\u00ae\" title=\"Emballage pour la vente au detail de la marchette \u00e0 4 roues Wave de Hugo\u00ae\" width=\"300\" height=\"300\" class=\"size-medium wp-image-359\" \/><\/a><p id=\"caption-attachment-359\" class=\"wp-caption-text\"><\/p>\n<div align=\"center\" style=\"line-height:normal;\">Emballage pour la vente au detail de la marchette \u00e0 4 roues Wave de Hugo\u00ae<\/div>\n<p><\/p><\/div>\n<h3>Commentaires des clients<\/h3>\n<p><strong>Commentaires recueillis sur les cartes d\u2019enregistrement de produits ou lors de l\u2019enregistrement de produits en ligne :<\/strong><\/p>\n<div class=\"review male\"><blockquote><q style=\"background-color:;color:;\"><span class=\"fusion-dropcap dropcap\" style=\"color:#a0ce4e;\">\u201c<\/span> Quel Plaisir de pouvoir sortir de chez moi et d&rsquo;aller ou je veux. Merci a vous<\/br><br \/>\n<\/q><\/blockquote><div class=\"author\" style=\"color:;\"><span class=\"testimonial-thumbnail doe\" style=\"color:;\"><\/span><span class=\"company-name\"><strong>Par : Micheline D.  De : St-Jean-Sur-Richelieu<\/strong><\/span><\/div><\/div>\n<div class=\"review male\"><blockquote><q style=\"background-color:;color:;\"><span class=\"fusion-dropcap dropcap\" style=\"color:#a0ce4e;\">\u201c<\/span> C\u2019est fantatique, comme locomotion. J\u2019ai toujours voulu une B.M.W. et bien je peux dire tu l\u2019as.<\/br><br \/>\n<\/q><\/blockquote><div class=\"author\" style=\"color:;\"><span class=\"testimonial-thumbnail doe\" style=\"color:;\"><\/span><span class=\"company-name\"><strong>Par : Jacqueline L.   De : Laval<\/strong><\/span><\/div><\/div>\n<div class=\"review male\"><blockquote><q style=\"background-color:;color:;\"><span class=\"fusion-dropcap dropcap\" style=\"color:#a0ce4e;\">\u201c<\/span> excellent achat joli et pratique securitaire<\/br><br \/>\n<\/q><\/blockquote><div class=\"author\" style=\"color:;\"><span class=\"testimonial-thumbnail doe\" style=\"color:;\"><\/span><span class=\"company-name\"><strong>Par : YOLANDE M.  De : trois rivieres<\/strong><\/span><\/div><\/div>\n<div class=\"review male\"><blockquote><q style=\"background-color:;color:;\"><span class=\"fusion-dropcap dropcap\" style=\"color:#a0ce4e;\">\u201c<\/span> Je n\u2019ai pas le choix de me servir d\u2019une marchette. Je debute avec. Je suis tres satisfaite. Je ne connais pas d\u2019autre produits. Merci<br \/>\n<\/q><\/blockquote><div class=\"author\" style=\"color:;\"><span class=\"testimonial-thumbnail doe\" style=\"color:;\"><\/span><span class=\"company-name\"><strong>Par : Marthe C.   De : Laval<\/strong><\/span><\/div><\/div>\n<div class=\"fusion-sep-clear\"><\/div><div class=\"fusion-separator fusion-full-width-sep sep-shadow\" style=\"background:radial-gradient(ellipse at 50% -50% , #e0dede 0px, rgba(255, 255, 255, 0) 80%) repeat scroll 0 0 rgba(0, 0, 0, 0);background:-webkit-radial-gradient(ellipse at 50% -50% , #e0dede 0px, rgba(255, 255, 255, 0) 80%) repeat scroll 0 0 rgba(0, 0, 0, 0);background:-moz-radial-gradient(ellipse at 50% -50% , #e0dede 0px, rgba(255, 255, 255, 0) 80%) repeat scroll 0 0 rgba(0, 0, 0, 0);background:-o-radial-gradient(ellipse at 50% -50% , #e0dede 0px, rgba(255, 255, 255, 0) 80%) repeat scroll 0 0 rgba(0, 0, 0, 0);margin-left: auto;margin-right: auto;margin-top:20px;margin-bottom:20px;\"><\/div>\n<h3>Soci\u00e9t\u00e9 canadienne de la scl\u00e9rose en plaques<\/h3>\n<p><img loading=\"lazy\" decoding=\"async\" src=\"http:\/\/www.amgmedical.com\/specials\/OtherIM\/MS_SP_Sticker5.gif\" alt=\"Soci\u00e9t\u00e9 canadienne de la scl\u00e9rose en plaques\" title=\"Soci\u00e9t\u00e9 canadienne de la scl\u00e9rose en plaques\" width=\"300\" height=\"127\" border=\"0\" class=\"imagesdroite\" style=\"padding-bottom:50px; position:relative; top:-10px;\">Nous sommes fiers d&rsquo;annoncer notre partenariat avec la Soci\u00e9t\u00e9 canadienne de la scl\u00e9rose en plaques.<\/p>\n<p>Depuis 2009, une partie du produit de la vente des cannes Hugo<sup>\u00ae<\/sup> et des ambulateurs Hugo<sup>\u00ae<\/sup> est donn\u00e9e \u00e0 la <a href=\"http:\/\/www.scleroseenplaques.ca\/\">Soci\u00e9t\u00e9 canadienne de la scl\u00e9rose en plaques<\/a>. Cette derni\u00e8re apporte son soutien, \u00e0 travers tout le Canada, aux personnes qui souffrent de la scl\u00e9rose en plaques.<\/p>\n","protected":false},"excerpt":{"rendered":"<p>Article sans suite, discontinu\u00e9.<\/p>\n","protected":false},"featured_media":694,"comment_status":"open","ping_status":"closed","template":"","meta":[],"product_cat":[90],"product_tag":[79,63],"class_list":{"0":"post-693","1":"product","2":"type-product","3":"status-publish","4":"has-post-thumbnail","6":"product_cat-uncategorized","7":"product_tag-article-sans-suite","8":"product_tag-discontinue","10":"first","11":"instock","12":"shipping-taxable","13":"product-type-simple"},"_links":{"self":[{"href":"http:\/\/www.hugoanywhere.ca\/fr\/wp-json\/wp\/v2\/product\/693"}],"collection":[{"href":"http:\/\/www.hugoanywhere.ca\/fr\/wp-json\/wp\/v2\/product"}],"about":[{"href":"http:\/\/www.hugoanywhere.ca\/fr\/wp-json\/wp\/v2\/types\/product"}],"replies":[{"embeddable":true,"href":"http:\/\/www.hugoanywhere.ca\/fr\/wp-json\/wp\/v2\/comments?post=693"}],"wp:featuredmedia":[{"embeddable":true,"href":"http:\/\/www.hugoanywhere.ca\/fr\/wp-json\/wp\/v2\/media\/694"}],"wp:attachment":[{"href":"http:\/\/www.hugoanywhere.ca\/fr\/wp-json\/wp\/v2\/media?parent=693"}],"wp:term":[{"taxonomy":"product_cat","embeddable":true,"href":"http:\/\/www.hugoanywhere.ca\/fr\/wp-json\/wp\/v2\/product_cat?post=693"},{"taxonomy":"product_tag","embeddable":true,"href":"http:\/\/www.hugoanywhere.ca\/fr\/wp-json\/wp\/v2\/product_tag?post=693"}],"curies":[{"name":"wp","href":"https:\/\/api.w.org\/{rel}","templated":true}]}}