{"id":705,"date":"2014-09-22T16:38:36","date_gmt":"2014-09-22T20:38:36","guid":{"rendered":"http:\/\/www.hugoanywhere.ca\/fr\/?post_type=product&#038;p=705"},"modified":"2014-09-23T12:19:39","modified_gmt":"2014-09-23T16:19:39","slug":"bequilles-legeres-en-aluminium-de-hugo","status":"publish","type":"product","link":"http:\/\/www.hugoanywhere.ca\/fr\/produits\/bequilles-legeres-en-aluminium-de-hugo\/","title":{"rendered":"B\u00e9quilles l\u00e9g\u00e8res en aluminium, Comfort Max de Hugo\u00ae"},"content":{"rendered":"<div id=\"attachment_395\" style=\"width: 210px\" class=\"wp-caption alignright\"><a href=\"http:\/\/www.hugoanywhere.ca\/en\/wp-content\/uploads\/2013\/04\/Hugo-Lightweight-Aluminum-Crutches.jpg\"><img loading=\"lazy\" decoding=\"async\" aria-describedby=\"caption-attachment-395\" src=\"http:\/\/www.hugoanywhere.ca\/hugo-images\/Hugo-Lightweight-Aluminum-Crutches_s.jpg\" alt=\"B\u00e9quilles l\u00e9g\u00e8res en aluminium, Comfort Max de Hugo\u00ae, ergonomiques avec bouton-poussoir pour un ajustement rapide !\" width=\"200\" height=\"547\" class=\"size-medium wp-image-395\" \/><\/a><p id=\"caption-attachment-395\" class=\"wp-caption-text\"><\/p>\n<div align=\"center\" style=\"line-height:normal;\">B\u00e9quilles l\u00e9g\u00e8res en aluminium, Comfort Max de Hugo\u00ae, ergonomiques avec bouton-poussoir pour un ajustement rapide !<\/div>\n<p><\/p><\/div>\n<h4>B\u00e9quilles ergonomiques avec bouton-poussoir pour un ajustement rapide !<\/h4>\n<p>Les b\u00e9quilles Comfort Max de Hugo sont caract\u00e9ris\u00e9es par des accessoires profil\u00e9s ayant une surface lisse et douce, offrent un confort ergonomique sup\u00e9rieur et qui, de plus, sont faciles \u00e0 nettoyer.<\/p>\n<p>Les b\u00e9quilles \u00e0 bouton poussoir pour ajustement rapide de Hugo\u00ae, sont confortables, l\u00e9g\u00e8res et fabriqu\u00e9es pour durer avec de l\u2019aluminium anodis\u00e9.<\/p>\n<p>Disponible en 3 tailles (adulte grand, adulte moyen et adolescent) les b\u00e9quilles en aluminium de Hugo\u00ae offrent un tr\u00e8s bon soutien, sans les inconv\u00e9nients de la lourdeur du bois.<\/p>\n<p>Les b\u00e9quilles en aluminium de Hugo\u00ae disposent de d\u00e9flecteurs d\u2019escalier courb\u00e9s \u00e0 leur extr\u00e9mit\u00e9, de poign\u00e9es cousin\u00e9es lavables et de coussinets pour les aisselles \u00e9pais et rembourr\u00e9s afin que vous puissiez aller plus loin sans vous sentir fatigu\u00e9.<\/p>\n<p>Les b\u00e9quilles en aluminium de Hugo\u00ae sont ajustables et offrent un support solide tant \u00e0 l\u2019int\u00e9rieur qu\u2019\u00e0 l\u2019ext\u00e9rieur. Elles sont l\u00e9g\u00e8res et compactes. Avec celles-ci, vous pouvez aller o\u00f9 vous voulez aller, en toute confiance.<\/p>\n<ul>\n<li>Plus l\u00e9g\u00e8res que le bois, elles sont fabriqu\u00e9es avec de l&rsquo;aluminium anodis\u00e9 l\u00e9ger et disposent de d\u00e9flecteurs d&rsquo;escaliers courb\u00e9s \u00e0 leurs extr\u00e9mit\u00e9s<\/li>\n<li>Des boutons-poussoir facilitent les ajustements en hauteur par incr\u00e9ments de un (1) pouce. <\/li>\n<li>Les tailles approximatives d&rsquo;ajustement en hauteur pour l&rsquo;utilisateur sont indiqu\u00e9es sur le tube central. <\/li>\n<li>Les coussinets pour les aisselles sont fabriqu\u00e9s avec un rembourrage \u00e9pais, des nervures internes et des extr\u00e9mit\u00e9s renforc\u00e9es qui permettent de r\u00e9duire la pression et la fatigue au niveau des aisselles.<\/li>\n<li>Les poign\u00e9es, lavables, sont munies d&rsquo;un rembourrage \u00e9ponge naturel qui absorbe les chocs et les impacts, et qui r\u00e9siste \u00e0 la transpiration. <\/li>\n<li>Les embouts de b\u00e9quilles sont munis d&rsquo;un anneau m\u00e9tallique interne ce qui les prot\u00e8ge contre une usure pr\u00e9matur\u00e9e tout en assurant une traction exceptionnelle \u00e0 l&rsquo;utilisateur. <\/li>\n<li>Capacit\u00e9 de poids de 136 kg (300 lb)<\/li>\n<li>Vendues par paires.<\/li>\n<\/ul>\n<div id=\"attachment_768\" style=\"width: 160px\" class=\"wp-caption alignright\"><a href=\"http:\/\/www.hugoanywhere.ca\/en\/wp-content\/uploads\/2013\/04\/721-790_M_XL.jpg\"><img loading=\"lazy\" decoding=\"async\" aria-describedby=\"caption-attachment-768\" src=\"http:\/\/www.hugoanywhere.ca\/en\/wp-content\/uploads\/2013\/04\/721-790_M_XL-150x300.jpg\" alt=\"B\u00e9quilles l\u00e9g\u00e8res en aluminium, Comfort Max de Hugo\u00ae\" width=\"150\" height=\"300\" class=\"size-medium wp-image-768\" \/><\/a><p id=\"caption-attachment-768\" class=\"wp-caption-text\"><\/p>\n<div align=\"center\" style=\"line-height:normal;\">B\u00e9quilles l\u00e9g\u00e8res en aluminium, Comfort Max de Hugo\u00ae<\/div>\n<p><\/p><\/div>\n<h3>Sp\u00e9cifications<\/h3>\n<p>Sp\u00e9cifications pour les b\u00e9quilles l\u00e9g\u00e8res en aluminium de Hugo\u00ae<\/p>\n<p><img loading=\"lazy\" decoding=\"async\" src=\"http:\/\/www.hugoanywhere.ca\/hugo-images\/Hugo-Crutches-specs_f.jpg\" width=\"375\" height=\"146\" alt=\"Sp\u00e9cifications pour les b\u00e9quilles l\u00e9g\u00e8res en aluminium de Hugo\u00ae\" title=\"Sp\u00e9cifications pour les b\u00e9quilles l\u00e9g\u00e8res en aluminium de Hugo\u00ae\"><\/p>\n<p class=\"T10\">Veuillez noter : la taille de l\u2019utilisateur indiqu\u00e9e ci-haut est une recommandation \u00e9tablie \u00e0 partir des normes ISO. Pour une recommandation personnalis\u00e9e, consultez un professionnel de la sant\u00e9.<\/p>\n<h3>Mode d\u2019emploi (fichier pdf)<\/h3>\n<p><strong><a href=\"http:\/\/www.amgmedical.com\/site\/Manuals\/721-7xx_ins.pdf\" target=\"_blank\">Guide d&rsquo;ajustement pour les b\u00e9quilles en aluminium de Hugo\u00ae<\/a><\/strong><br \/>\n<div id=\"attachment_767\" style=\"width: 160px\" class=\"wp-caption alignright\"><a href=\"http:\/\/www.hugoanywhere.ca\/en\/wp-content\/uploads\/2013\/04\/Crutches-Accessories.jpg\"><img loading=\"lazy\" decoding=\"async\" aria-describedby=\"caption-attachment-767\" src=\"http:\/\/www.hugoanywhere.ca\/en\/wp-content\/uploads\/2013\/04\/Crutches-Accessories-150x150.jpg\" alt=\"Accessoires pour les b\u00e9quilles\" width=\"150\" height=\"150\" class=\"size-thumbnail wp-image-767\" \/><\/a><p id=\"caption-attachment-767\" class=\"wp-caption-text\"><\/p>\n<div align=\"center\" style=\"line-height:normal;\">Accessoires pour les b\u00e9quilles<\/div>\n<p><\/p><\/div><\/p>\n<h3>Garantie<\/h3>\n<p>Tous les produits d\u2019Hugo\u00ae sont garantis contre toute d\u00e9fectuosit\u00e9 de mat\u00e9riaux ou de fabrication. La garantie d\u2019Hugo\u00ae ne couvre pas l\u2019emploi abusif ou l\u2019usure normale. La garantie d\u2019Hugo\u00ae ne s\u2019applique qu\u2019\u00e0 l\u2019utilisateur original du produit.<\/p>\n<div class=\"fusion-sep-clear\"><\/div><div class=\"fusion-separator fusion-full-width-sep sep-shadow\" style=\"background:radial-gradient(ellipse at 50% -50% , #e0dede 0px, rgba(255, 255, 255, 0) 80%) repeat scroll 0 0 rgba(0, 0, 0, 0);background:-webkit-radial-gradient(ellipse at 50% -50% , #e0dede 0px, rgba(255, 255, 255, 0) 80%) repeat scroll 0 0 rgba(0, 0, 0, 0);background:-moz-radial-gradient(ellipse at 50% -50% , #e0dede 0px, rgba(255, 255, 255, 0) 80%) repeat scroll 0 0 rgba(0, 0, 0, 0);background:-o-radial-gradient(ellipse at 50% -50% , #e0dede 0px, rgba(255, 255, 255, 0) 80%) repeat scroll 0 0 rgba(0, 0, 0, 0);margin-left: auto;margin-right: auto;margin-top:20px;margin-bottom:20px;\"><\/div>\n<h3>Informations sur le produit<\/h3>\n<p><strong>B\u00e9quilles l\u00e9g\u00e8res en aluminium de Hugo\u00ae<\/strong><br \/>\nB\u00e9quilles ergonomiques avec bouton-poussoir pour un ajustement rapide !<\/p>\n<p>Grandeur : Adulte &#8211; Grand<br \/>\n<strong>Article no : 721-780<\/strong><\/p>\n<p>Grandeur : Adulte &#8211; Moyen<br \/>\n<strong>Article no : 721-785<\/strong><\/p>\n<p>Grandeur : Adolescent<br \/>\n<strong>Article no : 721-790<\/strong><\/p>\n","protected":false},"excerpt":{"rendered":"<p>Les b\u00e9quilles Comfort Max de Hugo sont caract\u00e9ris\u00e9es par des accessoires profil\u00e9s ayant une surface lisse et douce, offrent un confort ergonomique sup\u00e9rieur et sont faciles \u00e0 nettoyer.<\/p>\n","protected":false},"featured_media":706,"comment_status":"open","ping_status":"closed","template":"","meta":[],"product_cat":[76],"product_tag":[55],"class_list":{"0":"post-705","1":"product","2":"type-product","3":"status-publish","4":"has-post-thumbnail","6":"product_cat-bequilles","7":"product_tag-bequilles-en-aluminium","9":"first","10":"instock","11":"shipping-taxable","12":"product-type-simple"},"_links":{"self":[{"href":"http:\/\/www.hugoanywhere.ca\/fr\/wp-json\/wp\/v2\/product\/705"}],"collection":[{"href":"http:\/\/www.hugoanywhere.ca\/fr\/wp-json\/wp\/v2\/product"}],"about":[{"href":"http:\/\/www.hugoanywhere.ca\/fr\/wp-json\/wp\/v2\/types\/product"}],"replies":[{"embeddable":true,"href":"http:\/\/www.hugoanywhere.ca\/fr\/wp-json\/wp\/v2\/comments?post=705"}],"wp:featuredmedia":[{"embeddable":true,"href":"http:\/\/www.hugoanywhere.ca\/fr\/wp-json\/wp\/v2\/media\/706"}],"wp:attachment":[{"href":"http:\/\/www.hugoanywhere.ca\/fr\/wp-json\/wp\/v2\/media?parent=705"}],"wp:term":[{"taxonomy":"product_cat","embeddable":true,"href":"http:\/\/www.hugoanywhere.ca\/fr\/wp-json\/wp\/v2\/product_cat?post=705"},{"taxonomy":"product_tag","embeddable":true,"href":"http:\/\/www.hugoanywhere.ca\/fr\/wp-json\/wp\/v2\/product_tag?post=705"}],"curies":[{"name":"wp","href":"https:\/\/api.w.org\/{rel}","templated":true}]}}