{"id":709,"date":"2014-09-23T11:52:18","date_gmt":"2014-09-23T15:52:18","guid":{"rendered":"http:\/\/www.hugoanywhere.ca\/fr\/?post_type=product&#038;p=709"},"modified":"2015-09-16T15:45:32","modified_gmt":"2015-09-16T19:45:32","slug":"fauteuil-de-transport-hugo","status":"publish","type":"product","link":"http:\/\/www.hugoanywhere.ca\/fr\/produits\/fauteuil-de-transport-hugo\/","title":{"rendered":"Fauteuil de TranSport Hugo\u00ae"},"content":{"rendered":"<div id=\"attachment_936\" style=\"width: 310px\" class=\"wp-caption alignright\"><a href=\"http:\/\/www.hugoanywhere.ca\/fr\/wp-content\/uploads\/2014\/09\/700-869_R3_M_XL.jpg\"><img loading=\"lazy\" decoding=\"async\" aria-describedby=\"caption-attachment-936\" src=\"http:\/\/www.hugoanywhere.ca\/fr\/wp-content\/uploads\/2014\/09\/700-869_R3_M_XL-300x300.jpg\" alt=\"Fauteuil de TranSport Hugo\u00ae, bleu minuit\" width=\"300\" height=\"300\" class=\"size-medium wp-image-936\" srcset=\"http:\/\/www.hugoanywhere.ca\/fr\/wp-content\/uploads\/2014\/09\/700-869_R3_M_XL-66x66.jpg 66w, http:\/\/www.hugoanywhere.ca\/fr\/wp-content\/uploads\/2014\/09\/700-869_R3_M_XL-100x100.jpg 100w, http:\/\/www.hugoanywhere.ca\/fr\/wp-content\/uploads\/2014\/09\/700-869_R3_M_XL-150x150.jpg 150w, http:\/\/www.hugoanywhere.ca\/fr\/wp-content\/uploads\/2014\/09\/700-869_R3_M_XL-300x300.jpg 300w, http:\/\/www.hugoanywhere.ca\/fr\/wp-content\/uploads\/2014\/09\/700-869_R3_M_XL-500x500.jpg 500w, http:\/\/www.hugoanywhere.ca\/fr\/wp-content\/uploads\/2014\/09\/700-869_R3_M_XL.jpg 1000w\" sizes=\"(max-width: 300px) 100vw, 300px\" \/><\/a><p id=\"caption-attachment-936\" class=\"wp-caption-text\">Fauteuil de TranSport Hugo\u00ae, bleu minuit<\/p><\/div>\n<h4>Un fauteuil de transfert l\u00e9ger, durable et facile \u00e0 ranger dans la voiture<\/h4>\n<p>Le fauteuil de TranSport Hugo\u00ae facilite les sorties en famille ou avec les amis, tout en confort. Son design est \u00e0 la fois r\u00e9sistant et l\u00e9ger, puis qu&rsquo;il ne p\u00e8se que 10 Kg (22 livres)&#8230; moins de la moiti\u00e9 du poids d&rsquo;un fauteuil roulant !<\/p>\n<p>Il est plus l\u00e9ger que les fauteuils de transport standards, ultra compact lorsque pli\u00e9, donc plus facile \u00e0 soulever et \u00e0 mettre dans un coffre d\u2019auto ou pour \u00e0 transporter dans un escalier.  Ses guidons \u00e0 angle laissent plus de place aux \u00e9paules et facilitent les d\u00e9placements. Tout ceci vous permet d\u2019aller ou de vous reposer quand vous le d\u00e9sirez, tout en profitant de vos moments avec vos proches. <\/p>\n<ul>\n<li>Roues de 20 cm (8 pouces) pour usage int\u00e9rieur \/ ext\u00e9rieur<\/li>\n<li>Verrou de s\u00e9curit\u00e9 aux roues arri\u00e8re, pour des transferts plus s\u00e9curitaires<\/li>\n<div id=\"attachment_329\" style=\"width: 310px\" class=\"wp-caption alignright\"><a href=\"http:\/\/www.hugoanywhere.ca\/en\/wp-content\/uploads\/2013\/03\/700-869_alt_1.jpg\"><img loading=\"lazy\" decoding=\"async\" aria-describedby=\"caption-attachment-329\" src=\"http:\/\/www.hugoanywhere.ca\/en\/wp-content\/uploads\/2013\/03\/700-869_alt_1-300x300.jpg\" alt=\"Le Fauteuil de TranSport Hugo\u00ae se place facilement dans le coffre d'une voiture\" width=\"300\" height=\"300\" class=\"size-medium wp-image-329\" \/><\/a><p id=\"caption-attachment-329\" class=\"wp-caption-text\"><\/p>\n<div align=\"center\">Le Fauteuil de TranSport Hugo\u00ae se place facilement dans le coffre d&rsquo;une voiture<\/div>\n<p><\/p><\/div>\n<li>Poign\u00e9es ergonomiques confortables allient confort et contr\u00f4le <\/li>\n<li>S&rsquo;installe facilement sans outils<\/li>\n<li>Passe dans les entr\u00e9es de porte normales<\/li>\n<li>Sans rebords coupants<\/li>\n<li>Leviers faciles \u00e0 utiliser vous permettent de plier le dos du fauteuil pour un entreposage encore plus compact<\/li>\n<li>Id\u00e9al pour les d\u00e9placements, se place facilement dans une automobile, un autobus, un avion, etc.<\/li>\n<li>L\u00e9ger : 10 kg (22 livres) avec repose-pieds, 8,6 kg (19 livres) sans repose-pieds<\/li>\n<li>Facile \u00e0 man\u0153uvrer dans les courbes<\/li>\n<li>Roues avant plus petites ce qui minimize l&rsquo;effet \u00ab\u00a0shimmy\u00a0\u00bb ou d&rsquo;oscillation des roues pendant les d\u00e9placements<\/li>\n<li>Hauteur du siege plus basse pour une assise plus confortable et permet d&rsquo;\u00eatre assis normalement \u00e0 table puisque le fauteuil se place comme une chaise normale sous les tables standards<\/li>\n<li>Largeur du si\u00e8ge : 49,5 cm (19,5 pouces)<\/li>\n<li>Capacit\u00e9 de poids : 113,4 kg (250 livres)<\/li>\n<\/ul>\n<div class=\"fusion-one-half fusion-layout-column fusion-spacing-yes\" style=\"margin-top:0px;margin-bottom:20px;\"><div class=\"fusion-column-wrapper\">\n<p><img loading=\"lazy\" decoding=\"async\" src=\"http:\/\/www.amgmedical.com\/site\/MaImages\/700-869_Frame_1_f.jpg\" alt=\"L'angle des tiges de poign\u00e9e vous offre 35% plus d'espace aux \u00e9paules.\" title=\"L'angle des tiges de poign\u00e9e vous offre 35% plus d'espace aux \u00e9paules.\" width=\"325\" height=\"59\"><\/p>\n<p><img loading=\"lazy\" decoding=\"async\" src=\"http:\/\/www.amgmedical.com\/site\/MaImages\/700-869_Frame_2_fr.jpg\" alt=\"Confort sup\u00e9rieur gr\u00e2ce aux appuis-bras ergonomiques coussin\u00e9s, ainsi qu'au si\u00e8ge et dossier rembourr\u00e9s.\" title=\"Confort sup\u00e9rieur gr\u00e2ce aux appuis-bras ergonomiques coussin\u00e9s, ainsi qu'au si\u00e8ge et dossier rembourr\u00e9s.\" width=\"325\" height=\"59\"><\/p>\n<p><img loading=\"lazy\" decoding=\"async\" src=\"http:\/\/www.amgmedical.com\/site\/MaImages\/700-869_Frame_3_f.jpg\" alt=\"Se lever et s'asseoir en toute s\u00e9curit\u00e9 gr\u00e2ce aux repose-pieds ajustables et rabattables.\" title=\"Se lever et s'asseoir en toute s\u00e9curit\u00e9 gr\u00e2ce aux repose-pieds ajustables et rabattables.\" width=\"325\" height=\"59\"><\/p>\n<p>  <div class=\"fusion-clearfix\"><\/div><\/div><\/div>\n<div class=\"fusion-one-half fusion-layout-column fusion-column-last fusion-spacing-yes\" style=\"margin-top:0px;margin-bottom:20px;\"><div class=\"fusion-column-wrapper\">\n<p><img loading=\"lazy\" decoding=\"async\" src=\"http:\/\/www.amgmedical.com\/site\/MaImages\/700-869_Frame_4_R3_f.jpg\" alt=\"Pochette de rangement pratique \u00e0 l'arri\u00e8re du dossier.\" title=\"Pochette de rangement pratique \u00e0 l'arri\u00e8re du dossier.\" width=\"325\" height=\"59\"><\/p>\n<p><img loading=\"lazy\" decoding=\"async\" src=\"http:\/\/www.amgmedical.com\/site\/MaImages\/700-869_Frame_5_R3_f.jpg\" alt=\"\u00c0 la fois robuste et l\u00e9ger (seulement 10 kg), il se plie facilement pour le transport.\" title=\"\u00c0 la fois robuste et l\u00e9ger (seulement 10 kg), il se plie facilement pour le transport.\" width=\"325\" height=\"59\"><\/p>\n<p><img loading=\"lazy\" decoding=\"async\" src=\"http:\/\/www.amgmedical.com\/site\/MaImages\/700-869_Frame_6_f.jpg\" alt=\"Avec ceinture de s\u00e9curit\u00e9 et freins verrouillables pour une utilisation s\u00e9curitaire.\" title=\"Avec ceinture de s\u00e9curit\u00e9 et freins verrouillables pour une utilisation s\u00e9curitaire.\" width=\"325\" height=\"59\"><\/p>\n<div class=\"fusion-clearfix\"><\/div><\/div><\/div><div class=\"fusion-clearfix\"><\/div>\n<div class=\"fusion-sep-clear\"><\/div><div class=\"fusion-separator fusion-full-width-sep sep-shadow\" style=\"background:radial-gradient(ellipse at 50% -50% , #e0dede 0px, rgba(255, 255, 255, 0) 80%) repeat scroll 0 0 rgba(0, 0, 0, 0);background:-webkit-radial-gradient(ellipse at 50% -50% , #e0dede 0px, rgba(255, 255, 255, 0) 80%) repeat scroll 0 0 rgba(0, 0, 0, 0);background:-moz-radial-gradient(ellipse at 50% -50% , #e0dede 0px, rgba(255, 255, 255, 0) 80%) repeat scroll 0 0 rgba(0, 0, 0, 0);background:-o-radial-gradient(ellipse at 50% -50% , #e0dede 0px, rgba(255, 255, 255, 0) 80%) repeat scroll 0 0 rgba(0, 0, 0, 0);margin-left: auto;margin-right: auto;margin-top:20px;margin-bottom:20px;\"><\/div>\n<p><strong>Sp\u00e9cifications<\/strong><\/p>\n<table border=\"1\" cellspacing=\"0\" bordercolor=\"#000000\" cellpadding=\"2\">\n<tbody>\n<tr>\n<td>\n<div align=\"center\"><img loading=\"lazy\" decoding=\"async\" alt=\"Largeur du fauteuil de transport\" src=\"http:\/\/www.amgmedical.com\/site\/MaImages\/TC-Width.jpg\" width=\"50\" height=\"50\"><\/div>\n<\/td>\n<td>\n<div align=\"center\"><img loading=\"lazy\" decoding=\"async\" alt=\"Largeur du fauteuil de transport pli\u00e9\" src=\"http:\/\/www.amgmedical.com\/site\/MaImages\/TC-Folded-Width.jpg\" width=\"50\" height=\"50\"><\/div>\n<\/td>\n<td>\n<div align=\"center\"><img loading=\"lazy\" decoding=\"async\" alt=\"Hauteur du fauteuil de transport\" src=\"http:\/\/www.amgmedical.com\/site\/MaImages\/TC-Height.jpg\" width=\"50\" height=\"50\"><\/div>\n<\/td>\n<td>\n<div align=\"center\"><img loading=\"lazy\" decoding=\"async\" alt=\"Largeur du si\u00e8ge du fauteuil de transport\" src=\"http:\/\/www.amgmedical.com\/site\/MaImages\/TC-Seat-Width.jpg\" width=\"50\" height=\"50\"><\/div>\n<\/td>\n<td>\n<div align=\"center\"><img loading=\"lazy\" decoding=\"async\" alt=\"Profondeur du si\u00e8ge du fauteuil de transport\" src=\"http:\/\/www.amgmedical.com\/site\/MaImages\/TC-Seat-Depth.jpg\" width=\"50\" height=\"50\"><\/div>\n<\/td>\n<td>\n<div align=\"center\"><img loading=\"lazy\" decoding=\"async\" alt=\"Hauteur du dossier du fauteuil de transport\" src=\"http:\/\/www.amgmedical.com\/site\/MaImages\/TC-Backrest-Height.jpg\" width=\"50\" height=\"50\"><\/div>\n<\/td>\n<td>\n<div align=\"center\"><img loading=\"lazy\" decoding=\"async\" alt=\"Hauteur plancher au si\u00e8ge du fauteuil de transport\" src=\"http:\/\/www.amgmedical.com\/site\/MaImages\/TC-Floor-to-seat-Height.jpg\" width=\"50\" height=\"50\"><\/div>\n<\/td>\n<td>\n<div align=\"center\"><img loading=\"lazy\" decoding=\"async\" alt=\"Largeur du fauteuil de transport\" src=\"http:\/\/www.amgmedical.com\/site\/MaImages\/TC-Depth.jpg\" width=\"50\" height=\"50\"><\/div>\n<\/td>\n<\/tr>\n<tr bgcolor=\"#d0ebfb\">\n<td bgcolor=\"#d0ebfb\">\n<div align=\"center\">22&Prime;<\/div>\n<\/td>\n<td bgcolor=\"#d0ebfb\">\n<div align=\"center\">10&Prime;<\/div>\n<\/td>\n<td bgcolor=\"#d0ebfb\">\n<div align=\"center\">38.5&Prime;<\/div>\n<\/td>\n<td bgcolor=\"#d0ebfb\">\n<div align=\"center\">19&Prime;<\/div>\n<\/td>\n<td bgcolor=\"#d0ebfb\">\n<div align=\"center\">16&Prime;<\/div>\n<\/td>\n<td>\n<div align=\"center\">18&Prime;<\/div>\n<\/td>\n<td>\n<div align=\"center\">19&Prime;<\/div>\n<\/td>\n<td>\n<div align=\"center\">22&Prime;<\/div>\n<\/td>\n<\/tr>\n<tr bgcolor=\"#d0ebfb\">\n<td bgcolor=\"#ffffff\">\n<div align=\"center\">5,9 cm<\/div>\n<\/td>\n<td bgcolor=\"#ffffff\">\n<div align=\"center\">25,4 cm<\/div>\n<\/td>\n<td bgcolor=\"#ffffff\">\n<div align=\"center\">97,8 cm<\/div>\n<\/td>\n<td bgcolor=\"#ffffff\">\n<div align=\"center\">48,3 cm<\/div>\n<\/td>\n<td bgcolor=\"#ffffff\">\n<div align=\"center\">40,6 cm<\/div>\n<\/td>\n<td bgcolor=\"#ffffff\">\n<div align=\"center\">45,7 cm<\/div>\n<\/td>\n<td bgcolor=\"#ffffff\">\n<div align=\"center\">48,3 cm<\/div>\n<\/td>\n<td bgcolor=\"#ffffff\">\n<div align=\"center\">55,9 cm<\/div>\n<\/td>\n<\/tr>\n<\/tbody>\n<\/table>\n<p>Poids  (avec les accessoires) : 10 kg (22 livres)<\/p>\n<div class=\"fusion-sep-clear\"><\/div><div class=\"fusion-separator fusion-full-width-sep sep-shadow\" style=\"background:radial-gradient(ellipse at 50% -50% , #e0dede 0px, rgba(255, 255, 255, 0) 80%) repeat scroll 0 0 rgba(0, 0, 0, 0);background:-webkit-radial-gradient(ellipse at 50% -50% , #e0dede 0px, rgba(255, 255, 255, 0) 80%) repeat scroll 0 0 rgba(0, 0, 0, 0);background:-moz-radial-gradient(ellipse at 50% -50% , #e0dede 0px, rgba(255, 255, 255, 0) 80%) repeat scroll 0 0 rgba(0, 0, 0, 0);background:-o-radial-gradient(ellipse at 50% -50% , #e0dede 0px, rgba(255, 255, 255, 0) 80%) repeat scroll 0 0 rgba(0, 0, 0, 0);margin-left: auto;margin-right: auto;margin-top:20px;margin-bottom:20px;\"><\/div>\n<div id=\"attachment_937\" style=\"width: 310px\" class=\"wp-caption alignright\"><a href=\"http:\/\/www.hugoanywhere.ca\/fr\/wp-content\/uploads\/2014\/09\/700-869_retail_box_rev3_0715.jpg\"><img loading=\"lazy\" decoding=\"async\" aria-describedby=\"caption-attachment-937\" src=\"http:\/\/www.hugoanywhere.ca\/fr\/wp-content\/uploads\/2014\/09\/700-869_retail_box_rev3_0715-300x300.jpg\" alt=\"Emballage pour la vente au detail du fauteuil de transport Hugo\u00ae\" width=\"300\" height=\"300\" class=\"size-medium wp-image-937\" srcset=\"http:\/\/www.hugoanywhere.ca\/fr\/wp-content\/uploads\/2014\/09\/700-869_retail_box_rev3_0715-66x66.jpg 66w, http:\/\/www.hugoanywhere.ca\/fr\/wp-content\/uploads\/2014\/09\/700-869_retail_box_rev3_0715-100x100.jpg 100w, http:\/\/www.hugoanywhere.ca\/fr\/wp-content\/uploads\/2014\/09\/700-869_retail_box_rev3_0715-150x150.jpg 150w, http:\/\/www.hugoanywhere.ca\/fr\/wp-content\/uploads\/2014\/09\/700-869_retail_box_rev3_0715-300x300.jpg 300w, http:\/\/www.hugoanywhere.ca\/fr\/wp-content\/uploads\/2014\/09\/700-869_retail_box_rev3_0715-500x500.jpg 500w, http:\/\/www.hugoanywhere.ca\/fr\/wp-content\/uploads\/2014\/09\/700-869_retail_box_rev3_0715.jpg 1000w\" sizes=\"(max-width: 300px) 100vw, 300px\" \/><\/a><p id=\"caption-attachment-937\" class=\"wp-caption-text\">Emballage pour la vente au detail du fauteuil de transport Hugo\u00ae<\/p><\/div>\n<h3>Diagrammes d&rsquo;assemblage et listes de localisations des pi\u00e8ces (fichier pdf)<\/h3>\n<p><strong><a href=\"http:\/\/www.amgmedical.com\/site\/parts\/700-869R3f.pdf\" target=\"_blank\">pour le fauteuil de transport 700-869 de revision 3<\/a><\/strong><br \/>\n<strong><a href=\"http:\/\/www.amgmedical.com\/site\/parts\/700-869R2f.pdf\" target=\"_blank\">pour le fauteuil de transport 700-869 de revision 2<\/a><\/strong><br \/>\n<strong><a href=\"http:\/\/www.amgmedical.com\/site\/parts\/700-869R1f.pdf\" target=\"_blank\">pour le fauteuil de transport 700-869 de r\u00e9vision 1<\/a><\/strong><\/p>\n<h3>Mode d&#8217;emploi (fichier pdf)<\/a><\/h3>\n<p><strong><a href=\"http:\/\/www.amgmedical.com\/site\/Manuals\/700-869_ins_rev3.pdf\" target=\"_blank\">pour le fauteuil de TranSport Hugo\u00ae R\u00e9v. 3<\/a><\/strong><br \/>\n<strong><a href=\"http:\/\/www.amgmedical.com\/site\/Manuals\/700-869_ins.pdf\" target=\"_blank\">pour le fauteuil de TranSport Hugo\u00ae R\u00e9v. 2<\/a><\/strong><\/p>\n<h3>Garantie<\/h3>\n<p>Garantie limit\u00e9e de 3 ans pour le ch\u00e2ssis et de 1 an pour toutes les autres pi\u00e8ces.<\/p>\n<div class=\"fusion-sep-clear\"><\/div><div class=\"fusion-separator fusion-full-width-sep sep-shadow\" style=\"background:radial-gradient(ellipse at 50% -50% , #e0dede 0px, rgba(255, 255, 255, 0) 80%) repeat scroll 0 0 rgba(0, 0, 0, 0);background:-webkit-radial-gradient(ellipse at 50% -50% , #e0dede 0px, rgba(255, 255, 255, 0) 80%) repeat scroll 0 0 rgba(0, 0, 0, 0);background:-moz-radial-gradient(ellipse at 50% -50% , #e0dede 0px, rgba(255, 255, 255, 0) 80%) repeat scroll 0 0 rgba(0, 0, 0, 0);background:-o-radial-gradient(ellipse at 50% -50% , #e0dede 0px, rgba(255, 255, 255, 0) 80%) repeat scroll 0 0 rgba(0, 0, 0, 0);margin-left: auto;margin-right: auto;margin-top:20px;margin-bottom:20px;\"><\/div>\n<h3>Informations sur le produit<\/h3>\n<p><strong>Fauteuil de TranSport Hugo\u00ae<\/strong><br \/>\nL\u00e9ger, durable et facile \u00e0 ranger dans une automobile<br \/>\nCouleur: Bleu minuit<br \/>\n<strong>Article no : 700-869<\/strong><\/p>\n<div class=\"fusion-sep-clear\"><\/div><div class=\"fusion-separator fusion-full-width-sep sep-shadow\" style=\"background:radial-gradient(ellipse at 50% -50% , #e0dede 0px, rgba(255, 255, 255, 0) 80%) repeat scroll 0 0 rgba(0, 0, 0, 0);background:-webkit-radial-gradient(ellipse at 50% -50% , #e0dede 0px, rgba(255, 255, 255, 0) 80%) repeat scroll 0 0 rgba(0, 0, 0, 0);background:-moz-radial-gradient(ellipse at 50% -50% , #e0dede 0px, rgba(255, 255, 255, 0) 80%) repeat scroll 0 0 rgba(0, 0, 0, 0);background:-o-radial-gradient(ellipse at 50% -50% , #e0dede 0px, rgba(255, 255, 255, 0) 80%) repeat scroll 0 0 rgba(0, 0, 0, 0);margin-left: auto;margin-right: auto;margin-top:20px;margin-bottom:20px;\"><\/div>\n<h3>Commentaires des clients<\/h3>\n<p><strong>Commentaires recueillis sur les cartes d\u2019enregistrement de produits ou lors de l\u2019enregistrement de produits en ligne :<\/strong><\/p>\n<div class=\"review male\"><blockquote><q style=\"background-color:;color:;\"><span class=\"fusion-dropcap dropcap\" style=\"color:#a0ce4e;\">\u201c<\/span> vous contruisez de tres bon produit a un prix raisonnable accesible a tous.<\/br><br \/>\n<\/q><\/blockquote><div class=\"author\" style=\"color:;\"><span class=\"testimonial-thumbnail doe\" style=\"color:;\"><\/span><span class=\"company-name\"><strong>Par : Diane L.  De : Gatineau<\/strong><\/span><\/div><\/div>\n<div class=\"review male\"><blockquote><q style=\"background-color:;color:;\"><span class=\"fusion-dropcap dropcap\" style=\"color:#a0ce4e;\">\u201c<\/span> Le facteur le plus important pour moi \u00e9tait la l\u00e9g\u00e8ret\u00e9 et la petitesse de la chaise car ma fille doit \u00eatre en mesure de la mettre dans la valise de l&rsquo;auto.<br \/>\n<\/q><\/blockquote><div class=\"author\" style=\"color:;\"><span class=\"testimonial-thumbnail doe\" style=\"color:;\"><\/span><span class=\"company-name\"><strong>Par : Irene F.   De : saint laurent<\/strong><\/span><\/div><\/div>\n","protected":false},"excerpt":{"rendered":"<p>Ce fauteuil de transport est l\u00e9ger, durable et facile \u00e0 ranger dans le coffre d&#039;une automobile.<\/p>\n","protected":false},"featured_media":938,"comment_status":"open","ping_status":"closed","template":"","meta":[],"product_cat":[73],"product_tag":[72],"class_list":{"0":"post-709","1":"product","2":"type-product","3":"status-publish","4":"has-post-thumbnail","6":"product_cat-fauteuils-de-transport","7":"product_tag-fauteuil-de-transport","9":"first","10":"instock","11":"shipping-taxable","12":"product-type-simple"},"_links":{"self":[{"href":"http:\/\/www.hugoanywhere.ca\/fr\/wp-json\/wp\/v2\/product\/709"}],"collection":[{"href":"http:\/\/www.hugoanywhere.ca\/fr\/wp-json\/wp\/v2\/product"}],"about":[{"href":"http:\/\/www.hugoanywhere.ca\/fr\/wp-json\/wp\/v2\/types\/product"}],"replies":[{"embeddable":true,"href":"http:\/\/www.hugoanywhere.ca\/fr\/wp-json\/wp\/v2\/comments?post=709"}],"wp:featuredmedia":[{"embeddable":true,"href":"http:\/\/www.hugoanywhere.ca\/fr\/wp-json\/wp\/v2\/media\/938"}],"wp:attachment":[{"href":"http:\/\/www.hugoanywhere.ca\/fr\/wp-json\/wp\/v2\/media?parent=709"}],"wp:term":[{"taxonomy":"product_cat","embeddable":true,"href":"http:\/\/www.hugoanywhere.ca\/fr\/wp-json\/wp\/v2\/product_cat?post=709"},{"taxonomy":"product_tag","embeddable":true,"href":"http:\/\/www.hugoanywhere.ca\/fr\/wp-json\/wp\/v2\/product_tag?post=709"}],"curies":[{"name":"wp","href":"https:\/\/api.w.org\/{rel}","templated":true}]}}