{"id":717,"date":"2014-09-23T15:22:43","date_gmt":"2014-09-23T19:22:43","guid":{"rendered":"http:\/\/www.hugoanywhere.ca\/fr\/?post_type=product&#038;p=717"},"modified":"2015-11-30T16:14:49","modified_gmt":"2015-11-30T21:14:49","slug":"patins-pour-marchette-de-hugo","status":"publish","type":"product","link":"http:\/\/www.hugoanywhere.ca\/fr\/produits\/patins-pour-marchette-de-hugo\/","title":{"rendered":"Patins pour marchette de Hugo\u00ae"},"content":{"rendered":"<div id=\"attachment_962\" style=\"width: 310px\" class=\"wp-caption alignright\"><a href=\"http:\/\/www.hugoanywhere.ca\/fr\/wp-content\/uploads\/2014\/09\/781-010_M_XL.jpg\"><img loading=\"lazy\" decoding=\"async\" aria-describedby=\"caption-attachment-962\" src=\"http:\/\/www.hugoanywhere.ca\/fr\/wp-content\/uploads\/2014\/09\/781-010_M_XL-300x300.jpg\" alt=\"Patins pour marchette de Hugo\u00ae dans leur emballage\" width=\"300\" height=\"300\" class=\"size-medium wp-image-962\" srcset=\"http:\/\/www.hugoanywhere.ca\/fr\/wp-content\/uploads\/2014\/09\/781-010_M_XL-66x66.jpg 66w, http:\/\/www.hugoanywhere.ca\/fr\/wp-content\/uploads\/2014\/09\/781-010_M_XL-100x100.jpg 100w, http:\/\/www.hugoanywhere.ca\/fr\/wp-content\/uploads\/2014\/09\/781-010_M_XL-150x150.jpg 150w, http:\/\/www.hugoanywhere.ca\/fr\/wp-content\/uploads\/2014\/09\/781-010_M_XL-300x300.jpg 300w, http:\/\/www.hugoanywhere.ca\/fr\/wp-content\/uploads\/2014\/09\/781-010_M_XL-500x500.jpg 500w, http:\/\/www.hugoanywhere.ca\/fr\/wp-content\/uploads\/2014\/09\/781-010_M_XL.jpg 1000w\" sizes=\"(max-width: 300px) 100vw, 300px\" \/><\/a><p id=\"caption-attachment-962\" class=\"wp-caption-text\">Patins pour marchette de Hugo\u00ae dans leur emballage<\/p><\/div>\n<h4>Munis d&rsquo;un design parabolique pour une glisse plus douce sur tous les types de terrains !<\/h4>\n<p>Les patins pour marchette de Hugo<sup>\u00ae<\/sup> permettent d&rsquo;obtenir une mobilit\u00e9 plus ais\u00e9e dans les couloirs tapiss\u00e9s, sur les trottoirs sinueux et par-dessus toutes les bosses que l&rsquo;on peut rencontrer sur son chemin. Ces skis multi-terrain pour marchettes sont munis d&rsquo;un design parabolique ce qui permet une glisse plus douce sur tous les types de terrains.<\/p>\n<p>Les patins pour marchette de Hugo<sup>\u00ae<\/sup> s&rsquo;adaptent \u00e0 la plupart des marchettes ayant un tube de 2,5 cm (1 pouce) de diam\u00e8tre. Le syst\u00e8me Sur-Lock\u2122 rend l&rsquo;installation sans outils rapide, s\u00e9curitaire et facile.<\/p>\n<p>Lorsqu&rsquo;ils ne sont pas utilis\u00e9s, ces skis pour marchette s&rsquo;ins\u00e8rent facilement dans le sac de c\u00f4t\u00e9 de la Marchette l\u00e9g\u00e8re facile \u00e0 plier de Hugo<sup>\u00ae<\/sup>.<\/p>\n<ul>\n<li>Nouvelle forme parabolique pour une meilleure glisse sur toutes sortes de terrains.<\/li>\n<div id=\"attachment_552\" style=\"width: 310px\" class=\"wp-caption alignright\"><a href=\"http:\/\/www.hugoanywhere.ca\/en\/wp-content\/uploads\/2013\/04\/781-010-Walker-Glides.jpg\"><img loading=\"lazy\" decoding=\"async\" aria-describedby=\"caption-attachment-552\" src=\"http:\/\/www.hugoanywhere.ca\/en\/wp-content\/uploads\/2013\/04\/781-010-Walker-Glides-300x158.jpg\" alt=\"Skis pour marchette de Hugo\u00ae\" width=\"300\" height=\"158\" class=\"size-medium wp-image-552\" \/><\/a><p id=\"caption-attachment-552\" class=\"wp-caption-text\"><\/p>\n<div align=\"center\" style=\"line-height:normal;\">Skis pour marchette de Hugo<sup>\u00ae<\/sup><\/div>\n<p><\/p><\/div>\n<li>Permettent d&rsquo;obtenir une mobilit\u00e9 plus ais\u00e9e dans les couloirs tapiss\u00e9s, sur les trottoirs sinueux et par-dessus les bosses que l&rsquo;on peut rencontrer sur son chemin.<\/li>\n<li>Conviennent \u00e0 la plupart des marchettes ayant une tubulure de 2,5 cm (1 po)<\/li>\n<li>Syst\u00e8me Sur-Lock\u2122 rend l&rsquo;installation sans outils rapide, s\u00e9curitaire et facile.<\/li>\n<li>S&rsquo;ins\u00e8rent facilement dans le sac de c\u00f4t\u00e9 de la Marchette l\u00e9g\u00e8re facile \u00e0 plier de Hugo<sup>\u00ae<\/sup>.<\/li>\n<\/ul>\n<h3>Mode d\u2019emploi (fichier pdf)<\/h3>\n<p><strong><\/p>\n<p><a href=\"http:\/\/www.amgmedical.com\/site\/Manuals\/781-010Ins.pdf\" target=\"_blank\">Pour les Patins pour marchette de Hugo<sup>\u00ae<\/sup><\/a><\/p>\n<p><\/strong><\/p>\n<h3>Garantie<\/h3>\n<p>Tous les produits d\u2019Hugo<sup>\u00ae<\/sup> sont garantis contre toute d\u00e9fectuosit\u00e9 de mat\u00e9riaux ou de fabrication. La garantie d\u2019Hugo<sup>\u00ae<\/sup> ne couvre pas l\u2019emploi abusif ou l\u2019usure normale. La garantie d\u2019Hugo<sup>\u00ae<\/sup> ne s\u2019applique qu\u2019\u00e0 l\u2019utilisateur original du produit.<\/p>\n<div class=\"fusion-sep-clear\"><\/div><div class=\"fusion-separator fusion-full-width-sep sep-shadow\" style=\"background:radial-gradient(ellipse at 50% -50% , #e0dede 0px, rgba(255, 255, 255, 0) 80%) repeat scroll 0 0 rgba(0, 0, 0, 0);background:-webkit-radial-gradient(ellipse at 50% -50% , #e0dede 0px, rgba(255, 255, 255, 0) 80%) repeat scroll 0 0 rgba(0, 0, 0, 0);background:-moz-radial-gradient(ellipse at 50% -50% , #e0dede 0px, rgba(255, 255, 255, 0) 80%) repeat scroll 0 0 rgba(0, 0, 0, 0);background:-o-radial-gradient(ellipse at 50% -50% , #e0dede 0px, rgba(255, 255, 255, 0) 80%) repeat scroll 0 0 rgba(0, 0, 0, 0);margin-left: auto;margin-right: auto;margin-top:20px;margin-bottom:20px;\"><\/div>\n<h3>Informations sur le produit<\/h3>\n<p><strong>Patins pour marchette de Hugo<sup>\u00ae<\/sup><\/strong><br \/>\nMunis d&rsquo;un design parabolique pour une glisse plus douce sur tous les types de terrains !<\/p>\n<p>Grandeur : S&rsquo;adaptent \u00e0 la majorit\u00e9 des tubulures de marchette de 2,5 cm (1 po) de diam\u00e8tre<br \/>\n<strong>Article no : 781-010<\/strong><\/p>\n","protected":false},"excerpt":{"rendered":"<p>Les Patins pour marchette de Hugo\u00ae sont munis d&#039;un design parabolique pour une glisse plus douce sur tous les types de terrains !<\/p>\n","protected":false},"featured_media":718,"comment_status":"open","ping_status":"closed","template":"","meta":[],"product_cat":[78,74],"product_tag":[],"class_list":{"0":"post-717","1":"product","2":"type-product","3":"status-publish","4":"has-post-thumbnail","6":"product_cat-accessoires-de-marchettes","7":"product_cat-marchettes","9":"first","10":"instock","11":"shipping-taxable","12":"product-type-simple"},"_links":{"self":[{"href":"http:\/\/www.hugoanywhere.ca\/fr\/wp-json\/wp\/v2\/product\/717"}],"collection":[{"href":"http:\/\/www.hugoanywhere.ca\/fr\/wp-json\/wp\/v2\/product"}],"about":[{"href":"http:\/\/www.hugoanywhere.ca\/fr\/wp-json\/wp\/v2\/types\/product"}],"replies":[{"embeddable":true,"href":"http:\/\/www.hugoanywhere.ca\/fr\/wp-json\/wp\/v2\/comments?post=717"}],"wp:featuredmedia":[{"embeddable":true,"href":"http:\/\/www.hugoanywhere.ca\/fr\/wp-json\/wp\/v2\/media\/718"}],"wp:attachment":[{"href":"http:\/\/www.hugoanywhere.ca\/fr\/wp-json\/wp\/v2\/media?parent=717"}],"wp:term":[{"taxonomy":"product_cat","embeddable":true,"href":"http:\/\/www.hugoanywhere.ca\/fr\/wp-json\/wp\/v2\/product_cat?post=717"},{"taxonomy":"product_tag","embeddable":true,"href":"http:\/\/www.hugoanywhere.ca\/fr\/wp-json\/wp\/v2\/product_tag?post=717"}],"curies":[{"name":"wp","href":"https:\/\/api.w.org\/{rel}","templated":true}]}}