{"id":721,"date":"2014-09-23T16:04:51","date_gmt":"2014-09-23T20:04:51","guid":{"rendered":"http:\/\/www.hugoanywhere.ca\/fr\/?post_type=product&#038;p=721"},"modified":"2014-09-26T10:43:13","modified_gmt":"2014-09-26T14:43:13","slug":"crampons-compacts-snow-paws-de-hugo","status":"publish","type":"product","link":"http:\/\/www.hugoanywhere.ca\/fr\/produits\/crampons-compacts-snow-paws-de-hugo\/","title":{"rendered":"Crampons compacts Snow Paws\u2122 de Hugo\u00ae"},"content":{"rendered":"<div id=\"attachment_415\" style=\"width: 277px\" class=\"wp-caption alignright\"><a href=\"http:\/\/www.hugoanywhere.ca\/en\/wp-content\/uploads\/2013\/04\/Hugo-Snow-Paws_on_boots.jpg\"><img loading=\"lazy\" decoding=\"async\" aria-describedby=\"caption-attachment-415\" src=\"http:\/\/www.hugoanywhere.ca\/en\/wp-content\/uploads\/2013\/04\/Hugo-Snow-Paws_on_boots-267x300.jpg\" alt=\"Crampons compacts Snow Paws\u2122 de Hugo\u00ae install\u00e9s sur des bottes \u00e0 talons hauts\" width=\"267\" height=\"300\" class=\"size-medium wp-image-415\" \/><\/a><p id=\"caption-attachment-415\" class=\"wp-caption-text\"><\/p>\n<div align=\"center\" style=\"line-height:normal;\">Crampons compacts Snow Paws\u2122 de Hugo\u00ae install\u00e9s sur des bottes \u00e0 talons hauts<\/div>\n<p><\/p><\/div>\n<h4>S\u2019installent rapidement pour rendre la marche sur la glace et la neige plus s\u00e9curitaire !<\/h4>\n<p>Toujours pr\u00eats \u00e0 prendre la route ? Pour plus de s\u00e9curit\u00e9 sur la glace ou la neige, installez rapidement les crampons Snow Paws\u2122 de Hugo\u00ae, des couvre-chaussures \/ couvre-bottes munis de crampons qui am\u00e9liorent l\u2019adh\u00e9rence aux surfaces glissantes de tous les types de chaussures ou de bottes d\u2019hiver.<\/p>\n<p>Portez ces crampons antid\u00e9rapants avec n\u2019importe quelles chaussures ou bottes pour plus de s\u00e9curit\u00e9 sur la glace et la neige.<\/p>\n<p>De retour \u00e0 l\u2019int\u00e9rieur, glissez les crampons Snow Paws\u2122 dans leur pochette r\u00e9sistante \u00e0 l\u2019eau <strong>&#8211; incluse en prime !<\/strong> Cette pochette occupe tellement peu d\u2019espace, qu\u2019elle tient dans une poche ou dans votre sac \u00e0 main.<\/p>\n<p>Quelle que soit votre destination, profitez de l\u2019hiver avec Hugo\u00ae !<\/p>\n<ul>\n<li>Les crampons Snow Paws\u2122 sont tr\u00e8s compacts<\/li>\n<li>S\u2019installent facilement sur toutes sortes de chaussures, incluant les talons hauts.<\/li>\n<li>Sp\u00e9cialement con\u00e7us pour vous offrir une marche s\u00e9curitaire tant sur la glace que sur la neige, \u00e0 des temp\u00e9ratures allant jusqu&rsquo;\u00e0 -40\u00b0C.<\/li>\n<li>Id\u00e9al pour les personnes qui doivent se d\u00e9placer sur des surfaces gel\u00e9es comme des trottoirs enneig\u00e9s et glissants.<\/li>\n<li>Pochette r\u00e9sistante \u00e0 l\u2019eau incluse en prime \u2013 permet de placer les Crampons Snow Paws\u2122 dans des poches de manteau ou un sac \u00e0 main sans les mouiller.<\/li>\n<li>Taille unique &#8211; s&rsquo;adaptent \u00e0 la majorit\u00e9 des chaussures et des bottes, m\u00eame munis de talons hauts<\/li>\n<li>S&rsquo;installe facilement en quelques secondes<\/li>\n<li>Mat\u00e9riau : caoutchouc naturel<\/li>\n<li>Vendu par paires<\/li>\n<\/ul>\n<h3>Instructions<\/h3>\n<ul>\n<li>En position assise, d\u00e9tachez la sangle du crampon et glissez votre soulier \u00e0 l\u2019int\u00e9rieur tel qu\u2019illustr\u00e9.<\/li>\n<li>Attachez solidement la sangle du crampon.<\/li>\n<li>Pour \u00e9viter d\u2019endommager les crampons, utilisez-les uniquement<br \/>\nsur la neige ou la glace.<\/li>\n<\/ul>\n<div id=\"attachment_419\" style=\"width: 690px\" class=\"wp-caption aligncenter\"><a href=\"http:\/\/www.hugoanywhere.ca\/en\/wp-content\/uploads\/2013\/04\/Install-Hugo-Snow-Paws.jpg\"><img loading=\"lazy\" decoding=\"async\" aria-describedby=\"caption-attachment-419\" src=\"http:\/\/www.hugoanywhere.ca\/en\/wp-content\/uploads\/2013\/04\/Install-Hugo-Snow-Paws.jpg\" alt=\"Comment installer les Crampons compacts Snow Paws\u2122 de Hugo\u00ae\" width=\"680\" height=\"374\" class=\"size-full wp-image-419\" \/><\/a><p id=\"caption-attachment-419\" class=\"wp-caption-text\"><\/p>\n<div align=\"center\" style=\"line-height:normal;\">Comment installer les Crampons compacts Snow Paws\u2122 de Hugo\u00ae<\/div>\n<p><\/p><\/div>\n<div class=\"espaceapres\"> <\/div>\n<p>Pour \u00e9viter d\u2019endommager les Crampons Snow Paws\u2122, utiliser uniquement sur la neige ou la glace.<br \/>\nEssuyer la semelle avec un linge propre apr\u00e8s chaque utilisation. Entreposer dans un endroit frais et sec.<br \/>\n<strong>NE PAS utiliser \u00e0 l\u2019int\u00e9rieur. Ne pas mettre la pochette dans la s\u00e9cheuse.<\/strong><\/p>\n<div id=\"attachment_416\" style=\"width: 169px\" class=\"wp-caption alignright\"><a href=\"http:\/\/www.hugoanywhere.ca\/en\/wp-content\/uploads\/2013\/04\/Hugo-Snow-Paws-Packaging.jpg\"><img loading=\"lazy\" decoding=\"async\" aria-describedby=\"caption-attachment-416\" src=\"http:\/\/www.hugoanywhere.ca\/en\/wp-content\/uploads\/2013\/04\/Hugo-Snow-Paws-Packaging-159x300.jpg\" alt=\"Emballage pour la vente des Snow Paws\u2122 de Hugo\u00ae\" width=\"159\" height=\"300\" class=\"size-medium wp-image-416\" \/><\/a><p id=\"caption-attachment-416\" class=\"wp-caption-text\"><\/p>\n<div align=\"center\" style=\"line-height:normal;\">Emballage pour la vente des Snow Paws\u2122 de Hugo\u00ae<\/div>\n<p><\/p><\/div>\n<h3>Mode d\u2019emploi (fichier pdf)<\/h3>\n<p><strong><\/p>\n<p><a href=\"http:\/\/www.amgmedical.com\/site\/Manuals\/737-182_ins.pdf\" target=\"_blank\">Mode d&#8217;emploi pour les Crampons compacts Snow Paws\u2122 de Hugo\u00ae<\/a><\/p>\n<p><\/strong><\/p>\n<h3>Garantie<\/h3>\n<p>Tous les produits d\u2019Hugo\u00ae sont garantis contre toute d\u00e9fectuosit\u00e9 de mat\u00e9riaux ou de fabrication. La garantie d\u2019Hugo\u00ae ne couvre pas l\u2019emploi abusif ou l\u2019usure normale. La garantie d\u2019Hugo\u00ae ne s\u2019applique qu\u2019\u00e0 l\u2019utilisateur original du produit.<\/p>\n<div class=\"fusion-sep-clear\"><\/div><div class=\"fusion-separator fusion-full-width-sep sep-shadow\" style=\"background:radial-gradient(ellipse at 50% -50% , #e0dede 0px, rgba(255, 255, 255, 0) 80%) repeat scroll 0 0 rgba(0, 0, 0, 0);background:-webkit-radial-gradient(ellipse at 50% -50% , #e0dede 0px, rgba(255, 255, 255, 0) 80%) repeat scroll 0 0 rgba(0, 0, 0, 0);background:-moz-radial-gradient(ellipse at 50% -50% , #e0dede 0px, rgba(255, 255, 255, 0) 80%) repeat scroll 0 0 rgba(0, 0, 0, 0);background:-o-radial-gradient(ellipse at 50% -50% , #e0dede 0px, rgba(255, 255, 255, 0) 80%) repeat scroll 0 0 rgba(0, 0, 0, 0);margin-left: auto;margin-right: auto;margin-top:20px;margin-bottom:20px;\"><\/div>\n<h3>Informations sur le produit<\/h3>\n<p><strong>Crampons compacts Snow Paws\u2122 de Hugo\u00ae<\/strong><br \/>\nS\u2019installent rapidement pour rendre la marche sur la glace et la neige plus s\u00e9curitaire !<\/p>\n<p>Taille : Taille unique, s&rsquo;adaptent \u00e0 la majorit\u00e9 des chaussures et des bottes, m\u00eame munis de talons hauts<br \/>\n<strong>Article no : 737-182<\/strong><\/p>\n","protected":false},"excerpt":{"rendered":"<p>Portez ces crampons antid\u00e9rapants avec n\u2019importe quelles chaussures ou bottes pour plus de s\u00e9curit\u00e9 sur la glace et la neige !<\/p>\n","protected":false},"featured_media":722,"comment_status":"open","ping_status":"closed","template":"","meta":[],"product_cat":[77],"product_tag":[58,57,56,60,59,61],"class_list":{"0":"post-721","1":"product","2":"type-product","3":"status-publish","4":"has-post-thumbnail","6":"product_cat-aide-a-la-marche","7":"product_tag-crampons","8":"product_tag-crampons-pour-bottes","9":"product_tag-crampons-pour-soulier-ou-pour-bottes-pour-lhiver","10":"product_tag-glace","11":"product_tag-hiver","12":"product_tag-neige","14":"first","15":"instock","16":"shipping-taxable","17":"product-type-simple"},"_links":{"self":[{"href":"http:\/\/www.hugoanywhere.ca\/fr\/wp-json\/wp\/v2\/product\/721"}],"collection":[{"href":"http:\/\/www.hugoanywhere.ca\/fr\/wp-json\/wp\/v2\/product"}],"about":[{"href":"http:\/\/www.hugoanywhere.ca\/fr\/wp-json\/wp\/v2\/types\/product"}],"replies":[{"embeddable":true,"href":"http:\/\/www.hugoanywhere.ca\/fr\/wp-json\/wp\/v2\/comments?post=721"}],"wp:featuredmedia":[{"embeddable":true,"href":"http:\/\/www.hugoanywhere.ca\/fr\/wp-json\/wp\/v2\/media\/722"}],"wp:attachment":[{"href":"http:\/\/www.hugoanywhere.ca\/fr\/wp-json\/wp\/v2\/media?parent=721"}],"wp:term":[{"taxonomy":"product_cat","embeddable":true,"href":"http:\/\/www.hugoanywhere.ca\/fr\/wp-json\/wp\/v2\/product_cat?post=721"},{"taxonomy":"product_tag","embeddable":true,"href":"http:\/\/www.hugoanywhere.ca\/fr\/wp-json\/wp\/v2\/product_tag?post=721"}],"curies":[{"name":"wp","href":"https:\/\/api.w.org\/{rel}","templated":true}]}}