{"id":735,"date":"2014-10-02T12:23:52","date_gmt":"2014-10-02T16:23:52","guid":{"rendered":"http:\/\/www.hugoanywhere.ca\/fr\/?post_type=product&#038;p=735"},"modified":"2015-01-21T11:30:44","modified_gmt":"2015-01-21T16:30:44","slug":"cannes-claw-de-hugo","status":"publish","type":"product","link":"http:\/\/www.hugoanywhere.ca\/fr\/produits\/cannes-claw-de-hugo\/","title":{"rendered":"Cannes Claw de Hugo\u00ae"},"content":{"rendered":"<div id=\"attachment_1018\" style=\"width: 130px\" class=\"wp-caption alignright\"><a href=\"http:\/\/www.hugoanywhere.ca\/en\/wp-content\/uploads\/2014\/10\/ClawCanes.jpg\"><img loading=\"lazy\" decoding=\"async\" aria-describedby=\"caption-attachment-1018\" src=\"http:\/\/www.hugoanywhere.ca\/en\/wp-content\/uploads\/2014\/10\/ClawCanes-120x300.jpg\" alt=\"Cannes Claw de Hugo\u00ae, roseraie et \u00e9b\u00e8ne\" width=\"120\" height=\"300\" class=\"size-medium wp-image-1018\" \/><\/a><p id=\"caption-attachment-1018\" class=\"wp-caption-text\">Cannes Claw de Hugo\u00ae, roseraie et \u00e9b\u00e8ne<\/p><\/div>\n<h4>Une canne \u00e0 poign\u00e9e de type Derby munie d&rsquo;un embout innovateur et ultra-stable Claw de Hugo<sup>\u00ae<\/sup>.<\/h4>\n<p>La nouvelle canne ajustable en aluminium Hugo Claw est munie d\u2019une poign\u00e9e ergonomique et d\u2019un embout de canne innovateur. L\u2019embout, \u00e0 cinq pointes, ajoute \u00e0 la stabilit\u00e9 de la canne, et sa poign\u00e9e, de type ergonomique, offre un confort sup\u00e9rieur pour une s\u00e9curit\u00e9 accrue. <\/p>\n<p><img loading=\"lazy\" decoding=\"async\" src=\"http:\/\/www.amgmedical.com\/site\/MaImages\/731-459_view_under.jpg\" alt=\"Embout de canne Claw\" title=\"Embout de canne Claw\" width=\"200\" height=\"246\" class=\"imagesgauche\"><\/p>\n<h4>Embout de canne ultra-stable Claw<\/h4>\n<ul style=\"list-style:outside; padding-left: 206px;\">\n<li>57% plus l\u00e9ger qu&rsquo;un embout de QuadPod<\/li>\n<li>Son design unique aide la canne \u00e0 se recentrer pour une stabilit\u00e9 accrue<\/li>\n<li>Permet \u00e0 la canne de tenir debout sans aide<\/li>\n<\/ul>\n<p><\/br><br \/>\n<img loading=\"lazy\" decoding=\"async\" src=\"http:\/\/www.amgmedical.com\/site\/MaImages\/731-459_ErgoHandle.jpg\" alt=\"Poign\u00e9e ergonomique\" width=\"120\" height=\"187\" class=\"imagesgauche\"><\/p>\n<h4>Poign\u00e9e ergonomique<\/h4>\n<ul style=\"list-style:outside; padding-left: 126px;\">\n<li>Dessus de poign\u00e9e coussin\u00e9 qui \u00e9pouse la main et amortit les chocs<\/li>\n<li>Con\u00e7u pour \u00eatre plus confortable dans votre main<\/li>\n<li>Courroie de canne avec pi\u00e8ce r\u00e9fl\u00e9chissante pour plus de s\u00e9curit\u00e9<\/li>\n<\/ul>\n<p><\/br><\/p>\n<h4>12 hauteurs possibles<\/h4>\n<ul>\n<li>Gr\u00e2ce \u00e0 son \u00e9tendue d&rsquo;ajustement sans \u00e9gale de 12 niveaux, cette canne convient aux gens de 152 cm \u00e0 195 cm (5 pi \u00e0 6 pi 5 po)<\/li>\n<li>Ajustable de 71 cm \u00e0 99 cm (28 po \u00e0 39 po)<\/li>\n<\/ul>\n<p><img loading=\"lazy\" decoding=\"async\" src=\"http:\/\/www.amgmedical.com\/site\/MaImages\/731-4xxHeightAdjust.jpg\" alt=\"Ajustement en hauteur\" width=\"96\" height=\"144\" class=\"imagesgauche\"><\/p>\n<h4>Ajustement en hauteur<\/h4>\n<ul style=\"list-style:outside; padding-left: 106px;\">\n<li>\u00c0 l&rsquo;aide du bouton-poussoir, ajustez la hauteur de la poign\u00e9e de la canne au niveau de votre poignet<\/li>\n<\/ul>\n<p><\/br><\/p>\n<ul>\n<li>Son design innovateur permet \u00e0 la canne de tenir debout sans aide<\/li>\n<li>Capacit\u00e9 maximale : 136 kg (300 lb)<\/li>\n<\/ul>\n<div class=\"fusion-sep-clear\"><\/div><div class=\"fusion-separator fusion-full-width-sep sep-shadow\" style=\"background:radial-gradient(ellipse at 50% -50% , #e0dede 0px, rgba(255, 255, 255, 0) 80%) repeat scroll 0 0 rgba(0, 0, 0, 0);background:-webkit-radial-gradient(ellipse at 50% -50% , #e0dede 0px, rgba(255, 255, 255, 0) 80%) repeat scroll 0 0 rgba(0, 0, 0, 0);background:-moz-radial-gradient(ellipse at 50% -50% , #e0dede 0px, rgba(255, 255, 255, 0) 80%) repeat scroll 0 0 rgba(0, 0, 0, 0);background:-o-radial-gradient(ellipse at 50% -50% , #e0dede 0px, rgba(255, 255, 255, 0) 80%) repeat scroll 0 0 rgba(0, 0, 0, 0);margin-left: auto;margin-right: auto;margin-top:20px;margin-bottom:20px;\"><\/div>\n<h3>Informations sur le produit<\/h3>\n<p><strong>Canne Claw de Hugo\u00ae<\/strong><br \/>\nUne canne en aluminium \u00e0 poign\u00e9e de type Derby munie de l&#8217;embout \u00e0 cinq pointes Claw\u2122 de Hugo\u00ae<\/p>\n<p><img loading=\"lazy\" decoding=\"async\" src=\"\/hugo-images\/Rosebud.jpg\" alt=\"Rosebud\" title=\"Rosebud\" width=\"50\" height=\"50\" class=\"imagesgauche\"><\/p>\n<p>Couleur : Roseraie<br \/>\n<strong>Item no: 731-459<\/strong><\/p>\n<p><img loading=\"lazy\" decoding=\"async\" src=\"\/hugo-images\/Ebony.gif\" alt=\"\u00c9b\u00e8ne\" title=\"\u00c9b\u00e8ne\" width=\"50\" height=\"50\" class=\"imagesgauche\"><\/p>\n<p>Couleur : \u00c9b\u00e8ne<br \/>\n<strong>Article no : 731-469<\/strong><\/p>\n<div class=\"fusion-sep-clear\"><\/div><div class=\"fusion-separator fusion-full-width-sep sep-shadow\" style=\"background:radial-gradient(ellipse at 50% -50% , #e0dede 0px, rgba(255, 255, 255, 0) 80%) repeat scroll 0 0 rgba(0, 0, 0, 0);background:-webkit-radial-gradient(ellipse at 50% -50% , #e0dede 0px, rgba(255, 255, 255, 0) 80%) repeat scroll 0 0 rgba(0, 0, 0, 0);background:-moz-radial-gradient(ellipse at 50% -50% , #e0dede 0px, rgba(255, 255, 255, 0) 80%) repeat scroll 0 0 rgba(0, 0, 0, 0);background:-o-radial-gradient(ellipse at 50% -50% , #e0dede 0px, rgba(255, 255, 255, 0) 80%) repeat scroll 0 0 rgba(0, 0, 0, 0);margin-left: auto;margin-right: auto;margin-top:20px;margin-bottom:20px;\"><\/div>\n<\/br><\/p>\n<h3>Soci\u00e9t\u00e9 canadienne de la scl\u00e9rose en plaques<\/h3>\n<p><img loading=\"lazy\" decoding=\"async\" src=\"http:\/\/www.amgmedical.com\/specials\/OtherIM\/MS_SP_Sticker5.gif\" alt=\"Soci\u00e9t\u00e9 canadienne de la scl\u00e9rose en plaques\" title=\"Soci\u00e9t\u00e9 canadienne de la scl\u00e9rose en plaques\" width=\"300\" height=\"127\" border=\"0\" class=\"imagesdroite\" style=\"padding-bottom:50px; position:relative; top:-10px;\">Nous sommes fiers d&rsquo;annoncer notre partenariat avec la Soci\u00e9t\u00e9 canadienne de la scl\u00e9rose en plaques.<\/p>\n<p>Depuis 2009, une partie du produit de la vente des cannes Hugo<sup>\u00ae<\/sup> et des ambulateurs Hugo<sup>\u00ae<\/sup> est donn\u00e9e \u00e0 la <a href=\"http:\/\/www.scleroseenplaques.ca\/\">Soci\u00e9t\u00e9 canadienne de la scl\u00e9rose en plaques<\/a>. Cette derni\u00e8re apporte son soutien, \u00e0 travers tout le Canada, aux personnes qui souffrent de la scl\u00e9rose en plaques.<\/p>\n","protected":false},"excerpt":{"rendered":"<p>La nouvelle canne ajustable en aluminium Hugo Claw est munie d\u2019une poign\u00e9e ergonomique et d\u2019un embout de canne innovateur qui permet \u00e0 la canne de se tenir debout.<\/p>\n","protected":false},"featured_media":736,"comment_status":"open","ping_status":"closed","template":"","meta":[],"product_cat":[64],"product_tag":[52,65,62],"class_list":{"0":"post-735","1":"product","2":"type-product","3":"status-publish","4":"has-post-thumbnail","6":"product_cat-cannes","7":"product_tag-canne-qui-tient-debout","8":"product_tag-cannes","9":"product_tag-cannes-claw","11":"first","12":"instock","13":"shipping-taxable","14":"product-type-simple"},"_links":{"self":[{"href":"http:\/\/www.hugoanywhere.ca\/fr\/wp-json\/wp\/v2\/product\/735"}],"collection":[{"href":"http:\/\/www.hugoanywhere.ca\/fr\/wp-json\/wp\/v2\/product"}],"about":[{"href":"http:\/\/www.hugoanywhere.ca\/fr\/wp-json\/wp\/v2\/types\/product"}],"replies":[{"embeddable":true,"href":"http:\/\/www.hugoanywhere.ca\/fr\/wp-json\/wp\/v2\/comments?post=735"}],"wp:featuredmedia":[{"embeddable":true,"href":"http:\/\/www.hugoanywhere.ca\/fr\/wp-json\/wp\/v2\/media\/736"}],"wp:attachment":[{"href":"http:\/\/www.hugoanywhere.ca\/fr\/wp-json\/wp\/v2\/media?parent=735"}],"wp:term":[{"taxonomy":"product_cat","embeddable":true,"href":"http:\/\/www.hugoanywhere.ca\/fr\/wp-json\/wp\/v2\/product_cat?post=735"},{"taxonomy":"product_tag","embeddable":true,"href":"http:\/\/www.hugoanywhere.ca\/fr\/wp-json\/wp\/v2\/product_tag?post=735"}],"curies":[{"name":"wp","href":"https:\/\/api.w.org\/{rel}","templated":true}]}}