{"id":748,"date":"2015-01-20T15:32:34","date_gmt":"2015-01-20T20:32:34","guid":{"rendered":"http:\/\/www.hugoanywhere.ca\/fr\/?post_type=product&#038;p=748"},"modified":"2015-01-20T15:32:34","modified_gmt":"2015-01-20T20:32:34","slug":"crampons-a-neige-grips-4-ice-de-hugo","status":"publish","type":"product","link":"http:\/\/www.hugoanywhere.ca\/fr\/produits\/crampons-a-neige-grips-4-ice-de-hugo\/","title":{"rendered":"Crampons \u00e0 neige Grips 4 Ice\u2122 de Hugo\u00ae"},"content":{"rendered":"<div id=\"attachment_1032\" style=\"width: 167px\" class=\"wp-caption alignright\"><a href=\"\/en\/wp-content\/uploads\/2015\/01\/737-176_M_XL.jpg\"><img loading=\"lazy\" decoding=\"async\" aria-describedby=\"caption-attachment-1032\" src=\"\/en\/wp-content\/uploads\/2015\/01\/737-176_M_XL-157x300.jpg\" alt=\"Crampons \u00e0 neige Grips 4 Ice\u2122 de Hugo\u00ae\" width=\"157\" height=\"300\" class=\"size-medium wp-image-1032\" \/><\/a><p id=\"caption-attachment-1032\" class=\"wp-caption-text\">Crampons \u00e0 neige Grips 4 Ice\u2122 de Hugo\u00ae<\/p><\/div>\n<h4>Munis de la technologie Sure-Foot\u00ae pour une meilleure traction sur la glace et la neige.<\/h4>\n<p><strong>Fixations compl\u00e8tes<\/strong><\/p>\n<p>Nos nouveaux crampons \u00e0 neige Grips 4 Ice\u2122 de Hugo\u00ae sont l\u00e9gers  et s&rsquo;installent rapidement et facilement. Ils vous donnent une meilleure traction en  hiver. Ils sont fabriqu\u00e9s avec un compos\u00e9 de caoutchouc reformul\u00e9 qui reste robuste et solide tout  en conservant son \u00e9lasticit\u00e9 \u00e0 des temp\u00e9ratures pouvant aller jusqu&rsquo;\u00e0 -40  degr\u00e9s Celsius.<\/p>\n<p><strong>Caract\u00e9ristiques am\u00e9lior\u00e9es :<\/strong><\/p>\n<ul>\n<li>Pointes en carbure de tungst\u00e8ne avec une bordure perce-glace, 10 fois plus r\u00e9sistantes que l&rsquo;acier.<\/li>\n<li>Pour une durabilit\u00e9 accrue, les pointes sont int\u00e9gr\u00e9es au caoutchouc.<\/li>\n<li>Languette de talon textur\u00e9e, ce qui rend les crampons plus faciles  \u00e0 enfiler et \u00e0 enlever.<\/li>\n<li>Le nouveau design exclusif de la semelle am\u00e9liore la  traction et augmente l&rsquo;adh\u00e9rence sur les c\u00f4t\u00e9s.<\/li>\n<li>La conception de style profil bas rend la pr\u00e9sence des crampons plus discrete  avec la plupart des chaussures.<\/li>\n<li>L&#8217;emplacement de l&rsquo;avant (TOE) et du talon (HEEL) \u00e0  l&rsquo;arri\u00e8re sont moul\u00e9s dans le caoutchouc afin d&rsquo;en faciliter l&rsquo;installation.<\/li>\n<\/ul>\n<p>Avis  : Pour \u00e9viter une usure excessive, les crampons \u00e0 neige Hugo\u00ae Grips 4 Ice\u2122 devraient \u00eatre utilis\u00e9s uniquement sur la neige ou la glace.<\/p>\n<h3>Installation :<\/h3>\n<ol>\n<li>Installez le devant en premier<\/li>\n<li>Tirez l&rsquo;arri\u00e8re sur le talon<\/li>\n<li>Ajustez les crampons sur la semelle.<\/li>\n<\/ol>\n<p><img loading=\"lazy\" decoding=\"async\" src=\"http:\/\/www.amgmedical.com\/site\/MaImages\/737-176_ins_FR.jpg\" width=\"600\" height=\"81\" alt=\"\"\/><\/p>\n<p>Pendant l\u2019utilisation, v\u00e9rifiez la position du produit et ajustez au besoin. Le produit peut d\u00e9teindre sur les chaussures de couleur claire. Pour une meilleure durabilit\u00e9, ranger le produit dans un endroit frais et sec (moins de 32\u00b0C ou 90\u00b0F). <\/p>\n<p><strong>ATTENTION:<\/strong> Ce produit procure une meilleure traction sur la glace tant qu\u2019il est install\u00e9 convenablement sur les chaussures et que le poids est r\u00e9parti normalement. Aucun produit ne peut pr\u00e9venir toutes les chutes. Ce produit est con\u00e7u pour la marche r\u00e9guli\u00e8re: il ne doit pas \u00eatre utilis\u00e9 pour l\u2019alpinisme ou l\u2019escalade, pour monter des pentes abruptes ou toute autre activit\u00e9 exigeante. Ne pas porter sur des rev\u00eatements int\u00e9rieurs comme le marbre. Faire preuve de prudence en conduisant ou en utilisant une \u00e9chelle. Ne pas utiliser ce produit avec des souliers \u00e0 talons hauts (plus de 2,5 ou 5 cm). Les pics pointus peuvent vous blesser ou endommager les planchers et les couvre-planchers. Ce produit contient du latex.<\/p>\n<h3>Garantie<\/h3>\n<p>Tous les produits d\u2019Hugo\u00ae sont garantis contre toute d\u00e9fectuosit\u00e9 de mat\u00e9riaux ou de fabrication. La garantie d\u2019Hugo\u00ae ne couvre pas l\u2019emploi abusif ou l\u2019usure normale. La garantie d\u2019Hugo\u00ae ne s\u2019applique qu\u2019\u00e0 l\u2019utilisateur original du produit.<\/p>\n<div class=\"fusion-sep-clear\"><\/div><div class=\"fusion-separator fusion-full-width-sep sep-shadow\" style=\"background:radial-gradient(ellipse at 50% -50% , #e0dede 0px, rgba(255, 255, 255, 0) 80%) repeat scroll 0 0 rgba(0, 0, 0, 0);background:-webkit-radial-gradient(ellipse at 50% -50% , #e0dede 0px, rgba(255, 255, 255, 0) 80%) repeat scroll 0 0 rgba(0, 0, 0, 0);background:-moz-radial-gradient(ellipse at 50% -50% , #e0dede 0px, rgba(255, 255, 255, 0) 80%) repeat scroll 0 0 rgba(0, 0, 0, 0);background:-o-radial-gradient(ellipse at 50% -50% , #e0dede 0px, rgba(255, 255, 255, 0) 80%) repeat scroll 0 0 rgba(0, 0, 0, 0);margin-left: auto;margin-right: auto;margin-top:20px;margin-bottom:20px;\"><\/div>\n<h3>Informations sur le produit<\/h3>\n<p><strong>Crampons \u00e0 neige Grips 4 Ice\u2122 de Hugo\u00ae<\/strong><br \/>\nRendent la marche sur la glace et la neige plus s\u00e9curitaire !<\/p>\n<p>Taille : Taille unique, s&rsquo;adaptent \u00e0 la majorit\u00e9 des chaussures et des bottes<br \/>\n<strong>Article no : 737-176<\/strong><\/p>\n","protected":false},"excerpt":{"rendered":"<p>En plus d&#039;\u00eatre l\u00e9gers, les nouveaux crampons \u00e0 neige Grips 4 Ice\u2122 de Hugo\u00ae s&#039;installent rapidement et facilement. Ils vous donnent une meilleure traction en hiver. Ils sont fabriqu\u00e9s avec un compos\u00e9 de caoutchouc reformul\u00e9 qui reste solide tout en conservant son \u00e9lasticit\u00e9 \u00e0 des temp\u00e9ratures pouvant aller jusqu&#039;\u00e0 -40 degr\u00e9s Celsius.<\/p>\n","protected":false},"featured_media":749,"comment_status":"open","ping_status":"closed","template":"","meta":[],"product_cat":[77],"product_tag":[],"class_list":{"0":"post-748","1":"product","2":"type-product","3":"status-publish","4":"has-post-thumbnail","6":"product_cat-aide-a-la-marche","8":"first","9":"instock","10":"shipping-taxable","11":"product-type-simple"},"_links":{"self":[{"href":"http:\/\/www.hugoanywhere.ca\/fr\/wp-json\/wp\/v2\/product\/748"}],"collection":[{"href":"http:\/\/www.hugoanywhere.ca\/fr\/wp-json\/wp\/v2\/product"}],"about":[{"href":"http:\/\/www.hugoanywhere.ca\/fr\/wp-json\/wp\/v2\/types\/product"}],"replies":[{"embeddable":true,"href":"http:\/\/www.hugoanywhere.ca\/fr\/wp-json\/wp\/v2\/comments?post=748"}],"wp:featuredmedia":[{"embeddable":true,"href":"http:\/\/www.hugoanywhere.ca\/fr\/wp-json\/wp\/v2\/media\/749"}],"wp:attachment":[{"href":"http:\/\/www.hugoanywhere.ca\/fr\/wp-json\/wp\/v2\/media?parent=748"}],"wp:term":[{"taxonomy":"product_cat","embeddable":true,"href":"http:\/\/www.hugoanywhere.ca\/fr\/wp-json\/wp\/v2\/product_cat?post=748"},{"taxonomy":"product_tag","embeddable":true,"href":"http:\/\/www.hugoanywhere.ca\/fr\/wp-json\/wp\/v2\/product_tag?post=748"}],"curies":[{"name":"wp","href":"https:\/\/api.w.org\/{rel}","templated":true}]}}