{"id":752,"date":"2015-02-25T11:21:35","date_gmt":"2015-02-25T16:21:35","guid":{"rendered":"http:\/\/www.hugoanywhere.ca\/fr\/?post_type=product&#038;p=752"},"modified":"2015-02-25T11:24:22","modified_gmt":"2015-02-25T16:24:22","slug":"courroie-de-canne-avec-piece-reflechissante","status":"publish","type":"product","link":"http:\/\/www.hugoanywhere.ca\/fr\/produits\/courroie-de-canne-avec-piece-reflechissante\/","title":{"rendered":"Courroie de canne avec pi\u00e8ce r\u00e9fl\u00e9chissante, par Hugo\u00ae"},"content":{"rendered":"<div id=\"attachment_754\" style=\"width: 178px\" class=\"wp-caption alignright\"><a href=\"http:\/\/www.hugoanywhere.ca\/fr\/wp-content\/uploads\/2015\/02\/731-949_Reflkective-Strap.jpg\"><img loading=\"lazy\" decoding=\"async\" aria-describedby=\"caption-attachment-754\" src=\"http:\/\/www.hugoanywhere.ca\/fr\/wp-content\/uploads\/2015\/02\/731-949_Reflkective-Strap-168x300.jpg\" alt=\"Courroie de canne avec pi\u00e8ce r\u00e9fl\u00e9chissante, par Hugo\u00ae\" width=\"168\" height=\"300\" class=\"size-medium wp-image-754\" srcset=\"http:\/\/www.hugoanywhere.ca\/fr\/wp-content\/uploads\/2015\/02\/731-949_Reflkective-Strap-168x300.jpg 168w, http:\/\/www.hugoanywhere.ca\/fr\/wp-content\/uploads\/2015\/02\/731-949_Reflkective-Strap-300x536.jpg 300w, http:\/\/www.hugoanywhere.ca\/fr\/wp-content\/uploads\/2015\/02\/731-949_Reflkective-Strap.jpg 418w\" sizes=\"(max-width: 168px) 100vw, 168px\" \/><\/a><p id=\"caption-attachment-754\" class=\"wp-caption-text\">Courroie de canne avec pi\u00e8ce r\u00e9fl\u00e9chissante, par Hugo\u00ae<\/p><\/div>\n<h4>Courroie de canne avec pi\u00e8ce r\u00e9fl\u00e9chissante, par Hugo\u00ae<\/h4>\n<p>La courroie de canne avec pi\u00e8ce r\u00e9fl\u00e9chissante de Hugo\u00ae se fixe \u00e0 toute canne standard, procurant un meilleur contr\u00f4le. Courroie en corde de nylon solide avec bague et attache de m\u00e9tal. La courroie de canne est munie d&rsquo;une pi\u00e8ce r\u00e9fl\u00e9chissante pour plus de s\u00e9curit\u00e9.<\/p>\n","protected":false},"excerpt":{"rendered":"<p>Courroie de canne avec pi\u00e8ce r\u00e9fl\u00e9chissante, par Hugo\u00ae<\/p>\n<p>La courroie de canne avec pi\u00e8ce r\u00e9fl\u00e9chissante de Hugo\u00ae se fixe \u00e0 toute canne standard, procurant un meilleur contr\u00f4le. Courroie en corde de nylon solide avec bague et attache de m\u00e9tal. La courroie de canne est munie d&rsquo;une pi\u00e8ce r\u00e9fl\u00e9chissante pour plus de s\u00e9curit\u00e9.<\/p>\n","protected":false},"featured_media":753,"comment_status":"open","ping_status":"closed","template":"","meta":[],"product_cat":[66,64],"product_tag":[],"class_list":{"0":"post-752","1":"product","2":"type-product","3":"status-publish","4":"has-post-thumbnail","6":"product_cat-accessoires-de-cannes","7":"product_cat-cannes","9":"first","10":"instock","11":"shipping-taxable","12":"product-type-simple"},"_links":{"self":[{"href":"http:\/\/www.hugoanywhere.ca\/fr\/wp-json\/wp\/v2\/product\/752"}],"collection":[{"href":"http:\/\/www.hugoanywhere.ca\/fr\/wp-json\/wp\/v2\/product"}],"about":[{"href":"http:\/\/www.hugoanywhere.ca\/fr\/wp-json\/wp\/v2\/types\/product"}],"replies":[{"embeddable":true,"href":"http:\/\/www.hugoanywhere.ca\/fr\/wp-json\/wp\/v2\/comments?post=752"}],"wp:featuredmedia":[{"embeddable":true,"href":"http:\/\/www.hugoanywhere.ca\/fr\/wp-json\/wp\/v2\/media\/753"}],"wp:attachment":[{"href":"http:\/\/www.hugoanywhere.ca\/fr\/wp-json\/wp\/v2\/media?parent=752"}],"wp:term":[{"taxonomy":"product_cat","embeddable":true,"href":"http:\/\/www.hugoanywhere.ca\/fr\/wp-json\/wp\/v2\/product_cat?post=752"},{"taxonomy":"product_tag","embeddable":true,"href":"http:\/\/www.hugoanywhere.ca\/fr\/wp-json\/wp\/v2\/product_tag?post=752"}],"curies":[{"name":"wp","href":"https:\/\/api.w.org\/{rel}","templated":true}]}}