{"id":764,"date":"2015-03-24T11:45:49","date_gmt":"2015-03-24T15:45:49","guid":{"rendered":"http:\/\/www.hugoanywhere.ca\/fr\/?post_type=product&#038;p=764"},"modified":"2016-09-19T16:29:59","modified_gmt":"2016-09-19T20:29:59","slug":"ambulateur-explore-de-hugo","status":"publish","type":"product","link":"http:\/\/www.hugoanywhere.ca\/fr\/produits\/ambulateur-explore-de-hugo\/","title":{"rendered":"Ambulateur eXplore de Hugo\u00ae"},"content":{"rendered":"<p>Ambulateur l\u00e9ger facile \u00e0 plier<br \/>\nLa marchette \u00e0 4 roues eXplore se plie tout petit, est facile \u00e0 ranger et reste debout lorsqu\u2019elle est pli\u00e9e !<\/p>\n<p>20 pourcent plus l\u00e9ger que les d\u00e9ambulateurs comparables de la comp\u00e9tition, cet ambulateur est muni de poign\u00e9es ergonomiques coussin\u00e9es ajustables en hauteur qui positionnent vos mains \u00e0 un angle naturel, de quatre grandes roues, un si\u00e8ge rembourr\u00e9 et des freins qui se verrouillent pour plus de s\u00e9curit\u00e9 lorsque vous \u00eates assis.<\/p>\n<div id=\"attachment_11639\" style=\"width: 310px\" class=\"wp-caption alignright\"><a href=\"http:\/\/www.hugoanywhere.com\/blog\/wp-content\/uploads\/2014\/06\/700-977_backrest_1015.jpg\" rel=\"attachment wp-att-11639\"><img loading=\"lazy\" decoding=\"async\" aria-describedby=\"caption-attachment-11639\" src=\"http:\/\/www.hugoanywhere.com\/blog\/wp-content\/uploads\/2014\/06\/700-977_backrest_1015-300x145.jpg\" alt=\"Dossier pleine grandeur confortable\" width=\"300\" height=\"145\" class=\"size-medium wp-image-11639\" \/><\/a><p id=\"caption-attachment-11639\" class=\"wp-caption-text\">Dossier pleine grandeur confortable<\/p><\/div>\n<p>Pour le summum du confort, ne cherchez pas plus loin que ce grand dossier ergonomique confortable. De plus, le panier amovible en tissu, lavable \u00e0 la machine, se plie facilement et en m\u00eame temps lorsque l&rsquo;on ferme le d\u00e9ambulateur. Il suffit de tirer la sangle du si\u00e8ge pour plier. Une fois pli\u00e9, l&rsquo;ambulateur Explore reste debout sans aide pour un rangement facile.<\/p>\n<p>Nos poign\u00e9es ergonomiques enti\u00e8rement r\u00e9vis\u00e9es sont en train de red\u00e9finir le confort sur le march\u00e9 de l&rsquo;ambulateur. Leur conception brevet\u00e9e se caract\u00e9rise par une bosse unique qui s&rsquo;int\u00e8gre naturellement dans la paume de votre main. Le caoutchouc mou moul\u00e9 sur la partie dure de la poign\u00e9e est non seulement attrayant \u00e0 l&rsquo;\u0153il, il contribue aussi \u00e0 absorber les vibrations. De plus, les poign\u00e9es sont inclin\u00e9es de telle sorte que les poignets sont plac\u00e9s de fa\u00e7on naturelle, ce qui permet un meilleur acc\u00e8s aux freins. Vous vous sentirez la diff\u00e9rence \u00e0 chaque pas !<\/p>\n<ul>\n<li><strong>Article: 700-977, noir perle<br \/>\n\tArticle: 700-981, rouge grenat<\/strong><\/li>\n<li>Il suffit de tirer sur la poign\u00e9e du si\u00e8ge pour plier facilement l&rsquo;ambulateur et le ranger.<\/li>\n<li>L&rsquo;ambulateur se verrouille automatiquement lorsqu&rsquo;il est d\u00e9pli\u00e9.<\/li>\n<li>Les freins se verrouillent facilement, ce qui permet de s&rsquo;assoir de fa\u00e7on s\u00e9curitaire<\/li>\n<li>Sac sous le si\u00e8ge<\/li>\n<li>Poign\u00e9es ergonomiques confortables<\/li>\n<div id=\"attachment_11640\" style=\"width: 310px\" class=\"wp-caption alignright\"><a href=\"http:\/\/www.hugoanywhere.com\/blog\/wp-content\/uploads\/2014\/06\/700-977_folding_1015.jpg\" rel=\"attachment wp-att-11640\"><img loading=\"lazy\" decoding=\"async\" aria-describedby=\"caption-attachment-11640\" src=\"http:\/\/www.hugoanywhere.com\/blog\/wp-content\/uploads\/2014\/06\/700-977_folding_1015-300x145.jpg\" alt=\"Hugo Explore, se plie facilement\" width=\"300\" height=\"145\" class=\"size-medium wp-image-11640\" \/><\/a><p id=\"caption-attachment-11640\" class=\"wp-caption-text\">Hugo Explore, se plie facilement<\/p><\/div>\n<li>Poign\u00e9es ajustables en hauteur<\/li>\n<li>Le si\u00e8ge rembourr\u00e9 et l&rsquo;appui-dos confortable vous permettent de faire une pause.<\/li>\n<li>Robuste et l\u00e9ger 6,9 kg (15,4 livres), il est jusqu&rsquo;\u00e0 20% plus l\u00e9ger que la comp\u00e9tition<\/li>\n<li>Roues de 20,3 cm (8 po) pour une utilisation \u00e0 l&rsquo;int\u00e9rieur ou \u00e0 l&rsquo;ext\u00e9rieur.<\/li>\n<li>S&rsquo;assemble facilement<\/li>\n<li>Se transporte et s&rsquo;entrepose facilement dans une garde-robe ou dans un coffre d&rsquo;automobile.<\/li>\n<li>L&rsquo;ambulateur se verrouille automatiquement lorsqu&rsquo;il est d\u00e9pli\u00e9. <\/li>\n<li>Capacit\u00e9 de poids : 136 kg (300 livres)<\/li>\n<\/ul>\n<div class=\"fusion-sep-clear\"><\/div><div class=\"fusion-separator fusion-full-width-sep sep-shadow\" style=\"background:radial-gradient(ellipse at 50% -50% , #e0dede 0px, rgba(255, 255, 255, 0) 80%) repeat scroll 0 0 rgba(0, 0, 0, 0);background:-webkit-radial-gradient(ellipse at 50% -50% , #e0dede 0px, rgba(255, 255, 255, 0) 80%) repeat scroll 0 0 rgba(0, 0, 0, 0);background:-moz-radial-gradient(ellipse at 50% -50% , #e0dede 0px, rgba(255, 255, 255, 0) 80%) repeat scroll 0 0 rgba(0, 0, 0, 0);background:-o-radial-gradient(ellipse at 50% -50% , #e0dede 0px, rgba(255, 255, 255, 0) 80%) repeat scroll 0 0 rgba(0, 0, 0, 0);margin-left: auto;margin-right: auto;margin-top:20px;margin-bottom:20px;\"><\/div>\n<p><strong>Specifications:<\/strong><br \/>\n<div id=\"attachment_1053\" style=\"width: 689px\" class=\"wp-caption alignnone\"><a href=\"http:\/\/www.hugoanywhere.ca\/en\/wp-content\/uploads\/2015\/03\/Explore-spec-chart.jpg\"><img loading=\"lazy\" decoding=\"async\" aria-describedby=\"caption-attachment-1053\" src=\"http:\/\/www.hugoanywhere.ca\/en\/wp-content\/uploads\/2015\/03\/Explore-spec-chart.jpg\" alt=\"Ambulateur Hugo Explore, sp\u00e9cifications\" width=\"679\" height=\"211\" class=\"size-full wp-image-1053\" \/><\/a><p id=\"caption-attachment-1053\" class=\"wp-caption-text\">Ambulateur Hugo Explore, sp\u00e9cifications<\/p><\/div><\/p>\n<p><em>*Veuillez noter : la taille de l&rsquo;utilisateur indiqu\u00e9e ci-haut est une recommandation \u00e9tablie \u00e0 partir des normes ISO. Pour une recommandation personnalis\u00e9e, consultez un professionnel de la sant\u00e9.<\/em><\/p>\n<div class=\"fusion-sep-clear\"><\/div><div class=\"fusion-separator fusion-full-width-sep sep-shadow\" style=\"background:radial-gradient(ellipse at 50% -50% , #e0dede 0px, rgba(255, 255, 255, 0) 80%) repeat scroll 0 0 rgba(0, 0, 0, 0);background:-webkit-radial-gradient(ellipse at 50% -50% , #e0dede 0px, rgba(255, 255, 255, 0) 80%) repeat scroll 0 0 rgba(0, 0, 0, 0);background:-moz-radial-gradient(ellipse at 50% -50% , #e0dede 0px, rgba(255, 255, 255, 0) 80%) repeat scroll 0 0 rgba(0, 0, 0, 0);background:-o-radial-gradient(ellipse at 50% -50% , #e0dede 0px, rgba(255, 255, 255, 0) 80%) repeat scroll 0 0 rgba(0, 0, 0, 0);margin-left: auto;margin-right: auto;margin-top:20px;margin-bottom:20px;\"><\/div>\n<p><strong>Garantie: <\/strong>Garantie limit\u00e9e de 3 ans sur le ch\u00e2ssis, garantie limit\u00e9e d&rsquo;un (1) an sur toutes les autres pi\u00e8ces.<\/p>\n<div class=\"fusion-sep-clear\"><\/div><div class=\"fusion-separator fusion-full-width-sep sep-shadow\" style=\"background:radial-gradient(ellipse at 50% -50% , #e0dede 0px, rgba(255, 255, 255, 0) 80%) repeat scroll 0 0 rgba(0, 0, 0, 0);background:-webkit-radial-gradient(ellipse at 50% -50% , #e0dede 0px, rgba(255, 255, 255, 0) 80%) repeat scroll 0 0 rgba(0, 0, 0, 0);background:-moz-radial-gradient(ellipse at 50% -50% , #e0dede 0px, rgba(255, 255, 255, 0) 80%) repeat scroll 0 0 rgba(0, 0, 0, 0);background:-o-radial-gradient(ellipse at 50% -50% , #e0dede 0px, rgba(255, 255, 255, 0) 80%) repeat scroll 0 0 rgba(0, 0, 0, 0);margin-left: auto;margin-right: auto;margin-top:20px;margin-bottom:20px;\"><\/div>\n<p><strong>Diagrammes d&rsquo;assemblage et listes de localisations des pi\u00e8ces (fichiers pdf)<\/strong><br \/>\n<a href=\"http:\/\/www.amgmedical.com\/site\/parts\/700-977R2f.pdf\" target=\"_blank\">pour l&rsquo;ambulateur Explore Perle noire, 700-977 Rev 2.0<\/a><br \/>\n<a href=\"http:\/\/www.amgmedical.com\/site\/parts\/700-981R2f.pdf\" target=\"_blank\">pour l&rsquo;ambulateur Explore Rouge grenat, 700-981 Rev 2.0<\/a><\/p>\n","protected":false},"excerpt":{"rendered":"<p>Ambulateur l\u00e9ger facile \u00e0 plier<br \/>\nLa marchette \u00e0 4 roues eXplore se plie tout petit, est facile \u00e0 ranger et reste debout lorsqu\u2019elle est pli\u00e9e !<\/p>\n","protected":false},"featured_media":1046,"comment_status":"open","ping_status":"closed","template":"","meta":[],"product_cat":[67],"product_tag":[],"class_list":{"0":"post-764","1":"product","2":"type-product","3":"status-publish","4":"has-post-thumbnail","6":"product_cat-ambulateurs","8":"first","9":"instock","10":"shipping-taxable","11":"product-type-simple"},"_links":{"self":[{"href":"http:\/\/www.hugoanywhere.ca\/fr\/wp-json\/wp\/v2\/product\/764"}],"collection":[{"href":"http:\/\/www.hugoanywhere.ca\/fr\/wp-json\/wp\/v2\/product"}],"about":[{"href":"http:\/\/www.hugoanywhere.ca\/fr\/wp-json\/wp\/v2\/types\/product"}],"replies":[{"embeddable":true,"href":"http:\/\/www.hugoanywhere.ca\/fr\/wp-json\/wp\/v2\/comments?post=764"}],"wp:featuredmedia":[{"embeddable":true,"href":"http:\/\/www.hugoanywhere.ca\/fr\/wp-json\/wp\/v2\/media\/1046"}],"wp:attachment":[{"href":"http:\/\/www.hugoanywhere.ca\/fr\/wp-json\/wp\/v2\/media?parent=764"}],"wp:term":[{"taxonomy":"product_cat","embeddable":true,"href":"http:\/\/www.hugoanywhere.ca\/fr\/wp-json\/wp\/v2\/product_cat?post=764"},{"taxonomy":"product_tag","embeddable":true,"href":"http:\/\/www.hugoanywhere.ca\/fr\/wp-json\/wp\/v2\/product_tag?post=764"}],"curies":[{"name":"wp","href":"https:\/\/api.w.org\/{rel}","templated":true}]}}