{"id":952,"date":"2015-10-14T14:40:03","date_gmt":"2015-10-14T18:40:03","guid":{"rendered":"http:\/\/www.hugoanywhere.ca\/fr\/?post_type=product&#038;p=952"},"modified":"2015-12-17T11:05:57","modified_gmt":"2015-12-17T16:05:57","slug":"marchette-legere-facile-a-plier-de-hugo-rouge","status":"publish","type":"product","link":"http:\/\/www.hugoanywhere.ca\/fr\/produits\/marchette-legere-facile-a-plier-de-hugo-rouge\/","title":{"rendered":"Marchette l\u00e9g\u00e8re facile \u00e0 plier de Hugo\u00ae, rouge"},"content":{"rendered":"<div id=\"attachment_1128\" style=\"width: 211px\" class=\"wp-caption alignright\"><a href=\"http:\/\/www.hugoanywhere.ca\/en\/wp-content\/uploads\/2015\/06\/Hugo-folding-walker-770-265-Red.jpg\"><img loading=\"lazy\" decoding=\"async\" aria-describedby=\"caption-attachment-1128\" src=\"http:\/\/www.hugoanywhere.ca\/en\/wp-content\/uploads\/2015\/06\/Hugo-folding-walker-770-265-Red-201x300.jpg\" alt=\"Marchette pliable Hugo\u00ae, rouge\" width=\"201\" height=\"300\" class=\"size-medium wp-image-1128\" \/><\/a><p id=\"caption-attachment-1128\" class=\"wp-caption-text\">Marchette pliable Hugo\u00ae, rouge<\/p><\/div>\n<h4>Marchez avec style avec cette marchette pour adulte, l\u00e9g\u00e8re et compacte. Ce cadre de marche pour adulte vous permet de vous d\u00e9placer ais\u00e9ment !<\/h4>\n<p><strong>Prime incluse :<br \/>\nRoues de 12,7 cm (5 po) et skis. Ils permettent \u00e0 cette marchette en aluminium de glisser ais\u00e9ment sur la plupart des surfaces. <\/strong><\/p>\n<p>La marchette pliable de Hugo\u00ae offre une stabilit\u00e9 fiable et un soutien \u00e0 la marche tant \u00e0 l&rsquo;int\u00e9rieur qu&rsquo;\u00e0 l&rsquo;ext\u00e9rieur, elle est la compagne id\u00e9ale si vous avez besoin de stabilit\u00e9 et de soutien tout en marchant.<\/p>\n<p>Ce cadre de marche d\u00e9ambulateur est capable de soutenir jusqu&rsquo;\u00e0 136 kg (300 livres), mais ne pese pourtant que seulement 2,7 kg (6 livres). Cette marchette pliante pour adulte est fabriqu\u00e9e \u00e0 partir d&rsquo;aluminium de qualit\u00e9 a\u00e9ronautique afin de vous offrir une durabilit\u00e9 ultral\u00e9g\u00e8re.<\/p>\n<p>Les caract\u00e9ristiques ergonomiques de la Marchette l\u00e9g\u00e8re facile \u00e0 plier de Hugo\u00ae sont id\u00e9ales tant pour un usage quotidien que pour une utilisation pendant les voyages. Les poign\u00e9es offrent une surface \u00e0 prise sure et confortable et aident \u00e0 r\u00e9duire le stress sur vos poignets, tandis que les embouts \u00e0 haute traction des pattes de la marchette pour adulte de Hugo\u00ae aident \u00e0 la stabilit\u00e9 de votre d\u00e9marche.<br \/>\n<div id=\"attachment_1129\" style=\"width: 310px\" class=\"wp-caption alignright\"><a href=\"http:\/\/www.hugoanywhere.ca\/en\/wp-content\/uploads\/2015\/06\/770-265_wheel_glides.jpg\"><img loading=\"lazy\" decoding=\"async\" aria-describedby=\"caption-attachment-1129\" src=\"http:\/\/www.hugoanywhere.ca\/en\/wp-content\/uploads\/2015\/06\/770-265_wheel_glides-300x300.jpg\" alt=\"Prime incluse : Roues de 12,7 cm (5 po) et skis. Ils permettent \u00e0 cette marchette pour personne ag\u00e9e de glisser ais\u00e9ment sur la plupart des surfaces\" width=\"300\" height=\"300\" class=\"size-medium wp-image-1129\" \/><\/a><p id=\"caption-attachment-1129\" class=\"wp-caption-text\">Prime incluse : Roues de 12,7&nbsp;cm (5 po) et skis.<\/strong><br \/>Ils permettent \u00e0 cette marchette pour personne ag\u00e9e de glisser ais\u00e9ment sur la plupart des surfaces.<\/p><\/div><\/p>\n<p>Cette marchette pour adulte peut \u00eatre ajust\u00e9e en hauteur et se plie facilement au simple toucher d&rsquo;un bouton. Des sacs de rangement prot\u00e8gent vos biens, les garde organis\u00e9s et accessibles.<\/p>\n<p>Lorsque vous n&rsquo;utilisez pas la Marchette pliable de Hugo\u00ae, celle-ci se plie au simple toucher d&rsquo;un bouton et occupe une largeur d\u2019\u00e0 peine 10 cm (4 pouces) ! Ce cadre de marche s\u2019entrepose facilement et discr\u00e8tement, m\u00eame dans des espaces r\u00e9duits.<\/p>\n<p>La marchette Hugo\u00ae offre le support et la stabilit\u00e9 quand vous en avez besoin, \u00e0 l\u2019int\u00e9rieur comme \u00e0 l\u2019ext\u00e9rieur. L\u00e9g\u00e8re et compacte, elle est votre accessoire de voyage id\u00e9al. Allez o\u00f9 vous voulez, avec style et confiance.<\/p>\n<ul>\n<li>Conception l\u00e9g\u00e8re et robuste, \u00e0 la fois stable et facile \u00e0 manier <\/li>\n<li>Largeur pli\u00e9e : 10,2 cm (4 po), donc facile \u00e0 ranger et \u00e0 transporter <\/li>\n<li>Gros embouts en caoutchouc pour plus d&rsquo;adh\u00e9rence et de contr\u00f4le <\/li>\n<li>Assemblage facile et rapide, sans outils <\/li>\n<li>Ch\u00e2ssis l\u00e9ger supportant jusqu&rsquo;\u00e0 136 kg (300 livres)<\/li>\n<li>Ajustable en hauteur, s&rsquo;adapte \u00e0 la majorit\u00e9 des personnes mesurant entre <br \/>155 et 193 cm (5&rsquo;1&Prime; et 6&rsquo;4&Prime;)<\/li>\n<div id=\"attachment_1130\" style=\"width: 310px\" class=\"wp-caption alignright\"><a href=\"http:\/\/www.hugoanywhere.ca\/en\/wp-content\/uploads\/2015\/06\/770-265_deluxe-accessory-bags.jpg\"><img loading=\"lazy\" decoding=\"async\" aria-describedby=\"caption-attachment-1130\" src=\"http:\/\/www.hugoanywhere.ca\/en\/wp-content\/uploads\/2015\/06\/770-265_deluxe-accessory-bags-300x157.jpg\" alt=\"Sacs de rangement pratiques pour la Marchette l\u00e9g\u00e8re facile \u00e0 plier de Hugo\u00ae\" width=\"300\" height=\"157\" class=\"size-medium wp-image-1130\" \/><\/a><p id=\"caption-attachment-1130\" class=\"wp-caption-text\">Sacs de rangement pratiques pour la Marchette l\u00e9g\u00e8re facile \u00e0 plier de Hugo\u00ae<\/p><\/div>\n<li>Se plie ais\u00e9ment \u00e0 l&rsquo;aide du bouton \u00ab une touche \u00bb <\/li>\n<li>Sacs de rangement pratiques sur les c\u00f4t\u00e9s <\/li>\n<li>Poign\u00e9es confortables offrant une surface \u00e0 prise s\u00fbre<\/li>\n<li>Facile \u00e0 transporter et \u00e0 entreposer dans l&rsquo;auto ou un placard   <\/li>\n<li>L\u00e9g\u00e8re et facile \u00e0 lever, seulement 2,7 kg (6 livres)<\/li>\n<\/ul>\n<div class=\"fusion-sep-clear\"><\/div><div class=\"fusion-separator fusion-full-width-sep sep-shadow\" style=\"background:radial-gradient(ellipse at 50% -50% , #e0dede 0px, rgba(255, 255, 255, 0) 80%) repeat scroll 0 0 rgba(0, 0, 0, 0);background:-webkit-radial-gradient(ellipse at 50% -50% , #e0dede 0px, rgba(255, 255, 255, 0) 80%) repeat scroll 0 0 rgba(0, 0, 0, 0);background:-moz-radial-gradient(ellipse at 50% -50% , #e0dede 0px, rgba(255, 255, 255, 0) 80%) repeat scroll 0 0 rgba(0, 0, 0, 0);background:-o-radial-gradient(ellipse at 50% -50% , #e0dede 0px, rgba(255, 255, 255, 0) 80%) repeat scroll 0 0 rgba(0, 0, 0, 0);margin-left: auto;margin-right: auto;margin-top:20px;margin-bottom:20px;\"><\/div>\n<h3>Diagrammes d&rsquo;assemblage et listes de localisations des pi\u00e8ces:<\/h3>\n<p><a href=\"http:\/\/www.amgmedical.com\/site\/parts\/770-265R1-1f.pdf\" target=\"_blank\">Pour les marchettes Hugo R\u00e9v. 1.1, rouge<\/a><\/p>\n<div class=\"fusion-sep-clear\"><\/div><div class=\"fusion-separator fusion-full-width-sep sep-shadow\" style=\"background:radial-gradient(ellipse at 50% -50% , #e0dede 0px, rgba(255, 255, 255, 0) 80%) repeat scroll 0 0 rgba(0, 0, 0, 0);background:-webkit-radial-gradient(ellipse at 50% -50% , #e0dede 0px, rgba(255, 255, 255, 0) 80%) repeat scroll 0 0 rgba(0, 0, 0, 0);background:-moz-radial-gradient(ellipse at 50% -50% , #e0dede 0px, rgba(255, 255, 255, 0) 80%) repeat scroll 0 0 rgba(0, 0, 0, 0);background:-o-radial-gradient(ellipse at 50% -50% , #e0dede 0px, rgba(255, 255, 255, 0) 80%) repeat scroll 0 0 rgba(0, 0, 0, 0);margin-left: auto;margin-right: auto;margin-top:20px;margin-bottom:20px;\"><\/div>\n<h3>Sp\u00e9cifications<\/h3>\n<p>Sp\u00e9cifications pour la Marchette l\u00e9g\u00e8re facile \u00e0 plier au seul toucher d&rsquo;un bouton de Hugo\u00ae<\/p>\n<p><img loading=\"lazy\" decoding=\"async\" src=\"\/hugo-images\/770-260-specs_f.jpg\" width=\"307\" height=\"101\" alt=\"Sp\u00e9cifications pour la Marchette l\u00e9g\u00e8re facile \u00e0 plier au seul toucher d'un bouton de Hugo\u00ae\" title=\"Sp\u00e9cifications pour la Marchette l\u00e9g\u00e8re facile \u00e0 plier au seul toucher d'un bouton de Hugo\u00ae\"><br \/>\nVeuillez noter : la taille de l\u2019utilisateur indiqu\u00e9e ci-haut est une recommandation \u00e9tablie \u00e0 partir des normes ISO. Pour une recommandation personnalis\u00e9e, consultez un professionnel de la sant\u00e9.<\/p>\n<div class=\"fusion-sep-clear\"><\/div><div class=\"fusion-separator fusion-full-width-sep sep-shadow\" style=\"background:radial-gradient(ellipse at 50% -50% , #e0dede 0px, rgba(255, 255, 255, 0) 80%) repeat scroll 0 0 rgba(0, 0, 0, 0);background:-webkit-radial-gradient(ellipse at 50% -50% , #e0dede 0px, rgba(255, 255, 255, 0) 80%) repeat scroll 0 0 rgba(0, 0, 0, 0);background:-moz-radial-gradient(ellipse at 50% -50% , #e0dede 0px, rgba(255, 255, 255, 0) 80%) repeat scroll 0 0 rgba(0, 0, 0, 0);background:-o-radial-gradient(ellipse at 50% -50% , #e0dede 0px, rgba(255, 255, 255, 0) 80%) repeat scroll 0 0 rgba(0, 0, 0, 0);margin-left: auto;margin-right: auto;margin-top:20px;margin-bottom:20px;\"><\/div>\n<h3>Mode d\u2019emploi (fichier pdf)<\/h3>\n<p><strong><\/p>\n<p><a href=\"http:\/\/www.amgmedical.com\/site\/Manuals\/770-260-770-265_ins.pdf\" target=\"_blank\">Pour la Marchette l\u00e9g\u00e8re pliable de Hugo\u00ae<\/a><\/p>\n<p><\/strong><\/p>\n<div class=\"fusion-sep-clear\"><\/div><div class=\"fusion-separator fusion-full-width-sep sep-shadow\" style=\"background:radial-gradient(ellipse at 50% -50% , #e0dede 0px, rgba(255, 255, 255, 0) 80%) repeat scroll 0 0 rgba(0, 0, 0, 0);background:-webkit-radial-gradient(ellipse at 50% -50% , #e0dede 0px, rgba(255, 255, 255, 0) 80%) repeat scroll 0 0 rgba(0, 0, 0, 0);background:-moz-radial-gradient(ellipse at 50% -50% , #e0dede 0px, rgba(255, 255, 255, 0) 80%) repeat scroll 0 0 rgba(0, 0, 0, 0);background:-o-radial-gradient(ellipse at 50% -50% , #e0dede 0px, rgba(255, 255, 255, 0) 80%) repeat scroll 0 0 rgba(0, 0, 0, 0);margin-left: auto;margin-right: auto;margin-top:20px;margin-bottom:20px;\"><\/div>\n<h3>Garantie<\/h3>\n<p>Garantie limit\u00e9e de trois (3) ans pour le ch\u00e2ssis et de un (1) an pour toutes les autres pi\u00e8ces.<\/p>\n<div class=\"fusion-sep-clear\"><\/div><div class=\"fusion-separator fusion-full-width-sep sep-shadow\" style=\"background:radial-gradient(ellipse at 50% -50% , #e0dede 0px, rgba(255, 255, 255, 0) 80%) repeat scroll 0 0 rgba(0, 0, 0, 0);background:-webkit-radial-gradient(ellipse at 50% -50% , #e0dede 0px, rgba(255, 255, 255, 0) 80%) repeat scroll 0 0 rgba(0, 0, 0, 0);background:-moz-radial-gradient(ellipse at 50% -50% , #e0dede 0px, rgba(255, 255, 255, 0) 80%) repeat scroll 0 0 rgba(0, 0, 0, 0);background:-o-radial-gradient(ellipse at 50% -50% , #e0dede 0px, rgba(255, 255, 255, 0) 80%) repeat scroll 0 0 rgba(0, 0, 0, 0);margin-left: auto;margin-right: auto;margin-top:20px;margin-bottom:20px;\"><\/div>\n<h3>Informations sur le produit<\/h3>\n<p><strong>Marchette l\u00e9g\u00e8re facile \u00e0 plier de Hugo\u00ae<\/strong><br \/>\nMarchez avec style avec cette marchette l\u00e9g\u00e8re et compacte. Cette marchette vous permet de vous d\u00e9placer ais\u00e9ment !<br \/>\nCouleur : Rouge<br \/>\n<strong>Article no : 770-265<\/strong><\/p>\n<div class=\"fusion-sep-clear\"><\/div><div class=\"fusion-separator fusion-full-width-sep sep-shadow\" style=\"background:radial-gradient(ellipse at 50% -50% , #e0dede 0px, rgba(255, 255, 255, 0) 80%) repeat scroll 0 0 rgba(0, 0, 0, 0);background:-webkit-radial-gradient(ellipse at 50% -50% , #e0dede 0px, rgba(255, 255, 255, 0) 80%) repeat scroll 0 0 rgba(0, 0, 0, 0);background:-moz-radial-gradient(ellipse at 50% -50% , #e0dede 0px, rgba(255, 255, 255, 0) 80%) repeat scroll 0 0 rgba(0, 0, 0, 0);background:-o-radial-gradient(ellipse at 50% -50% , #e0dede 0px, rgba(255, 255, 255, 0) 80%) repeat scroll 0 0 rgba(0, 0, 0, 0);margin-left: auto;margin-right: auto;margin-top:20px;margin-bottom:20px;\"><\/div>\n<h3>Soci\u00e9t\u00e9 canadienne de la scl\u00e9rose en plaques<\/h3>\n<p><img loading=\"lazy\" decoding=\"async\" src=\"http:\/\/www.amgmedical.com\/specials\/OtherIM\/MS_SP_Sticker5.gif\" alt=\"Soci\u00e9t\u00e9 canadienne de la scl\u00e9rose en plaques\" title=\"Soci\u00e9t\u00e9 canadienne de la scl\u00e9rose en plaques\" width=\"300\" height=\"127\" border=\"0\" class=\"imagesdroite\" style=\"padding-bottom:50px; position:relative; top:-10px;\">Nous sommes fiers d&rsquo;annoncer notre partenariat avec la Soci\u00e9t\u00e9 canadienne de la scl\u00e9rose en plaques.<\/p>\n<p>Depuis 2009, une partie du produit de la vente des cannes Hugo<sup>\u00ae<\/sup> et des ambulateurs Hugo<sup>\u00ae<\/sup> est donn\u00e9e \u00e0 la <a href=\"http:\/\/www.scleroseenplaques.ca\/\">Soci\u00e9t\u00e9 canadienne de la scl\u00e9rose en plaques<\/a>. Cette derni\u00e8re apporte son soutien, \u00e0 travers tout le Canada, aux personnes qui souffrent de la scl\u00e9rose en plaques.<\/p>\n","protected":false},"excerpt":{"rendered":"<p> [&hellip;]<\/p>\n","protected":false},"featured_media":950,"comment_status":"open","ping_status":"closed","template":"","meta":[],"product_cat":[74],"product_tag":[],"class_list":{"0":"post-952","1":"product","2":"type-product","3":"status-publish","4":"has-post-thumbnail","6":"product_cat-marchettes","8":"first","9":"instock","10":"shipping-taxable","11":"product-type-simple"},"_links":{"self":[{"href":"http:\/\/www.hugoanywhere.ca\/fr\/wp-json\/wp\/v2\/product\/952"}],"collection":[{"href":"http:\/\/www.hugoanywhere.ca\/fr\/wp-json\/wp\/v2\/product"}],"about":[{"href":"http:\/\/www.hugoanywhere.ca\/fr\/wp-json\/wp\/v2\/types\/product"}],"replies":[{"embeddable":true,"href":"http:\/\/www.hugoanywhere.ca\/fr\/wp-json\/wp\/v2\/comments?post=952"}],"wp:featuredmedia":[{"embeddable":true,"href":"http:\/\/www.hugoanywhere.ca\/fr\/wp-json\/wp\/v2\/media\/950"}],"wp:attachment":[{"href":"http:\/\/www.hugoanywhere.ca\/fr\/wp-json\/wp\/v2\/media?parent=952"}],"wp:term":[{"taxonomy":"product_cat","embeddable":true,"href":"http:\/\/www.hugoanywhere.ca\/fr\/wp-json\/wp\/v2\/product_cat?post=952"},{"taxonomy":"product_tag","embeddable":true,"href":"http:\/\/www.hugoanywhere.ca\/fr\/wp-json\/wp\/v2\/product_tag?post=952"}],"curies":[{"name":"wp","href":"https:\/\/api.w.org\/{rel}","templated":true}]}}