{"id":964,"date":"2015-12-09T15:12:10","date_gmt":"2015-12-09T20:12:10","guid":{"rendered":"http:\/\/www.hugoanywhere.ca\/fr\/?post_type=product&#038;p=964"},"modified":"2015-12-09T15:15:24","modified_gmt":"2015-12-09T20:15:24","slug":"combine-fauteuil-de-transport-et-ambulateur-a-pliage-lateral-hugo-navigator","status":"publish","type":"product","link":"http:\/\/www.hugoanywhere.ca\/fr\/produits\/combine-fauteuil-de-transport-et-ambulateur-a-pliage-lateral-hugo-navigator\/","title":{"rendered":"Combin\u00e9 fauteuil de transport et ambulateur \u00e0 pliage lat\u00e9ral, Hugo\u00ae Navigator\u2122"},"content":{"rendered":"<p><div id=\"attachment_966\" style=\"width: 310px\" class=\"wp-caption alignright\"><a href=\"http:\/\/www.hugoanywhere.ca\/fr\/wp-content\/uploads\/2015\/12\/793-943_Rollator.jpg\"><img loading=\"lazy\" decoding=\"async\" aria-describedby=\"caption-attachment-966\" src=\"http:\/\/www.hugoanywhere.ca\/fr\/wp-content\/uploads\/2015\/12\/793-943_Rollator-300x300.jpg\" alt=\"Le Navigator de Hugo en mode ambulateur\" width=\"300\" height=\"300\" class=\"size-medium wp-image-966\" srcset=\"http:\/\/www.hugoanywhere.ca\/fr\/wp-content\/uploads\/2015\/12\/793-943_Rollator-66x66.jpg 66w, http:\/\/www.hugoanywhere.ca\/fr\/wp-content\/uploads\/2015\/12\/793-943_Rollator-100x100.jpg 100w, http:\/\/www.hugoanywhere.ca\/fr\/wp-content\/uploads\/2015\/12\/793-943_Rollator-150x150.jpg 150w, http:\/\/www.hugoanywhere.ca\/fr\/wp-content\/uploads\/2015\/12\/793-943_Rollator-300x300.jpg 300w, http:\/\/www.hugoanywhere.ca\/fr\/wp-content\/uploads\/2015\/12\/793-943_Rollator-500x500.jpg 500w, http:\/\/www.hugoanywhere.ca\/fr\/wp-content\/uploads\/2015\/12\/793-943_Rollator.jpg 1000w\" sizes=\"(max-width: 300px) 100vw, 300px\" \/><\/a><p id=\"caption-attachment-966\" class=\"wp-caption-text\">Le Navigator de Hugo en mode ambulateur<\/p><\/div><strong>Un combin\u00e9 2 en 1 l\u00e9ger : fauteuil de transport et ambulateur \u00e0 pliage lat\u00e9ral !<\/strong><\/p>\n<p>Le fauteuil de transport \/ ambulateur \u00e0 pliage lat\u00e9ral Hugo\u00ae Navigator\u2122 a \u00e9t\u00e9 enti\u00e8rement repens\u00e9 afin de vous permettre de rester ind\u00e9pendant en vous fournissant un appareil de mobilit\u00e9 ayant un design l\u00e9ger et une stabilit\u00e9 in\u00e9gal\u00e9e et qui vous donne la confiance n\u00e9cessaire pour aller l\u00e0 o\u00f9 vous voulez. Et si jamais vous trouvez que vous vous \u00eates aventur\u00e9 trop loin, l\u2019Hugo\u00ae Navigator\u2122 se convertit facilement en fauteuil de transport de telle sorte qu\u2019un \u00eatre cher peut vous aider \u00e0 revenir \u00e0 la maison en confort et en style.<\/p>\n<ul>\n<li>Se replie facilement sur le c\u00f4t\u00e9 par une simple traction de la sangle !<\/li>\n<li>Fauteuil de transport et ambulateur \u00e0 pliage lat\u00e9ral l\u00e9ger combin\u00e9 en un seul design<\/li>\n<div id=\"attachment_967\" style=\"width: 310px\" class=\"wp-caption alignright\"><a href=\"http:\/\/www.hugoanywhere.ca\/fr\/wp-content\/uploads\/2015\/12\/793-943_TC.jpg\"><img loading=\"lazy\" decoding=\"async\" aria-describedby=\"caption-attachment-967\" src=\"http:\/\/www.hugoanywhere.ca\/fr\/wp-content\/uploads\/2015\/12\/793-943_TC-300x300.jpg\" alt=\"Le Navigator on mode fauteuil de transport\" width=\"300\" height=\"300\" class=\"size-medium wp-image-967\" srcset=\"http:\/\/www.hugoanywhere.ca\/fr\/wp-content\/uploads\/2015\/12\/793-943_TC-66x66.jpg 66w, http:\/\/www.hugoanywhere.ca\/fr\/wp-content\/uploads\/2015\/12\/793-943_TC-100x100.jpg 100w, http:\/\/www.hugoanywhere.ca\/fr\/wp-content\/uploads\/2015\/12\/793-943_TC-150x150.jpg 150w, http:\/\/www.hugoanywhere.ca\/fr\/wp-content\/uploads\/2015\/12\/793-943_TC-300x300.jpg 300w, http:\/\/www.hugoanywhere.ca\/fr\/wp-content\/uploads\/2015\/12\/793-943_TC-500x500.jpg 500w, http:\/\/www.hugoanywhere.ca\/fr\/wp-content\/uploads\/2015\/12\/793-943_TC.jpg 1000w\" sizes=\"(max-width: 300px) 100vw, 300px\" \/><\/a><p id=\"caption-attachment-967\" class=\"wp-caption-text\">Le Navigator on mode fauteuil de transport<\/p><\/div>\n<li>Le repose-pieds \u00ab Swing n&rsquo; Lock \u00bb (brevet en instance) se verrouille au ch\u00e2ssis une fois pli\u00e9  <\/li>\n<li>Le cadre se verrouille une fois pli\u00e9 pour plus de s\u00e9curit\u00e9 pendant le transport ou l&rsquo;entreposage  <\/li>\n<li>Si\u00e8ge rembourr\u00e9 et un dossier complet pour un confort sup\u00e9rieur  <\/li>\n<li>Deux accoudoirs permettent de reposer ses bras en mode assis ou transport  <\/li>\n<li>Roulements \u00e0 billes lisses et un centre de gravit\u00e9 am\u00e9lior\u00e9 permettent de pousser le fauteuil facilement  <\/li>\n<li>Poign\u00e9es ergonomiques Hugo au design unique s&rsquo;int\u00e8grent naturellement pour faciliter l&rsquo;acc\u00e8s aux freins  <\/li>\n<li>Muni de notre bouton de r\u00e9glage de frein convivial &#8211; permet un ajustement sans outils<\/li>\n<li>Ch\u00e2ssis l\u00e9ger. 7,75 kg net (17,1 livres) con\u00e7u pour une stabilit\u00e9 sup\u00e9rieure<\/li>\n<li>Le panier souple couvert peut \u00eatre retir\u00e9 et est lavable \u00e0 la machine<\/li>\n<li>Roues de 20 cm (8 po)  id\u00e9ales pour une utilisation tant \u00e0 l&rsquo;int\u00e9rieur qu&rsquo;\u00e0 l&rsquo;ext\u00e9rieur  <\/li>\n<li>Poids net (sans accessoires) :  7,75 kg (17,1 livres)<\/li>\n<li>Capacit\u00e9 de poids de 136 kg (300 livres) dans les deux modes : ambulateur ou fauteuil de transport<\/li>\n<\/ul>\n<p>Brevets : 2013219186, 2587989, 2807969, 101073530 B, 201310143711.X, 1990038, 2705818, 7828305, 8573610.<\/p>\n<div class=\"fusion-sep-clear\"><\/div><div class=\"fusion-separator fusion-full-width-sep sep-shadow\" style=\"background:radial-gradient(ellipse at 50% -50% , #e0dede 0px, rgba(255, 255, 255, 0) 80%) repeat scroll 0 0 rgba(0, 0, 0, 0);background:-webkit-radial-gradient(ellipse at 50% -50% , #e0dede 0px, rgba(255, 255, 255, 0) 80%) repeat scroll 0 0 rgba(0, 0, 0, 0);background:-moz-radial-gradient(ellipse at 50% -50% , #e0dede 0px, rgba(255, 255, 255, 0) 80%) repeat scroll 0 0 rgba(0, 0, 0, 0);background:-o-radial-gradient(ellipse at 50% -50% , #e0dede 0px, rgba(255, 255, 255, 0) 80%) repeat scroll 0 0 rgba(0, 0, 0, 0);margin-left: auto;margin-right: auto;margin-top:20px;margin-bottom:20px;\"><\/div>\n<h3>Sp\u00e9cifications<\/h3>\n<p><img loading=\"lazy\" decoding=\"async\" src=\"\/hugo-images\/793-943_Specs.jpg\" width=\"387\" height=\"96\" alt=\"Sp\u00e9cifications de l'Ambulateur \/ Fauteuil de transport Navigator\u2122 de Hugo\u00ae\" title=\"Sp\u00e9cifications de l'Ambulateur \/ Fauteuil de transport Navigator\u2122 de Hugo\u00ae\"><br \/>\nVeuillez noter : la taille de l&rsquo;utilisateur indiqu\u00e9e ci-haut est une recommandation \u00e9tablie \u00e0 partir des normes ISO. Pour une recommandation personnalis\u00e9e, consultez un professionnel de la sant\u00e9.<\/p>\n<div class=\"fusion-sep-clear\"><\/div><div class=\"fusion-separator fusion-full-width-sep sep-shadow\" style=\"background:radial-gradient(ellipse at 50% -50% , #e0dede 0px, rgba(255, 255, 255, 0) 80%) repeat scroll 0 0 rgba(0, 0, 0, 0);background:-webkit-radial-gradient(ellipse at 50% -50% , #e0dede 0px, rgba(255, 255, 255, 0) 80%) repeat scroll 0 0 rgba(0, 0, 0, 0);background:-moz-radial-gradient(ellipse at 50% -50% , #e0dede 0px, rgba(255, 255, 255, 0) 80%) repeat scroll 0 0 rgba(0, 0, 0, 0);background:-o-radial-gradient(ellipse at 50% -50% , #e0dede 0px, rgba(255, 255, 255, 0) 80%) repeat scroll 0 0 rgba(0, 0, 0, 0);margin-left: auto;margin-right: auto;margin-top:20px;margin-bottom:20px;\"><\/div>\n<h3>Mode d\u2019emploi (fichier pdf)<\/h3>\n<p><strong><\/p>\n<p><a href=\"http:\/\/www.amgmedical.com\/site\/Manuals\/793-943ins.pdf\" target=\"_blank\">pour le d\u00e9ambulateur Navigator\u2122 de Hugo\u00ae<\/a><\/p>\n<p><\/strong><\/p>\n<div class=\"fusion-sep-clear\"><\/div><div class=\"fusion-separator fusion-full-width-sep sep-shadow\" style=\"background:radial-gradient(ellipse at 50% -50% , #e0dede 0px, rgba(255, 255, 255, 0) 80%) repeat scroll 0 0 rgba(0, 0, 0, 0);background:-webkit-radial-gradient(ellipse at 50% -50% , #e0dede 0px, rgba(255, 255, 255, 0) 80%) repeat scroll 0 0 rgba(0, 0, 0, 0);background:-moz-radial-gradient(ellipse at 50% -50% , #e0dede 0px, rgba(255, 255, 255, 0) 80%) repeat scroll 0 0 rgba(0, 0, 0, 0);background:-o-radial-gradient(ellipse at 50% -50% , #e0dede 0px, rgba(255, 255, 255, 0) 80%) repeat scroll 0 0 rgba(0, 0, 0, 0);margin-left: auto;margin-right: auto;margin-top:20px;margin-bottom:20px;\"><\/div>\n<h3>Garantie<\/h3>\n<p>Garantie: limit\u00e9e \u00e0 3 ans pour le ch\u00e2ssis, 1 an pour les pi\u00e8ces et 90 jours pour tous les autres \u00e9l\u00e9ments.<\/p>\n<div class=\"fusion-sep-clear\"><\/div><div class=\"fusion-separator fusion-full-width-sep sep-shadow\" style=\"background:radial-gradient(ellipse at 50% -50% , #e0dede 0px, rgba(255, 255, 255, 0) 80%) repeat scroll 0 0 rgba(0, 0, 0, 0);background:-webkit-radial-gradient(ellipse at 50% -50% , #e0dede 0px, rgba(255, 255, 255, 0) 80%) repeat scroll 0 0 rgba(0, 0, 0, 0);background:-moz-radial-gradient(ellipse at 50% -50% , #e0dede 0px, rgba(255, 255, 255, 0) 80%) repeat scroll 0 0 rgba(0, 0, 0, 0);background:-o-radial-gradient(ellipse at 50% -50% , #e0dede 0px, rgba(255, 255, 255, 0) 80%) repeat scroll 0 0 rgba(0, 0, 0, 0);margin-left: auto;margin-right: auto;margin-top:20px;margin-bottom:20px;\"><\/div>\n<h3>Informations sur le produit<\/h3>\n<p><strong>Combin\u00e9 d\u00e9ambulateur avec si\u00e8ge \/ fauteuil de transport, Navigator\u2122 de Hugo<sup>\u00ae<\/sup><\/strong><\/p>\n<p>Couleur : Bleu pacifique<br \/>\n<strong>Article no : 793-943<\/strong><\/p>\n<div class=\"fusion-sep-clear\"><\/div><div class=\"fusion-separator fusion-full-width-sep sep-shadow\" style=\"background:radial-gradient(ellipse at 50% -50% , #e0dede 0px, rgba(255, 255, 255, 0) 80%) repeat scroll 0 0 rgba(0, 0, 0, 0);background:-webkit-radial-gradient(ellipse at 50% -50% , #e0dede 0px, rgba(255, 255, 255, 0) 80%) repeat scroll 0 0 rgba(0, 0, 0, 0);background:-moz-radial-gradient(ellipse at 50% -50% , #e0dede 0px, rgba(255, 255, 255, 0) 80%) repeat scroll 0 0 rgba(0, 0, 0, 0);background:-o-radial-gradient(ellipse at 50% -50% , #e0dede 0px, rgba(255, 255, 255, 0) 80%) repeat scroll 0 0 rgba(0, 0, 0, 0);margin-left: auto;margin-right: auto;margin-top:20px;margin-bottom:20px;\"><\/div>\n<div id=\"attachment_968\" style=\"width: 679px\" class=\"wp-caption aligncenter\"><a href=\"http:\/\/www.hugoanywhere.ca\/fr\/wp-content\/uploads\/2015\/12\/793-943_lifestyle.jpg\"><img loading=\"lazy\" decoding=\"async\" aria-describedby=\"caption-attachment-968\" src=\"http:\/\/www.hugoanywhere.ca\/fr\/wp-content\/uploads\/2015\/12\/793-943_lifestyle-1024x1024.jpg\" alt=\"Navigator : 2 en 1, ambulateur et fauteuil de transport\" width=\"669\" height=\"669\" class=\"size-large wp-image-968\" srcset=\"http:\/\/www.hugoanywhere.ca\/fr\/wp-content\/uploads\/2015\/12\/793-943_lifestyle-66x66.jpg 66w, http:\/\/www.hugoanywhere.ca\/fr\/wp-content\/uploads\/2015\/12\/793-943_lifestyle-100x100.jpg 100w, http:\/\/www.hugoanywhere.ca\/fr\/wp-content\/uploads\/2015\/12\/793-943_lifestyle-150x150.jpg 150w, http:\/\/www.hugoanywhere.ca\/fr\/wp-content\/uploads\/2015\/12\/793-943_lifestyle-300x300.jpg 300w, http:\/\/www.hugoanywhere.ca\/fr\/wp-content\/uploads\/2015\/12\/793-943_lifestyle-500x500.jpg 500w, http:\/\/www.hugoanywhere.ca\/fr\/wp-content\/uploads\/2015\/12\/793-943_lifestyle-1024x1024.jpg 1024w, http:\/\/www.hugoanywhere.ca\/fr\/wp-content\/uploads\/2015\/12\/793-943_lifestyle.jpg 1200w\" sizes=\"(max-width: 669px) 100vw, 669px\" \/><\/a><p id=\"caption-attachment-968\" class=\"wp-caption-text\">Navigator : 2 en 1, ambulateur et fauteuil de transport<\/p><\/div>\n","protected":false},"excerpt":{"rendered":"<p>L&#039;ambulateur Hugo\u00ae Navigator\u2122 se convertit facilement en fauteuil de transport de telle sorte qu\u2019un \u00eatre cher peut vous aider \u00e0 revenir \u00e0 la maison en confort et en style.<\/p>\n","protected":false},"featured_media":965,"comment_status":"open","ping_status":"closed","template":"","meta":[],"product_cat":[67,73],"product_tag":[],"class_list":{"0":"post-964","1":"product","2":"type-product","3":"status-publish","4":"has-post-thumbnail","6":"product_cat-ambulateurs","7":"product_cat-fauteuils-de-transport","9":"first","10":"instock","11":"shipping-taxable","12":"product-type-simple"},"_links":{"self":[{"href":"http:\/\/www.hugoanywhere.ca\/fr\/wp-json\/wp\/v2\/product\/964"}],"collection":[{"href":"http:\/\/www.hugoanywhere.ca\/fr\/wp-json\/wp\/v2\/product"}],"about":[{"href":"http:\/\/www.hugoanywhere.ca\/fr\/wp-json\/wp\/v2\/types\/product"}],"replies":[{"embeddable":true,"href":"http:\/\/www.hugoanywhere.ca\/fr\/wp-json\/wp\/v2\/comments?post=964"}],"wp:featuredmedia":[{"embeddable":true,"href":"http:\/\/www.hugoanywhere.ca\/fr\/wp-json\/wp\/v2\/media\/965"}],"wp:attachment":[{"href":"http:\/\/www.hugoanywhere.ca\/fr\/wp-json\/wp\/v2\/media?parent=964"}],"wp:term":[{"taxonomy":"product_cat","embeddable":true,"href":"http:\/\/www.hugoanywhere.ca\/fr\/wp-json\/wp\/v2\/product_cat?post=964"},{"taxonomy":"product_tag","embeddable":true,"href":"http:\/\/www.hugoanywhere.ca\/fr\/wp-json\/wp\/v2\/product_tag?post=964"}],"curies":[{"name":"wp","href":"https:\/\/api.w.org\/{rel}","templated":true}]}}